{"id":9759,"date":"2025-04-14T04:27:17","date_gmt":"2025-04-14T01:27:17","guid":{"rendered":"https:\/\/gtmteknoloji.com\/b2b\/?post_type=product&#038;p=9759"},"modified":"2025-04-14T04:27:27","modified_gmt":"2025-04-14T01:27:27","slug":"qm8700-series-mellanox-quantum-hdr-200gb-s-infiniband-smart-switches","status":"publish","type":"product","link":"https:\/\/gtmteknoloji.com\/b2b\/magaza\/network\/infiniband-switches\/qm8700-series-mellanox-quantum-hdr-200gb-s-infiniband-smart-switches\/","title":{"rendered":"QM8700 Series &#8211; Mellanox Quantum\u2122 HDR 200Gb\/s InfiniBand Smart Switches"},"content":{"rendered":"<p>Mellanox, Ortak Tasar\u0131m \u00d6l\u00e7eklenebilir Hiyerar\u015fik Toplama ve Azaltma Protokol\u00fc (SHARP) \u2122 teknolojisi arac\u0131l\u0131\u011f\u0131yla a\u011f i\u00e7i bilgi i\u015flem sa\u011flayan d\u00fcnyan\u0131n en ak\u0131ll\u0131 anahtarlar\u0131n\u0131 sa\u011flar.\u00a0QM8700 serisi, 130ns&#8217;nin alt\u0131ndaki ba\u011flant\u0131 noktas\u0131ndan ba\u011flant\u0131 noktas\u0131na gecikme s\u00fcresiyle 16 TB \/ sn&#8217;ye varan engellemesiz bant geni\u015fli\u011fi ile piyasadaki en y\u00fcksek yap\u0131 performans\u0131na sahiptir.<\/p>\n<p>Y\u00fcksek performansl\u0131 depolama ve giderek daha karma\u015f\u0131k hesaplamalar kullanan uygulamalarla bir araya gelen daha h\u0131zl\u0131 sunucular, veri bant geni\u015fli\u011fi gereksinimlerinin yukar\u0131 do\u011fru gitmesine neden oluyor.\u00a0Sunucular yeni nesil i\u015flemcilerle da\u011f\u0131t\u0131ld\u0131k\u00e7a, Y\u00fcksek Performansl\u0131 Bilgi \u0130\u015flem (HPC) ortamlar\u0131 ve Kurumsal Veri Merkezleri (EDC), Mellanox&#8217;un yeni nesil HDR InfiniBand y\u00fcksek h\u0131zl\u0131 ak\u0131ll\u0131 anahtarlar\u0131 ile sa\u011flanan son bant geni\u015fli\u011finin her bir bitine ihtiya\u00e7 duyacakt\u0131r.<\/p>\n<p>Mellanox&#8217;un Quantum InfiniBand anahtar cihaz\u0131yla olu\u015fturulan QM8700 serisi, ba\u011flant\u0131 noktas\u0131 ba\u015f\u0131na k\u0131rk 200 Gb \/ sn&#8217;ye kadar tam \u00e7ift y\u00f6nl\u00fc bant geni\u015fli\u011fi sa\u011flar.\u00a0QM8700, Ortak Tasar\u0131m \u00d6l\u00e7eklenebilir Hiyerar\u015fik Toplama ve Azaltma Protokol\u00fc (SHARP) teknolojisi arac\u0131l\u0131\u011f\u0131yla a\u011f i\u00e7i bilgi i\u015flem sa\u011flamak i\u00e7in tasarlanm\u0131\u015f d\u00fcnyan\u0131n en ak\u0131ll\u0131 a\u011f anahtar\u0131d\u0131r.\u00a0Ortak Tasar\u0131m mimarisi, t\u00fcm aktif veri merkezi cihazlar\u0131n\u0131n, g\u00f6m\u00fcl\u00fc donan\u0131m\u0131 kullanarak ileti\u015fim \u00e7er\u00e7evelerini h\u0131zland\u0131rmak i\u00e7in kullan\u0131lmas\u0131n\u0131 sa\u011flar ve bu da, b\u00fcy\u00fckl\u00fck s\u0131ras\u0131na g\u00f6re uygulama performans iyile\u015ftirmeleri sa\u011flar.<\/p>\n<h2>Ana \u00d6zellikler<\/h2>\n<ul class=\"bullet_list\">\n<li>Verim\n<div>\u2022 1U anahtarda 40 X HDR 200 Gb \/ sn ba\u011flant\u0131 noktas\u0131<br \/>\n\u2022\u00a01U anahtar i\u00e7inde\u00a080 X HDR100 100 Gb \/ sn ba\u011flant\u0131 noktas\u0131<br \/>\n\u2022 16 TB \/ sn toplu anahtar i\u015fleme h\u0131z\u0131<br \/>\n\u2022 Saniyede 15,8 milyar mesaja kadar<br \/>\n\u2022 130ns anahtar gecikmesi<\/div>\n<\/li>\n<li>Optimize Edilmi\u015f Tasar\u0131m\n<div>\u2022 1 + 1 yedekli ve \u00e7al\u0131\u015f\u0131rken de\u011fi\u015ftirilebilir g\u00fc\u00e7<br \/>\n\u2022 80 alt\u0131n + ve Energy Star sertifikal\u0131 g\u00fc\u00e7 kaynaklar\u0131<br \/>\n\u2022 \u00c7ift \u00e7ekirdekli x86 CPU<\/div>\n<\/li>\n<li>Geli\u015fmi\u015f Tasar\u0131m\n<div>\u2022 SHIELD \u2122 &#8211; Yap\u0131y\u0131 kendi kendini onaran otonomiye uygun hale getirir<br \/>\n\u2022 SHARP \u2122 &#8211; Toplu i\u015flemlerin CPU&#8217;dan anahtar a\u011f\u0131na aktar\u0131lmas\u0131n\u0131 sa\u011flar<br \/>\n\u2022 Uyarlanabilir Y\u00f6nlendirme<br \/>\n\u2022 InfiniBand Router *<br \/>\n\u2022 Toplu aktar\u0131mlar (Mellanox SHARP teknolojisi)<br \/>\n\u2022 VL e\u015fleme (VL2VL)<\/div>\n<\/li>\n<\/ul>\n<h2>Faydalar\u0131<\/h2>\n<ul class=\"bullet_list\">\n<li>Performans, g\u00fc\u00e7 ve yo\u011funlukta sekt\u00f6r lideri anahtar platformu<\/li>\n<li>Toplu ileti\u015fim h\u0131zland\u0131rma<\/li>\n<li>H\u0131zl\u0131 ve kolay kurulum ve y\u00f6netim<\/li>\n<li>Kuma\u015f t\u0131kan\u0131kl\u0131klar\u0131n\u0131 ortadan kald\u0131rarak performans\u0131 en \u00fcst d\u00fczeye \u00e7\u0131kar\u0131r<\/li>\n<li>\u00d6nceki h\u0131zlarla geriye d\u00f6n\u00fck uyumlu<\/li>\n<\/ul>\n","protected":false},"excerpt":{"rendered":"<div id=\"home\" class=\"row main-row inner-space-mobile\">\n<div class=\"col-sm-12 col-centered main-section\">\n<div class=\"inner-container no-border overview-section\">\n<div id=\"home\" class=\"col-sm-12\">\n<div id=\"home\" class=\"row main-row inner-space-mobile\">\n<div class=\"col-sm-12 col-centered main-section\">\n<div class=\"inner-container no-border overview-section\">\n<div id=\"home\" class=\"col-sm-12\">\n<div class=\"row show-grid\">\n<div class=\"col-sm-12\">\n<h1>\u00a0<a href=\"https:\/\/gtmteknoloji.com\/teklif-talep\/\">TEKL\u0130F AL<\/a><\/h1>\n<h5>QM8700 Series &#8211; Mellanox Quantum\u2122 HDR 200Gb\/s InfiniBand Smart Switches<\/h5>\n<h5><strong>40-port Non-blocking HDR 200Gb\/s InfiniBand Smart Switch<\/strong><\/h5>\n<\/div>\n<\/div>\n<\/div>\n<\/div>\n<\/div>\n<\/div>\n<\/div>\n<\/div>\n<\/div>\n<\/div>\n","protected":false},"featured_media":6403,"template":"","meta":[],"product_brand":[342],"product_cat":[2464,2366],"product_tag":[2465,2466,2467,2468],"class_list":{"0":"post-9759","1":"product","2":"type-product","3":"status-publish","4":"has-post-thumbnail","6":"product_brand-nvidia-npn-partner-gtmteknoloji","7":"product_cat-infiniband-switches","8":"product_cat-network","9":"product_tag-infiniband-smart-switches","10":"product_tag-mellanox-quantum","11":"product_tag-qm8700-series","12":"product_tag-qm8700-series-mellanox-quantum-hdr-200gb-s-infiniband-smart-switches","14":"first","15":"instock","16":"taxable","17":"shipping-taxable","18":"product-type-external"},"yoast_head":"<!-- This site is optimized with the Yoast SEO Premium plugin v27.4 (Yoast SEO v27.4) - https:\/\/yoast.com\/product\/yoast-seo-premium-wordpress\/ -->\n<title>QM8700 Series - Mellanox Quantum\u2122 HDR 200Gb\/s InfiniBand Smart Switches - GTM Teknoloji<\/title>\n<meta name=\"robots\" content=\"index, follow, max-snippet:-1, max-image-preview:large, max-video-preview:-1\" \/>\n<link rel=\"canonical\" href=\"https:\/\/gtmteknoloji.com\/b2b\/magaza\/network\/infiniband-switches\/qm8700-series-mellanox-quantum-hdr-200gb-s-infiniband-smart-switches\/\" \/>\n<meta property=\"og:locale\" content=\"tr_TR\" \/>\n<meta property=\"og:type\" content=\"article\" \/>\n<meta property=\"og:title\" content=\"QM8700 Series - Mellanox Quantum\u2122 HDR 200Gb\/s InfiniBand Smart Switches\" \/>\n<meta property=\"og:description\" content=\"\u00a0TEKL\u0130F AL QM8700 Series - Mellanox Quantum\u2122 HDR 200Gb\/s InfiniBand Smart Switches 40-port Non-blocking HDR 200Gb\/s InfiniBand Smart Switch\" \/>\n<meta property=\"og:url\" content=\"https:\/\/gtmteknoloji.com\/b2b\/magaza\/network\/infiniband-switches\/qm8700-series-mellanox-quantum-hdr-200gb-s-infiniband-smart-switches\/\" \/>\n<meta property=\"og:site_name\" content=\"GTM Teknoloji\" \/>\n<meta property=\"article:publisher\" content=\"https:\/\/www.facebook.com\/SupermicroTurkiye\/?locale=tr_TR\" \/>\n<meta property=\"article:modified_time\" content=\"2025-04-14T01:27:27+00:00\" \/>\n<meta property=\"og:image\" content=\"https:\/\/gtmteknoloji.com\/b2b\/wp-content\/uploads\/2021\/01\/gfx_03462.jpg\" \/>\n\t<meta property=\"og:image:width\" content=\"1209\" \/>\n\t<meta property=\"og:image:height\" content=\"130\" \/>\n\t<meta property=\"og:image:type\" content=\"image\/jpeg\" \/>\n<meta name=\"twitter:card\" content=\"summary_large_image\" \/>\n<meta name=\"twitter:site\" content=\"@gtmteknoloji\" \/>\n<meta name=\"twitter:label1\" content=\"Fiyat\" \/>\n\t<meta name=\"twitter:data1\" content=\"\" \/>\n\t<meta name=\"twitter:label2\" content=\"Durumu\" \/>\n\t<meta name=\"twitter:data2\" content=\"Stokta var\" \/>\n<script type=\"application\/ld+json\" class=\"yoast-schema-graph\">{\"@context\":\"https:\\\/\\\/schema.org\",\"@graph\":[{\"@type\":\"WebPage\",\"@id\":\"https:\\\/\\\/gtmteknoloji.com\\\/b2b\\\/magaza\\\/network\\\/infiniband-switches\\\/qm8700-series-mellanox-quantum-hdr-200gb-s-infiniband-smart-switches\\\/\",\"url\":\"https:\\\/\\\/gtmteknoloji.com\\\/b2b\\\/magaza\\\/network\\\/infiniband-switches\\\/qm8700-series-mellanox-quantum-hdr-200gb-s-infiniband-smart-switches\\\/\",\"name\":\"QM8700 Series - Mellanox Quantum\u2122 HDR 200Gb\\\/s InfiniBand Smart Switches - GTM Teknoloji\",\"isPartOf\":{\"@id\":\"https:\\\/\\\/gtmteknoloji.com\\\/b2b\\\/#website\"},\"primaryImageOfPage\":{\"@id\":\"https:\\\/\\\/gtmteknoloji.com\\\/b2b\\\/magaza\\\/network\\\/infiniband-switches\\\/qm8700-series-mellanox-quantum-hdr-200gb-s-infiniband-smart-switches\\\/#primaryimage\"},\"image\":{\"@id\":\"https:\\\/\\\/gtmteknoloji.com\\\/b2b\\\/magaza\\\/network\\\/infiniband-switches\\\/qm8700-series-mellanox-quantum-hdr-200gb-s-infiniband-smart-switches\\\/#primaryimage\"},\"thumbnailUrl\":\"https:\\\/\\\/gtmteknoloji.com\\\/b2b\\\/wp-content\\\/uploads\\\/2021\\\/01\\\/gfx_03462.jpg\",\"datePublished\":\"2025-04-14T01:27:17+00:00\",\"dateModified\":\"2025-04-14T01:27:27+00:00\",\"breadcrumb\":{\"@id\":\"https:\\\/\\\/gtmteknoloji.com\\\/b2b\\\/magaza\\\/network\\\/infiniband-switches\\\/qm8700-series-mellanox-quantum-hdr-200gb-s-infiniband-smart-switches\\\/#breadcrumb\"},\"inLanguage\":\"tr\",\"potentialAction\":[{\"@type\":\"ReadAction\",\"target\":[\"https:\\\/\\\/gtmteknoloji.com\\\/b2b\\\/magaza\\\/network\\\/infiniband-switches\\\/qm8700-series-mellanox-quantum-hdr-200gb-s-infiniband-smart-switches\\\/\"]}]},{\"@type\":\"ImageObject\",\"inLanguage\":\"tr\",\"@id\":\"https:\\\/\\\/gtmteknoloji.com\\\/b2b\\\/magaza\\\/network\\\/infiniband-switches\\\/qm8700-series-mellanox-quantum-hdr-200gb-s-infiniband-smart-switches\\\/#primaryimage\",\"url\":\"https:\\\/\\\/gtmteknoloji.com\\\/b2b\\\/wp-content\\\/uploads\\\/2021\\\/01\\\/gfx_03462.jpg\",\"contentUrl\":\"https:\\\/\\\/gtmteknoloji.com\\\/b2b\\\/wp-content\\\/uploads\\\/2021\\\/01\\\/gfx_03462.jpg\",\"width\":1209,\"height\":130},{\"@type\":\"BreadcrumbList\",\"@id\":\"https:\\\/\\\/gtmteknoloji.com\\\/b2b\\\/magaza\\\/network\\\/infiniband-switches\\\/qm8700-series-mellanox-quantum-hdr-200gb-s-infiniband-smart-switches\\\/#breadcrumb\",\"itemListElement\":[{\"@type\":\"ListItem\",\"position\":1,\"name\":\"Home\",\"item\":\"https:\\\/\\\/gtmteknoloji.com\\\/b2b\\\/\"},{\"@type\":\"ListItem\",\"position\":2,\"name\":\"Ma\u011faza\",\"item\":\"https:\\\/\\\/gtmteknoloji.com\\\/b2b\\\/magaza\\\/\"},{\"@type\":\"ListItem\",\"position\":3,\"name\":\"QM8700 Series &#8211; Mellanox Quantum\u2122 HDR 200Gb\\\/s InfiniBand Smart Switches\"}]},{\"@type\":\"WebSite\",\"@id\":\"https:\\\/\\\/gtmteknoloji.com\\\/b2b\\\/#website\",\"url\":\"https:\\\/\\\/gtmteknoloji.com\\\/b2b\\\/\",\"name\":\"GTM Teknoloji\",\"description\":\"B2B Sat\u0131\u015f Portal\u0131\",\"publisher\":{\"@id\":\"https:\\\/\\\/gtmteknoloji.com\\\/b2b\\\/#organization\"},\"potentialAction\":[{\"@type\":\"SearchAction\",\"target\":{\"@type\":\"EntryPoint\",\"urlTemplate\":\"https:\\\/\\\/gtmteknoloji.com\\\/b2b\\\/?s={search_term_string}\"},\"query-input\":{\"@type\":\"PropertyValueSpecification\",\"valueRequired\":true,\"valueName\":\"search_term_string\"}}],\"inLanguage\":\"tr\"},{\"@type\":\"Organization\",\"@id\":\"https:\\\/\\\/gtmteknoloji.com\\\/b2b\\\/#organization\",\"name\":\"GTM Teknoloji\",\"url\":\"https:\\\/\\\/gtmteknoloji.com\\\/b2b\\\/\",\"logo\":{\"@type\":\"ImageObject\",\"inLanguage\":\"tr\",\"@id\":\"https:\\\/\\\/gtmteknoloji.com\\\/b2b\\\/#\\\/schema\\\/logo\\\/image\\\/\",\"url\":\"https:\\\/\\\/gtmteknoloji.com\\\/b2b\\\/wp-content\\\/uploads\\\/2020\\\/12\\\/GTM-logo.png\",\"contentUrl\":\"https:\\\/\\\/gtmteknoloji.com\\\/b2b\\\/wp-content\\\/uploads\\\/2020\\\/12\\\/GTM-logo.png\",\"width\":400,\"height\":400,\"caption\":\"GTM Teknoloji\"},\"image\":{\"@id\":\"https:\\\/\\\/gtmteknoloji.com\\\/b2b\\\/#\\\/schema\\\/logo\\\/image\\\/\"},\"sameAs\":[\"https:\\\/\\\/www.facebook.com\\\/SupermicroTurkiye\\\/?locale=tr_TR\",\"https:\\\/\\\/x.com\\\/gtmteknoloji\"]}]}<\/script>\n<meta property=\"product:brand\" content=\"Nvidia\" \/>\n<meta property=\"product:price:currency\" content=\"USD\" \/>\n<meta property=\"og:availability\" content=\"instock\" \/>\n<meta property=\"product:availability\" content=\"instock\" \/>\n<meta property=\"product:condition\" content=\"new\" \/>\n<!-- \/ Yoast SEO Premium plugin. -->","yoast_head_json":{"title":"QM8700 Series - Mellanox Quantum\u2122 HDR 200Gb\/s InfiniBand Smart Switches - GTM Teknoloji","robots":{"index":"index","follow":"follow","max-snippet":"max-snippet:-1","max-image-preview":"max-image-preview:large","max-video-preview":"max-video-preview:-1"},"canonical":"https:\/\/gtmteknoloji.com\/b2b\/magaza\/network\/infiniband-switches\/qm8700-series-mellanox-quantum-hdr-200gb-s-infiniband-smart-switches\/","og_locale":"tr_TR","og_type":"article","og_title":"QM8700 Series - Mellanox Quantum\u2122 HDR 200Gb\/s InfiniBand Smart Switches","og_description":"\u00a0TEKL\u0130F AL QM8700 Series - Mellanox Quantum\u2122 HDR 200Gb\/s InfiniBand Smart Switches 40-port Non-blocking HDR 200Gb\/s InfiniBand Smart Switch","og_url":"https:\/\/gtmteknoloji.com\/b2b\/magaza\/network\/infiniband-switches\/qm8700-series-mellanox-quantum-hdr-200gb-s-infiniband-smart-switches\/","og_site_name":"GTM Teknoloji","article_publisher":"https:\/\/www.facebook.com\/SupermicroTurkiye\/?locale=tr_TR","article_modified_time":"2025-04-14T01:27:27+00:00","og_image":[{"width":1209,"height":130,"url":"https:\/\/gtmteknoloji.com\/b2b\/wp-content\/uploads\/2021\/01\/gfx_03462.jpg","type":"image\/jpeg"}],"twitter_card":"summary_large_image","twitter_site":"@gtmteknoloji","twitter_misc":{"Fiyat":"","Durumu":"Stokta var"},"schema":{"@context":"https:\/\/schema.org","@graph":[{"@type":"WebPage","@id":"https:\/\/gtmteknoloji.com\/b2b\/magaza\/network\/infiniband-switches\/qm8700-series-mellanox-quantum-hdr-200gb-s-infiniband-smart-switches\/","url":"https:\/\/gtmteknoloji.com\/b2b\/magaza\/network\/infiniband-switches\/qm8700-series-mellanox-quantum-hdr-200gb-s-infiniband-smart-switches\/","name":"QM8700 Series - Mellanox Quantum\u2122 HDR 200Gb\/s InfiniBand Smart Switches - GTM Teknoloji","isPartOf":{"@id":"https:\/\/gtmteknoloji.com\/b2b\/#website"},"primaryImageOfPage":{"@id":"https:\/\/gtmteknoloji.com\/b2b\/magaza\/network\/infiniband-switches\/qm8700-series-mellanox-quantum-hdr-200gb-s-infiniband-smart-switches\/#primaryimage"},"image":{"@id":"https:\/\/gtmteknoloji.com\/b2b\/magaza\/network\/infiniband-switches\/qm8700-series-mellanox-quantum-hdr-200gb-s-infiniband-smart-switches\/#primaryimage"},"thumbnailUrl":"https:\/\/gtmteknoloji.com\/b2b\/wp-content\/uploads\/2021\/01\/gfx_03462.jpg","datePublished":"2025-04-14T01:27:17+00:00","dateModified":"2025-04-14T01:27:27+00:00","breadcrumb":{"@id":"https:\/\/gtmteknoloji.com\/b2b\/magaza\/network\/infiniband-switches\/qm8700-series-mellanox-quantum-hdr-200gb-s-infiniband-smart-switches\/#breadcrumb"},"inLanguage":"tr","potentialAction":[{"@type":"ReadAction","target":["https:\/\/gtmteknoloji.com\/b2b\/magaza\/network\/infiniband-switches\/qm8700-series-mellanox-quantum-hdr-200gb-s-infiniband-smart-switches\/"]}]},{"@type":"ImageObject","inLanguage":"tr","@id":"https:\/\/gtmteknoloji.com\/b2b\/magaza\/network\/infiniband-switches\/qm8700-series-mellanox-quantum-hdr-200gb-s-infiniband-smart-switches\/#primaryimage","url":"https:\/\/gtmteknoloji.com\/b2b\/wp-content\/uploads\/2021\/01\/gfx_03462.jpg","contentUrl":"https:\/\/gtmteknoloji.com\/b2b\/wp-content\/uploads\/2021\/01\/gfx_03462.jpg","width":1209,"height":130},{"@type":"BreadcrumbList","@id":"https:\/\/gtmteknoloji.com\/b2b\/magaza\/network\/infiniband-switches\/qm8700-series-mellanox-quantum-hdr-200gb-s-infiniband-smart-switches\/#breadcrumb","itemListElement":[{"@type":"ListItem","position":1,"name":"Home","item":"https:\/\/gtmteknoloji.com\/b2b\/"},{"@type":"ListItem","position":2,"name":"Ma\u011faza","item":"https:\/\/gtmteknoloji.com\/b2b\/magaza\/"},{"@type":"ListItem","position":3,"name":"QM8700 Series &#8211; Mellanox Quantum\u2122 HDR 200Gb\/s InfiniBand Smart Switches"}]},{"@type":"WebSite","@id":"https:\/\/gtmteknoloji.com\/b2b\/#website","url":"https:\/\/gtmteknoloji.com\/b2b\/","name":"GTM Teknoloji","description":"B2B Sat\u0131\u015f Portal\u0131","publisher":{"@id":"https:\/\/gtmteknoloji.com\/b2b\/#organization"},"potentialAction":[{"@type":"SearchAction","target":{"@type":"EntryPoint","urlTemplate":"https:\/\/gtmteknoloji.com\/b2b\/?s={search_term_string}"},"query-input":{"@type":"PropertyValueSpecification","valueRequired":true,"valueName":"search_term_string"}}],"inLanguage":"tr"},{"@type":"Organization","@id":"https:\/\/gtmteknoloji.com\/b2b\/#organization","name":"GTM Teknoloji","url":"https:\/\/gtmteknoloji.com\/b2b\/","logo":{"@type":"ImageObject","inLanguage":"tr","@id":"https:\/\/gtmteknoloji.com\/b2b\/#\/schema\/logo\/image\/","url":"https:\/\/gtmteknoloji.com\/b2b\/wp-content\/uploads\/2020\/12\/GTM-logo.png","contentUrl":"https:\/\/gtmteknoloji.com\/b2b\/wp-content\/uploads\/2020\/12\/GTM-logo.png","width":400,"height":400,"caption":"GTM Teknoloji"},"image":{"@id":"https:\/\/gtmteknoloji.com\/b2b\/#\/schema\/logo\/image\/"},"sameAs":["https:\/\/www.facebook.com\/SupermicroTurkiye\/?locale=tr_TR","https:\/\/x.com\/gtmteknoloji"]}]},"product_brand":"Nvidia","product_price_currency":"USD","og_availability":"instock","product_availability":"instock","product_condition":"new"},"_links":{"self":[{"href":"https:\/\/gtmteknoloji.com\/b2b\/wp-json\/wp\/v2\/product\/9759","targetHints":{"allow":["GET"]}}],"collection":[{"href":"https:\/\/gtmteknoloji.com\/b2b\/wp-json\/wp\/v2\/product"}],"about":[{"href":"https:\/\/gtmteknoloji.com\/b2b\/wp-json\/wp\/v2\/types\/product"}],"version-history":[{"count":1,"href":"https:\/\/gtmteknoloji.com\/b2b\/wp-json\/wp\/v2\/product\/9759\/revisions"}],"predecessor-version":[{"id":9789,"href":"https:\/\/gtmteknoloji.com\/b2b\/wp-json\/wp\/v2\/product\/9759\/revisions\/9789"}],"wp:featuredmedia":[{"embeddable":true,"href":"https:\/\/gtmteknoloji.com\/b2b\/wp-json\/wp\/v2\/media\/6403"}],"wp:attachment":[{"href":"https:\/\/gtmteknoloji.com\/b2b\/wp-json\/wp\/v2\/media?parent=9759"}],"wp:term":[{"taxonomy":"product_brand","embeddable":true,"href":"https:\/\/gtmteknoloji.com\/b2b\/wp-json\/wp\/v2\/product_brand?post=9759"},{"taxonomy":"product_cat","embeddable":true,"href":"https:\/\/gtmteknoloji.com\/b2b\/wp-json\/wp\/v2\/product_cat?post=9759"},{"taxonomy":"product_tag","embeddable":true,"href":"https:\/\/gtmteknoloji.com\/b2b\/wp-json\/wp\/v2\/product_tag?post=9759"}],"curies":[{"name":"wp","href":"https:\/\/api.w.org\/{rel}","templated":true}]}}