{"id":9764,"date":"2025-04-14T04:27:18","date_gmt":"2025-04-14T01:27:18","guid":{"rendered":"https:\/\/gtmteknoloji.com\/b2b\/?post_type=product&#038;p=9764"},"modified":"2025-04-14T04:27:29","modified_gmt":"2025-04-14T01:27:29","slug":"linkx-infiniband-direct-attach-copper-cables","status":"publish","type":"product","link":"https:\/\/gtmteknoloji.com\/b2b\/magaza\/network\/infiniband-cables-and-transceivers\/linkx-infiniband-direct-attach-copper-cables\/","title":{"rendered":"LinkX\u00ae InfiniBand Direct Attach Copper Cables"},"content":{"rendered":"<p>DAC kablolar\u0131, 100G ba\u011flant\u0131lar\u0131 olu\u015fturman\u0131n en d\u00fc\u015f\u00fck maliyetli yoludur.\u00a0DAC&#8217;ler, pasif olmalar\u0131, s\u0131f\u0131r g\u00fc\u00e7 t\u00fcketmeleri ve en d\u00fc\u015f\u00fck gecikmeye sahip olmalar\u0131 nedeniyle sunucular\u0131 bellek ve depolama alt sistemlerine ba\u011flamak i\u00e7in yayg\u0131n olarak kullan\u0131l\u0131r.\u00a0Mellanox, SFP ve QSFP form fakt\u00f6rlerinde ve QDR (40G), FDR10 (40G), FDR (56G), EDR (100G) ve HDR (200G) veri h\u0131zlar\u0131nda 0,5 ila 7 metre eri\u015fim i\u00e7in geni\u015f bir \u00fcr\u00fcn yelpazesi sunar.<\/p>\n<p>IBTA standartlar\u0131n\u0131 kar\u015f\u0131laman\u0131n yan\u0131 s\u0131ra, LinkX sertifikal\u0131 kablolar, optimum sinyal b\u00fct\u00fcnl\u00fc\u011f\u00fcn\u00fc ve en iyi u\u00e7tan uca performans\u0131 sa\u011flamak i\u00e7in ger\u00e7ek Mellanox sistemlerinde% 100 test edilir.\u00a0Mellanox DAC kablolar\u0131, en kat\u0131 gereksinimlere sahip s\u00fcper bilgisayarlarda kullan\u0131lmak \u00fczere tasarlanm\u0131\u015ft\u0131r.\u00a0T\u00fcm Mellanox kablolar\u0131, di\u011ferlerinin \u00e7o\u011fundan 1000 kat daha az hata olan BER 1E-15&#8217;e g\u00f6re test edilmi\u015ftir.\u00a0Mellanox pasif bak\u0131r kablolar sorunsuz kurulum, uzun vadeli g\u00fcvenilir \u00e7al\u0131\u015fma sunar ve 3. taraf anahtarlar ve adapt\u00f6rlerle \u00e7al\u0131\u015f\u0131r.<\/p>\n<table id=\"hor-minimalist-b\">\n<thead>\n<tr>\n<th colspan=\"7\">LinkX\u00ae InfiniBand Direct Attach Copper (DAC) Kablolar<\/th>\n<\/tr>\n<tr>\n<th>InfiniBand<\/th>\n<th>H\u0131z<\/th>\n<th>Form fakt\u00f6r\u00fc<\/th>\n<th>\u00dcr\u00fcn \u00f6zeti<\/th>\n<th>\u00d6zel \u00d6zellikler<\/th>\n<th>Par\u00e7a Numaras\u0131<\/th>\n<th>Uzunluk (Metre)<\/th>\n<\/tr>\n<\/thead>\n<tbody>\n<tr>\n<td>HDR<\/td>\n<td>200 Gb \/ sn<\/td>\n<td>QSFP56<\/td>\n<td><a href=\"https:\/\/gtmteknoloji.com\/b2b\/wp-content\/uploads\/2021\/01\/PB_MCP1650-H0xxEyy_200Gbps_QSFP56_DAC1.pdf\" target=\"_blank\" rel=\"noopener noreferrer\"><img decoding=\"async\" class=\"alignnone\" src=\"https:\/\/www.mellanox.com\/sites\/default\/files\/products\/interconnect\/img\/common\/pdf.png\" alt=\"\" width=\"20\" height=\"20\" \/><\/a><\/td>\n<td>LSZH<\/td>\n<td>MCP1650-H<\/td>\n<td>\u00bd, 1, 1.5, 2<\/td>\n<\/tr>\n<tr>\n<td>EDR<\/td>\n<td>100 Gb \/ sn<\/td>\n<td>QSFP28<\/td>\n<td><a href=\"https:\/\/gtmteknoloji.com\/b2b\/wp-content\/uploads\/2021\/01\/PB_MCP1600-E0xxEyy_100Gbps_QSFP28_DAC2.pdf\" target=\"_blank\" rel=\"noopener noreferrer\"><img decoding=\"async\" class=\"alignnone\" src=\"https:\/\/www.mellanox.com\/sites\/default\/files\/products\/interconnect\/img\/common\/pdf.png\" alt=\"\" width=\"20\" height=\"20\" \/><\/a><\/td>\n<td>LSZH<\/td>\n<td>MCP1600-E<\/td>\n<td>\u00bd, 1, 1.5, 2,<br \/>\n2.5, 3, 4, 5<\/td>\n<\/tr>\n<tr>\n<td rowspan=\"3\">FDR<\/td>\n<td rowspan=\"3\">56 Gb \/ sn<\/td>\n<td rowspan=\"3\">QSFP +<\/td>\n<td rowspan=\"3\"><a href=\"https:\/\/gtmteknoloji.com\/b2b\/wp-content\/uploads\/2021\/01\/PB_MC22061xx-00x_MC22071xx-0xx_MC22101xx-00x_MCP170L-F0xx_MCP1700-B0xxx_56Gbps_QSFP_DAC3.pdf\" target=\"_blank\" rel=\"noopener noreferrer\"><img decoding=\"async\" class=\"alignnone\" src=\"https:\/\/www.mellanox.com\/sites\/default\/files\/products\/interconnect\/img\/common\/pdf.png\" alt=\"\" width=\"20\" height=\"20\" \/><\/a><\/td>\n<td>VPI, PVC<\/td>\n<td>MC2207130<\/td>\n<td>\u00bd, 1, 1.5, 2<\/td>\n<\/tr>\n<tr>\n<td>VPI, PVC<\/td>\n<td>MC2207128<\/td>\n<td>2,5, 3<\/td>\n<\/tr>\n<tr>\n<td>VPI, PVC<\/td>\n<td>MC2207126<\/td>\n<td>4<\/td>\n<\/tr>\n<tr>\n<td rowspan=\"2\">FDR10 QDR<\/td>\n<td rowspan=\"2\">40 Gb \/ sn<\/td>\n<td rowspan=\"2\">QSFP +<\/td>\n<td rowspan=\"2\"><a href=\"https:\/\/gtmteknoloji.com\/b2b\/wp-content\/uploads\/2021\/01\/PB_MC22061xx-00x_MC22071xx-0xx_MC22101xx-00x_MCP170L-F0xx_MCP1700-B0xxx_56Gbps_QSFP_DAC4.pdf\" target=\"_blank\" rel=\"noopener noreferrer\"><img decoding=\"async\" class=\"alignnone\" src=\"https:\/\/www.mellanox.com\/sites\/default\/files\/products\/interconnect\/img\/common\/pdf.png\" alt=\"\" width=\"20\" height=\"20\" \/><\/a><\/td>\n<td>PVC<\/td>\n<td>MC2206130<\/td>\n<td>\u00bd, 1, 2, 3<\/td>\n<\/tr>\n<tr>\n<td>PVC<\/td>\n<td>MC2206128<\/td>\n<td>4, 5<\/td>\n<\/tr>\n<tr>\n<td rowspan=\"2\">QDR<\/td>\n<td rowspan=\"2\">40 Gb \/ sn<\/td>\n<td rowspan=\"2\">QSFP +<\/td>\n<td rowspan=\"2\"><a href=\"https:\/\/gtmteknoloji.com\/b2b\/wp-content\/uploads\/2021\/01\/PB_MC22061xx-00x_MC22071xx-0xx_MC22101xx-00x_MCP170L-F0xx_MCP1700-B0xxx_56Gbps_QSFP_DAC5.pdf\" target=\"_blank\" rel=\"noopener noreferrer\"><img decoding=\"async\" class=\"alignnone\" src=\"https:\/\/www.mellanox.com\/sites\/default\/files\/products\/interconnect\/img\/common\/pdf.png\" alt=\"\" width=\"20\" height=\"20\" \/><\/a><\/td>\n<td rowspan=\"2\">PVC<\/td>\n<td>MC2206126<\/td>\n<td>6, 7<\/td>\n<\/tr>\n<tr>\n<td>MC2206125<\/td>\n<td>7<\/td>\n<\/tr>\n<tr class=\"tbl-empty\">\n<td class=\"tbl_disclaimer\" colspan=\"5\">LSZH: D\u00fc\u015f\u00fck Duman, S\u0131f\u0131r Halojen k\u0131l\u0131f PVC: Polivinil Klor\u00fcr k\u0131l\u0131f<br \/>\nVPI: u\u00e7tan uca Mellanox uygulamalar\u0131nda hem InfiniBand hem de Ethernet i\u00e7in \u00e7al\u0131\u015f\u0131r<\/td>\n<td class=\"tbl_disclaimer\" colspan=\"2\">Ayr\u0131nt\u0131l\u0131 \u00fcr\u00fcn kodlar\u0131 ve teknik \u00f6zellikler i\u00e7in \u00dcr\u00fcn \u00d6zetlerine bak\u0131n<\/td>\n<\/tr>\n<\/tbody>\n<\/table>\n","protected":false},"excerpt":{"rendered":"<h1><a href=\"https:\/\/gtmteknoloji.com\/teklif-talep\/\">TEKL\u0130F AL<\/a><\/h1>\n<h5 class=\"page-headline\">InfiniBand Cables and Transceivers<\/h5>\n","protected":false},"featured_media":6421,"template":"","meta":[],"product_brand":[342],"product_cat":[2479,2366],"product_tag":[2480,2481,2482],"class_list":{"0":"post-9764","1":"product","2":"type-product","3":"status-publish","4":"has-post-thumbnail","6":"product_brand-nvidia-npn-partner-gtmteknoloji","7":"product_cat-infiniband-cables-and-transceivers","8":"product_cat-network","9":"product_tag-direct-attach-copper-cables","10":"product_tag-infiniband-cables-and-transceivers","11":"product_tag-linkx-infiniband-direct-attach-copper-cables","13":"first","14":"instock","15":"taxable","16":"shipping-taxable","17":"product-type-external"},"yoast_head":"<!-- This site is optimized with the Yoast SEO Premium plugin v27.4 (Yoast SEO v27.4) - https:\/\/yoast.com\/product\/yoast-seo-premium-wordpress\/ -->\n<title>LinkX\u00ae InfiniBand Direct Attach Copper Cables - GTM Teknoloji<\/title>\n<meta name=\"robots\" content=\"index, follow, max-snippet:-1, max-image-preview:large, max-video-preview:-1\" \/>\n<link rel=\"canonical\" href=\"https:\/\/gtmteknoloji.com\/b2b\/magaza\/network\/infiniband-cables-and-transceivers\/linkx-infiniband-direct-attach-copper-cables\/\" \/>\n<meta property=\"og:locale\" content=\"tr_TR\" \/>\n<meta property=\"og:type\" content=\"article\" \/>\n<meta property=\"og:title\" content=\"LinkX\u00ae InfiniBand Direct Attach Copper Cables\" \/>\n<meta property=\"og:description\" content=\"TEKL\u0130F AL InfiniBand Cables and Transceivers\" \/>\n<meta property=\"og:url\" content=\"https:\/\/gtmteknoloji.com\/b2b\/magaza\/network\/infiniband-cables-and-transceivers\/linkx-infiniband-direct-attach-copper-cables\/\" \/>\n<meta property=\"og:site_name\" content=\"GTM Teknoloji\" \/>\n<meta property=\"article:publisher\" content=\"https:\/\/www.facebook.com\/SupermicroTurkiye\/?locale=tr_TR\" \/>\n<meta property=\"article:modified_time\" content=\"2025-04-14T01:27:29+00:00\" \/>\n<meta property=\"og:image\" content=\"https:\/\/gtmteknoloji.com\/b2b\/wp-content\/uploads\/2021\/01\/infiniband_cable_cooper-1.jpg\" \/>\n\t<meta property=\"og:image:width\" content=\"380\" \/>\n\t<meta property=\"og:image:height\" content=\"372\" \/>\n\t<meta property=\"og:image:type\" content=\"image\/jpeg\" \/>\n<meta name=\"twitter:card\" content=\"summary_large_image\" \/>\n<meta name=\"twitter:site\" content=\"@gtmteknoloji\" \/>\n<meta name=\"twitter:label1\" content=\"Fiyat\" \/>\n\t<meta name=\"twitter:data1\" content=\"\" \/>\n\t<meta name=\"twitter:label2\" content=\"Durumu\" \/>\n\t<meta name=\"twitter:data2\" content=\"Stokta var\" \/>\n<script type=\"application\/ld+json\" class=\"yoast-schema-graph\">{\"@context\":\"https:\\\/\\\/schema.org\",\"@graph\":[{\"@type\":\"WebPage\",\"@id\":\"https:\\\/\\\/gtmteknoloji.com\\\/b2b\\\/magaza\\\/network\\\/infiniband-cables-and-transceivers\\\/linkx-infiniband-direct-attach-copper-cables\\\/\",\"url\":\"https:\\\/\\\/gtmteknoloji.com\\\/b2b\\\/magaza\\\/network\\\/infiniband-cables-and-transceivers\\\/linkx-infiniband-direct-attach-copper-cables\\\/\",\"name\":\"LinkX\u00ae InfiniBand Direct Attach Copper Cables - GTM Teknoloji\",\"isPartOf\":{\"@id\":\"https:\\\/\\\/gtmteknoloji.com\\\/b2b\\\/#website\"},\"primaryImageOfPage\":{\"@id\":\"https:\\\/\\\/gtmteknoloji.com\\\/b2b\\\/magaza\\\/network\\\/infiniband-cables-and-transceivers\\\/linkx-infiniband-direct-attach-copper-cables\\\/#primaryimage\"},\"image\":{\"@id\":\"https:\\\/\\\/gtmteknoloji.com\\\/b2b\\\/magaza\\\/network\\\/infiniband-cables-and-transceivers\\\/linkx-infiniband-direct-attach-copper-cables\\\/#primaryimage\"},\"thumbnailUrl\":\"https:\\\/\\\/gtmteknoloji.com\\\/b2b\\\/wp-content\\\/uploads\\\/2021\\\/01\\\/infiniband_cable_cooper-1.jpg\",\"datePublished\":\"2025-04-14T01:27:18+00:00\",\"dateModified\":\"2025-04-14T01:27:29+00:00\",\"breadcrumb\":{\"@id\":\"https:\\\/\\\/gtmteknoloji.com\\\/b2b\\\/magaza\\\/network\\\/infiniband-cables-and-transceivers\\\/linkx-infiniband-direct-attach-copper-cables\\\/#breadcrumb\"},\"inLanguage\":\"tr\",\"potentialAction\":[{\"@type\":\"ReadAction\",\"target\":[\"https:\\\/\\\/gtmteknoloji.com\\\/b2b\\\/magaza\\\/network\\\/infiniband-cables-and-transceivers\\\/linkx-infiniband-direct-attach-copper-cables\\\/\"]}]},{\"@type\":\"ImageObject\",\"inLanguage\":\"tr\",\"@id\":\"https:\\\/\\\/gtmteknoloji.com\\\/b2b\\\/magaza\\\/network\\\/infiniband-cables-and-transceivers\\\/linkx-infiniband-direct-attach-copper-cables\\\/#primaryimage\",\"url\":\"https:\\\/\\\/gtmteknoloji.com\\\/b2b\\\/wp-content\\\/uploads\\\/2021\\\/01\\\/infiniband_cable_cooper-1.jpg\",\"contentUrl\":\"https:\\\/\\\/gtmteknoloji.com\\\/b2b\\\/wp-content\\\/uploads\\\/2021\\\/01\\\/infiniband_cable_cooper-1.jpg\",\"width\":380,\"height\":372},{\"@type\":\"BreadcrumbList\",\"@id\":\"https:\\\/\\\/gtmteknoloji.com\\\/b2b\\\/magaza\\\/network\\\/infiniband-cables-and-transceivers\\\/linkx-infiniband-direct-attach-copper-cables\\\/#breadcrumb\",\"itemListElement\":[{\"@type\":\"ListItem\",\"position\":1,\"name\":\"Home\",\"item\":\"https:\\\/\\\/gtmteknoloji.com\\\/b2b\\\/\"},{\"@type\":\"ListItem\",\"position\":2,\"name\":\"Ma\u011faza\",\"item\":\"https:\\\/\\\/gtmteknoloji.com\\\/b2b\\\/magaza\\\/\"},{\"@type\":\"ListItem\",\"position\":3,\"name\":\"LinkX\u00ae InfiniBand Direct Attach Copper Cables\"}]},{\"@type\":\"WebSite\",\"@id\":\"https:\\\/\\\/gtmteknoloji.com\\\/b2b\\\/#website\",\"url\":\"https:\\\/\\\/gtmteknoloji.com\\\/b2b\\\/\",\"name\":\"GTM Teknoloji\",\"description\":\"B2B Sat\u0131\u015f Portal\u0131\",\"publisher\":{\"@id\":\"https:\\\/\\\/gtmteknoloji.com\\\/b2b\\\/#organization\"},\"potentialAction\":[{\"@type\":\"SearchAction\",\"target\":{\"@type\":\"EntryPoint\",\"urlTemplate\":\"https:\\\/\\\/gtmteknoloji.com\\\/b2b\\\/?s={search_term_string}\"},\"query-input\":{\"@type\":\"PropertyValueSpecification\",\"valueRequired\":true,\"valueName\":\"search_term_string\"}}],\"inLanguage\":\"tr\"},{\"@type\":\"Organization\",\"@id\":\"https:\\\/\\\/gtmteknoloji.com\\\/b2b\\\/#organization\",\"name\":\"GTM Teknoloji\",\"url\":\"https:\\\/\\\/gtmteknoloji.com\\\/b2b\\\/\",\"logo\":{\"@type\":\"ImageObject\",\"inLanguage\":\"tr\",\"@id\":\"https:\\\/\\\/gtmteknoloji.com\\\/b2b\\\/#\\\/schema\\\/logo\\\/image\\\/\",\"url\":\"https:\\\/\\\/gtmteknoloji.com\\\/b2b\\\/wp-content\\\/uploads\\\/2020\\\/12\\\/GTM-logo.png\",\"contentUrl\":\"https:\\\/\\\/gtmteknoloji.com\\\/b2b\\\/wp-content\\\/uploads\\\/2020\\\/12\\\/GTM-logo.png\",\"width\":400,\"height\":400,\"caption\":\"GTM Teknoloji\"},\"image\":{\"@id\":\"https:\\\/\\\/gtmteknoloji.com\\\/b2b\\\/#\\\/schema\\\/logo\\\/image\\\/\"},\"sameAs\":[\"https:\\\/\\\/www.facebook.com\\\/SupermicroTurkiye\\\/?locale=tr_TR\",\"https:\\\/\\\/x.com\\\/gtmteknoloji\"]}]}<\/script>\n<meta property=\"product:brand\" content=\"Nvidia\" \/>\n<meta property=\"product:price:currency\" content=\"USD\" \/>\n<meta property=\"og:availability\" content=\"instock\" \/>\n<meta property=\"product:availability\" content=\"instock\" \/>\n<meta property=\"product:condition\" content=\"new\" \/>\n<!-- \/ Yoast SEO Premium plugin. -->","yoast_head_json":{"title":"LinkX\u00ae InfiniBand Direct Attach Copper Cables - GTM Teknoloji","robots":{"index":"index","follow":"follow","max-snippet":"max-snippet:-1","max-image-preview":"max-image-preview:large","max-video-preview":"max-video-preview:-1"},"canonical":"https:\/\/gtmteknoloji.com\/b2b\/magaza\/network\/infiniband-cables-and-transceivers\/linkx-infiniband-direct-attach-copper-cables\/","og_locale":"tr_TR","og_type":"article","og_title":"LinkX\u00ae InfiniBand Direct Attach Copper Cables","og_description":"TEKL\u0130F AL InfiniBand Cables and Transceivers","og_url":"https:\/\/gtmteknoloji.com\/b2b\/magaza\/network\/infiniband-cables-and-transceivers\/linkx-infiniband-direct-attach-copper-cables\/","og_site_name":"GTM Teknoloji","article_publisher":"https:\/\/www.facebook.com\/SupermicroTurkiye\/?locale=tr_TR","article_modified_time":"2025-04-14T01:27:29+00:00","og_image":[{"width":380,"height":372,"url":"https:\/\/gtmteknoloji.com\/b2b\/wp-content\/uploads\/2021\/01\/infiniband_cable_cooper-1.jpg","type":"image\/jpeg"}],"twitter_card":"summary_large_image","twitter_site":"@gtmteknoloji","twitter_misc":{"Fiyat":"","Durumu":"Stokta var"},"schema":{"@context":"https:\/\/schema.org","@graph":[{"@type":"WebPage","@id":"https:\/\/gtmteknoloji.com\/b2b\/magaza\/network\/infiniband-cables-and-transceivers\/linkx-infiniband-direct-attach-copper-cables\/","url":"https:\/\/gtmteknoloji.com\/b2b\/magaza\/network\/infiniband-cables-and-transceivers\/linkx-infiniband-direct-attach-copper-cables\/","name":"LinkX\u00ae InfiniBand Direct Attach Copper Cables - GTM Teknoloji","isPartOf":{"@id":"https:\/\/gtmteknoloji.com\/b2b\/#website"},"primaryImageOfPage":{"@id":"https:\/\/gtmteknoloji.com\/b2b\/magaza\/network\/infiniband-cables-and-transceivers\/linkx-infiniband-direct-attach-copper-cables\/#primaryimage"},"image":{"@id":"https:\/\/gtmteknoloji.com\/b2b\/magaza\/network\/infiniband-cables-and-transceivers\/linkx-infiniband-direct-attach-copper-cables\/#primaryimage"},"thumbnailUrl":"https:\/\/gtmteknoloji.com\/b2b\/wp-content\/uploads\/2021\/01\/infiniband_cable_cooper-1.jpg","datePublished":"2025-04-14T01:27:18+00:00","dateModified":"2025-04-14T01:27:29+00:00","breadcrumb":{"@id":"https:\/\/gtmteknoloji.com\/b2b\/magaza\/network\/infiniband-cables-and-transceivers\/linkx-infiniband-direct-attach-copper-cables\/#breadcrumb"},"inLanguage":"tr","potentialAction":[{"@type":"ReadAction","target":["https:\/\/gtmteknoloji.com\/b2b\/magaza\/network\/infiniband-cables-and-transceivers\/linkx-infiniband-direct-attach-copper-cables\/"]}]},{"@type":"ImageObject","inLanguage":"tr","@id":"https:\/\/gtmteknoloji.com\/b2b\/magaza\/network\/infiniband-cables-and-transceivers\/linkx-infiniband-direct-attach-copper-cables\/#primaryimage","url":"https:\/\/gtmteknoloji.com\/b2b\/wp-content\/uploads\/2021\/01\/infiniband_cable_cooper-1.jpg","contentUrl":"https:\/\/gtmteknoloji.com\/b2b\/wp-content\/uploads\/2021\/01\/infiniband_cable_cooper-1.jpg","width":380,"height":372},{"@type":"BreadcrumbList","@id":"https:\/\/gtmteknoloji.com\/b2b\/magaza\/network\/infiniband-cables-and-transceivers\/linkx-infiniband-direct-attach-copper-cables\/#breadcrumb","itemListElement":[{"@type":"ListItem","position":1,"name":"Home","item":"https:\/\/gtmteknoloji.com\/b2b\/"},{"@type":"ListItem","position":2,"name":"Ma\u011faza","item":"https:\/\/gtmteknoloji.com\/b2b\/magaza\/"},{"@type":"ListItem","position":3,"name":"LinkX\u00ae InfiniBand Direct Attach Copper Cables"}]},{"@type":"WebSite","@id":"https:\/\/gtmteknoloji.com\/b2b\/#website","url":"https:\/\/gtmteknoloji.com\/b2b\/","name":"GTM Teknoloji","description":"B2B Sat\u0131\u015f Portal\u0131","publisher":{"@id":"https:\/\/gtmteknoloji.com\/b2b\/#organization"},"potentialAction":[{"@type":"SearchAction","target":{"@type":"EntryPoint","urlTemplate":"https:\/\/gtmteknoloji.com\/b2b\/?s={search_term_string}"},"query-input":{"@type":"PropertyValueSpecification","valueRequired":true,"valueName":"search_term_string"}}],"inLanguage":"tr"},{"@type":"Organization","@id":"https:\/\/gtmteknoloji.com\/b2b\/#organization","name":"GTM Teknoloji","url":"https:\/\/gtmteknoloji.com\/b2b\/","logo":{"@type":"ImageObject","inLanguage":"tr","@id":"https:\/\/gtmteknoloji.com\/b2b\/#\/schema\/logo\/image\/","url":"https:\/\/gtmteknoloji.com\/b2b\/wp-content\/uploads\/2020\/12\/GTM-logo.png","contentUrl":"https:\/\/gtmteknoloji.com\/b2b\/wp-content\/uploads\/2020\/12\/GTM-logo.png","width":400,"height":400,"caption":"GTM Teknoloji"},"image":{"@id":"https:\/\/gtmteknoloji.com\/b2b\/#\/schema\/logo\/image\/"},"sameAs":["https:\/\/www.facebook.com\/SupermicroTurkiye\/?locale=tr_TR","https:\/\/x.com\/gtmteknoloji"]}]},"product_brand":"Nvidia","product_price_currency":"USD","og_availability":"instock","product_availability":"instock","product_condition":"new"},"_links":{"self":[{"href":"https:\/\/gtmteknoloji.com\/b2b\/wp-json\/wp\/v2\/product\/9764","targetHints":{"allow":["GET"]}}],"collection":[{"href":"https:\/\/gtmteknoloji.com\/b2b\/wp-json\/wp\/v2\/product"}],"about":[{"href":"https:\/\/gtmteknoloji.com\/b2b\/wp-json\/wp\/v2\/types\/product"}],"version-history":[{"count":1,"href":"https:\/\/gtmteknoloji.com\/b2b\/wp-json\/wp\/v2\/product\/9764\/revisions"}],"predecessor-version":[{"id":9794,"href":"https:\/\/gtmteknoloji.com\/b2b\/wp-json\/wp\/v2\/product\/9764\/revisions\/9794"}],"wp:featuredmedia":[{"embeddable":true,"href":"https:\/\/gtmteknoloji.com\/b2b\/wp-json\/wp\/v2\/media\/6421"}],"wp:attachment":[{"href":"https:\/\/gtmteknoloji.com\/b2b\/wp-json\/wp\/v2\/media?parent=9764"}],"wp:term":[{"taxonomy":"product_brand","embeddable":true,"href":"https:\/\/gtmteknoloji.com\/b2b\/wp-json\/wp\/v2\/product_brand?post=9764"},{"taxonomy":"product_cat","embeddable":true,"href":"https:\/\/gtmteknoloji.com\/b2b\/wp-json\/wp\/v2\/product_cat?post=9764"},{"taxonomy":"product_tag","embeddable":true,"href":"https:\/\/gtmteknoloji.com\/b2b\/wp-json\/wp\/v2\/product_tag?post=9764"}],"curies":[{"name":"wp","href":"https:\/\/api.w.org\/{rel}","templated":true}]}}