{"id":9797,"date":"2025-04-14T04:27:30","date_gmt":"2025-04-14T01:27:30","guid":{"rendered":"https:\/\/gtmteknoloji.com\/b2b\/?post_type=product&#038;p=9797"},"modified":"2025-04-14T04:27:32","modified_gmt":"2025-04-14T01:27:32","slug":"linkx-infiniband-active-optical-cable-splitters","status":"publish","type":"product","link":"https:\/\/gtmteknoloji.com\/b2b\/magaza\/network\/infiniband-cables-and-transceivers\/linkx-infiniband-active-optical-cable-splitters\/","title":{"rendered":"LinkX\u00ae InfiniBand Active Optical Cable Splitters"},"content":{"rendered":"<p>AOC, optik ba\u011flant\u0131lar olu\u015fturman\u0131n en d\u00fc\u015f\u00fck maliyetli yoludur.\u00a0AOC&#8217;ler, sunucular\u0131 bellek ve depolama alt sistemlerine ba\u011flamak i\u00e7in yayg\u0131n olarak kullan\u0131l\u0131rlar \u00e7\u00fcnk\u00fc \u00e7ok az g\u00fc\u00e7 t\u00fcketirler, a\u00e7\u0131k hava ak\u0131\u015f\u0131 sa\u011flarlar, d\u00fc\u015f\u00fck a\u011f\u0131rl\u0131k ve d\u00fc\u015f\u00fck gecikme sa\u011flarlar.<\/p>\n<p>Mellanox, SFP ve QSFP form fakt\u00f6rlerinde ve QDR &amp; FDR10 (40G) FDR (56G), EDR (100G) ve HDR (200G) veri h\u0131zlar\u0131nda 3m ila 300m eri\u015fim i\u00e7in geni\u015f bir \u00fcr\u00fcn yelpazesi sunar.<\/p>\n<p>InfiniBand&#8217;de ilk kez Mellanox, 100G HDR100&#8217;\u00fcn 80 ba\u011flant\u0131 noktas\u0131n\u0131 desteklemek i\u00e7in 40 ba\u011flant\u0131 noktal\u0131 bir HDR anahtar\u0131na olanak tan\u0131yan hem DAC bak\u0131r hem de AOC optiklerde 1: 2 ay\u0131r\u0131c\u0131 kablo olu\u015fturdu.<\/p>\n<p>IBTA standartlar\u0131n\u0131 kar\u015f\u0131laman\u0131n yan\u0131 s\u0131ra, LinkX sertifikal\u0131 kablolar, optimum sinyal b\u00fct\u00fcnl\u00fc\u011f\u00fcn\u00fc ve en iyi u\u00e7tan uca performans\u0131 sa\u011flamak i\u00e7in ger\u00e7ek Mellanox sistemlerinde% 100 test edilir.\u00a0Mellanox AOC kablolar\u0131, en kat\u0131 gereksinimlere sahip s\u00fcper bilgisayarlarda kullan\u0131lmak \u00fczere tasarlanm\u0131\u015ft\u0131r.\u00a0T\u00fcm Mellanox kablolar\u0131 1E-15&#8217;e g\u00f6re test edilmi\u015ftir.\u00a0Mellanox AOC kablolar\u0131 sorunsuz kurulum, uzun vadeli g\u00fcvenilir \u00e7al\u0131\u015fma sunar ve 3. taraf anahtarlar ve adapt\u00f6rlerle \u00e7al\u0131\u015f\u0131r.<\/p>\n<table id=\"hor-minimalist-b\">\n<thead>\n<tr>\n<th colspan=\"7\">LinkX\u00ae InfiniBand Aktif Optik Kablolar (AOC&#8217;ler)<\/th>\n<\/tr>\n<tr>\n<th>InfiniBand<\/th>\n<th>H\u0131z<\/th>\n<th>Form fakt\u00f6r\u00fc<\/th>\n<th>\u00dcr\u00fcn \u00f6zeti<\/th>\n<th>\u00d6zel \u00d6zellikler<\/th>\n<th>Par\u00e7a Numaras\u0131<\/th>\n<th>Uzunluk (Metre)<\/th>\n<\/tr>\n<\/thead>\n<tbody>\n<tr>\n<td>HDR H kablosu<\/td>\n<td>2x200Gb \/ s &#8211; 2x200Gb \/ s<\/td>\n<td>2xQSFP56 &#8211; 2xQSFP56<\/td>\n<td><a href=\"https:\/\/gtmteknoloji.com\/b2b\/wp-content\/uploads\/2021\/01\/PB_MFS1S90-HxxxE_2x200Gbps_QSFP56_to_2x200Gbps_QSFP56_H-AOC1.pdf\" target=\"_blank\" rel=\"noopener noreferrer\"><img decoding=\"async\" class=\"alignnone\" src=\"https:\/\/www.mellanox.com\/sites\/default\/files\/products\/interconnect\/img\/common\/pdf.png\" alt=\"\" width=\"20\" height=\"20\" \/><\/a><\/td>\n<td>LSZH<\/td>\n<td>MFS1S90-H<\/td>\n<td>3, 5, 10,<br \/>\n15, 20, 30<\/td>\n<\/tr>\n<tr>\n<td>HDR100 B\u00f6l\u00fcc\u00fc<\/td>\n<td>200 Gb \/ sn &#8211; 2&#215;100 Gb \/ sn<\/td>\n<td>QSFP56 &#8211; 2xQSFP56<\/td>\n<td><a href=\"https:\/\/gtmteknoloji.com\/b2b\/wp-content\/uploads\/2021\/01\/PB_MFS1S50-HxxxE_200Gbps_QSFP56_to_2x100Gbps_QSFP56_AOC2.pdf\" target=\"_blank\" rel=\"noopener noreferrer\"><img decoding=\"async\" class=\"alignnone\" src=\"https:\/\/www.mellanox.com\/sites\/default\/files\/products\/interconnect\/img\/common\/pdf.png\" alt=\"\" width=\"20\" height=\"20\" \/><\/a><\/td>\n<td>LSZH<\/td>\n<td>MFS1S50-H<\/td>\n<td>3, 5, 10, 15, 20, 30<\/td>\n<\/tr>\n<tr class=\"tbl-empty\">\n<td class=\"tbl_disclaimer\" colspan=\"7\">LSZH: D\u00fc\u015f\u00fck Duman, S\u0131f\u0131r Halojen ceket OFNP: Optik Fiber \u0130letken Olmayan Plenum<br \/>\nVPI: u\u00e7tan uca Mellanox uygulamalar\u0131nda hem InfiniBand hem de Etherneti\u00e7in \u00e7al\u0131\u015f\u0131r Ayr\u0131nt\u0131l\u0131 \u00fcr\u00fcn kodlar\u0131 ve teknik \u00f6zellikler i\u00e7in \u00dcr\u00fcn \u00d6zetlerini kontrol edin<\/td>\n<\/tr>\n<\/tbody>\n<\/table>\n","protected":false},"excerpt":{"rendered":"<h1><a href=\"https:\/\/gtmteknoloji.com\/teklif-talep\/\">TEKL\u0130F AL<\/a><\/h1>\n<h5 class=\"page-headline\">LinkX\u00ae InfiniBand Active Optical Cable Splitters<\/h5>\n<h5>InfiniBand uzmanlar\u0131n\u0131n sundu\u011fu InfiniBand AOC&#8217;lerle HPC performans\u0131n\u0131 en \u00fcst d\u00fczeye \u00e7\u0131kar\u0131n<\/h5>\n","protected":false},"featured_media":6435,"template":"","meta":[],"product_brand":[342],"product_cat":[2479,2366],"product_tag":[2487,2481,2488],"class_list":{"0":"post-9797","1":"product","2":"type-product","3":"status-publish","4":"has-post-thumbnail","6":"product_brand-nvidia-npn-partner-gtmteknoloji","7":"product_cat-infiniband-cables-and-transceivers","8":"product_cat-network","9":"product_tag-active-optical-cable-splitters","10":"product_tag-infiniband-cables-and-transceivers","11":"product_tag-linkx-infiniband-active-optical-cable-splitters","13":"first","14":"instock","15":"taxable","16":"shipping-taxable","17":"product-type-external"},"yoast_head":"<!-- This site is optimized with the Yoast SEO Premium plugin v27.4 (Yoast SEO v27.4) - https:\/\/yoast.com\/product\/yoast-seo-premium-wordpress\/ -->\n<title>LinkX\u00ae InfiniBand Active Optical Cable Splitters - GTM Teknoloji<\/title>\n<meta name=\"robots\" content=\"index, follow, max-snippet:-1, max-image-preview:large, max-video-preview:-1\" \/>\n<link rel=\"canonical\" href=\"https:\/\/gtmteknoloji.com\/b2b\/magaza\/network\/infiniband-cables-and-transceivers\/linkx-infiniband-active-optical-cable-splitters\/\" \/>\n<meta property=\"og:locale\" content=\"tr_TR\" \/>\n<meta property=\"og:type\" content=\"article\" \/>\n<meta property=\"og:title\" content=\"LinkX\u00ae InfiniBand Active Optical Cable Splitters\" \/>\n<meta property=\"og:description\" content=\"TEKL\u0130F AL LinkX\u00ae InfiniBand Active Optical Cable Splitters InfiniBand uzmanlar\u0131n\u0131n sundu\u011fu InfiniBand AOC&#039;lerle HPC performans\u0131n\u0131 en \u00fcst d\u00fczeye \u00e7\u0131kar\u0131n\" \/>\n<meta property=\"og:url\" content=\"https:\/\/gtmteknoloji.com\/b2b\/magaza\/network\/infiniband-cables-and-transceivers\/linkx-infiniband-active-optical-cable-splitters\/\" \/>\n<meta property=\"og:site_name\" content=\"GTM Teknoloji\" \/>\n<meta property=\"article:publisher\" content=\"https:\/\/www.facebook.com\/SupermicroTurkiye\/?locale=tr_TR\" \/>\n<meta property=\"article:modified_time\" content=\"2025-04-14T01:27:32+00:00\" \/>\n<meta property=\"og:image\" content=\"https:\/\/gtmteknoloji.com\/b2b\/wp-content\/uploads\/2021\/01\/y-a-o-33.gif\" \/>\n\t<meta property=\"og:image:width\" content=\"211\" \/>\n\t<meta property=\"og:image:height\" content=\"188\" \/>\n\t<meta property=\"og:image:type\" content=\"image\/gif\" \/>\n<meta name=\"twitter:card\" content=\"summary_large_image\" \/>\n<meta name=\"twitter:site\" content=\"@gtmteknoloji\" \/>\n<meta name=\"twitter:label1\" content=\"Fiyat\" \/>\n\t<meta name=\"twitter:data1\" content=\"\" \/>\n\t<meta name=\"twitter:label2\" content=\"Durumu\" \/>\n\t<meta name=\"twitter:data2\" content=\"Stokta var\" \/>\n<script type=\"application\/ld+json\" class=\"yoast-schema-graph\">{\"@context\":\"https:\\\/\\\/schema.org\",\"@graph\":[{\"@type\":\"WebPage\",\"@id\":\"https:\\\/\\\/gtmteknoloji.com\\\/b2b\\\/magaza\\\/network\\\/infiniband-cables-and-transceivers\\\/linkx-infiniband-active-optical-cable-splitters\\\/\",\"url\":\"https:\\\/\\\/gtmteknoloji.com\\\/b2b\\\/magaza\\\/network\\\/infiniband-cables-and-transceivers\\\/linkx-infiniband-active-optical-cable-splitters\\\/\",\"name\":\"LinkX\u00ae InfiniBand Active Optical Cable Splitters - GTM Teknoloji\",\"isPartOf\":{\"@id\":\"https:\\\/\\\/gtmteknoloji.com\\\/b2b\\\/#website\"},\"primaryImageOfPage\":{\"@id\":\"https:\\\/\\\/gtmteknoloji.com\\\/b2b\\\/magaza\\\/network\\\/infiniband-cables-and-transceivers\\\/linkx-infiniband-active-optical-cable-splitters\\\/#primaryimage\"},\"image\":{\"@id\":\"https:\\\/\\\/gtmteknoloji.com\\\/b2b\\\/magaza\\\/network\\\/infiniband-cables-and-transceivers\\\/linkx-infiniband-active-optical-cable-splitters\\\/#primaryimage\"},\"thumbnailUrl\":\"https:\\\/\\\/gtmteknoloji.com\\\/b2b\\\/wp-content\\\/uploads\\\/2021\\\/01\\\/y-a-o-33.gif\",\"datePublished\":\"2025-04-14T01:27:30+00:00\",\"dateModified\":\"2025-04-14T01:27:32+00:00\",\"breadcrumb\":{\"@id\":\"https:\\\/\\\/gtmteknoloji.com\\\/b2b\\\/magaza\\\/network\\\/infiniband-cables-and-transceivers\\\/linkx-infiniband-active-optical-cable-splitters\\\/#breadcrumb\"},\"inLanguage\":\"tr\",\"potentialAction\":[{\"@type\":\"ReadAction\",\"target\":[\"https:\\\/\\\/gtmteknoloji.com\\\/b2b\\\/magaza\\\/network\\\/infiniband-cables-and-transceivers\\\/linkx-infiniband-active-optical-cable-splitters\\\/\"]}]},{\"@type\":\"ImageObject\",\"inLanguage\":\"tr\",\"@id\":\"https:\\\/\\\/gtmteknoloji.com\\\/b2b\\\/magaza\\\/network\\\/infiniband-cables-and-transceivers\\\/linkx-infiniband-active-optical-cable-splitters\\\/#primaryimage\",\"url\":\"https:\\\/\\\/gtmteknoloji.com\\\/b2b\\\/wp-content\\\/uploads\\\/2021\\\/01\\\/y-a-o-33.gif\",\"contentUrl\":\"https:\\\/\\\/gtmteknoloji.com\\\/b2b\\\/wp-content\\\/uploads\\\/2021\\\/01\\\/y-a-o-33.gif\",\"width\":211,\"height\":188},{\"@type\":\"BreadcrumbList\",\"@id\":\"https:\\\/\\\/gtmteknoloji.com\\\/b2b\\\/magaza\\\/network\\\/infiniband-cables-and-transceivers\\\/linkx-infiniband-active-optical-cable-splitters\\\/#breadcrumb\",\"itemListElement\":[{\"@type\":\"ListItem\",\"position\":1,\"name\":\"Home\",\"item\":\"https:\\\/\\\/gtmteknoloji.com\\\/b2b\\\/\"},{\"@type\":\"ListItem\",\"position\":2,\"name\":\"Ma\u011faza\",\"item\":\"https:\\\/\\\/gtmteknoloji.com\\\/b2b\\\/magaza\\\/\"},{\"@type\":\"ListItem\",\"position\":3,\"name\":\"LinkX\u00ae InfiniBand Active Optical Cable Splitters\"}]},{\"@type\":\"WebSite\",\"@id\":\"https:\\\/\\\/gtmteknoloji.com\\\/b2b\\\/#website\",\"url\":\"https:\\\/\\\/gtmteknoloji.com\\\/b2b\\\/\",\"name\":\"GTM Teknoloji\",\"description\":\"B2B Sat\u0131\u015f Portal\u0131\",\"publisher\":{\"@id\":\"https:\\\/\\\/gtmteknoloji.com\\\/b2b\\\/#organization\"},\"potentialAction\":[{\"@type\":\"SearchAction\",\"target\":{\"@type\":\"EntryPoint\",\"urlTemplate\":\"https:\\\/\\\/gtmteknoloji.com\\\/b2b\\\/?s={search_term_string}\"},\"query-input\":{\"@type\":\"PropertyValueSpecification\",\"valueRequired\":true,\"valueName\":\"search_term_string\"}}],\"inLanguage\":\"tr\"},{\"@type\":\"Organization\",\"@id\":\"https:\\\/\\\/gtmteknoloji.com\\\/b2b\\\/#organization\",\"name\":\"GTM Teknoloji\",\"url\":\"https:\\\/\\\/gtmteknoloji.com\\\/b2b\\\/\",\"logo\":{\"@type\":\"ImageObject\",\"inLanguage\":\"tr\",\"@id\":\"https:\\\/\\\/gtmteknoloji.com\\\/b2b\\\/#\\\/schema\\\/logo\\\/image\\\/\",\"url\":\"https:\\\/\\\/gtmteknoloji.com\\\/b2b\\\/wp-content\\\/uploads\\\/2020\\\/12\\\/GTM-logo.png\",\"contentUrl\":\"https:\\\/\\\/gtmteknoloji.com\\\/b2b\\\/wp-content\\\/uploads\\\/2020\\\/12\\\/GTM-logo.png\",\"width\":400,\"height\":400,\"caption\":\"GTM Teknoloji\"},\"image\":{\"@id\":\"https:\\\/\\\/gtmteknoloji.com\\\/b2b\\\/#\\\/schema\\\/logo\\\/image\\\/\"},\"sameAs\":[\"https:\\\/\\\/www.facebook.com\\\/SupermicroTurkiye\\\/?locale=tr_TR\",\"https:\\\/\\\/x.com\\\/gtmteknoloji\"]}]}<\/script>\n<meta property=\"product:brand\" content=\"Nvidia\" \/>\n<meta property=\"product:price:currency\" content=\"USD\" \/>\n<meta property=\"og:availability\" content=\"instock\" \/>\n<meta property=\"product:availability\" content=\"instock\" \/>\n<meta property=\"product:condition\" content=\"new\" \/>\n<!-- \/ Yoast SEO Premium plugin. -->","yoast_head_json":{"title":"LinkX\u00ae InfiniBand Active Optical Cable Splitters - GTM Teknoloji","robots":{"index":"index","follow":"follow","max-snippet":"max-snippet:-1","max-image-preview":"max-image-preview:large","max-video-preview":"max-video-preview:-1"},"canonical":"https:\/\/gtmteknoloji.com\/b2b\/magaza\/network\/infiniband-cables-and-transceivers\/linkx-infiniband-active-optical-cable-splitters\/","og_locale":"tr_TR","og_type":"article","og_title":"LinkX\u00ae InfiniBand Active Optical Cable Splitters","og_description":"TEKL\u0130F AL LinkX\u00ae InfiniBand Active Optical Cable Splitters InfiniBand uzmanlar\u0131n\u0131n sundu\u011fu InfiniBand AOC'lerle HPC performans\u0131n\u0131 en \u00fcst d\u00fczeye \u00e7\u0131kar\u0131n","og_url":"https:\/\/gtmteknoloji.com\/b2b\/magaza\/network\/infiniband-cables-and-transceivers\/linkx-infiniband-active-optical-cable-splitters\/","og_site_name":"GTM Teknoloji","article_publisher":"https:\/\/www.facebook.com\/SupermicroTurkiye\/?locale=tr_TR","article_modified_time":"2025-04-14T01:27:32+00:00","og_image":[{"width":211,"height":188,"url":"https:\/\/gtmteknoloji.com\/b2b\/wp-content\/uploads\/2021\/01\/y-a-o-33.gif","type":"image\/gif"}],"twitter_card":"summary_large_image","twitter_site":"@gtmteknoloji","twitter_misc":{"Fiyat":"","Durumu":"Stokta var"},"schema":{"@context":"https:\/\/schema.org","@graph":[{"@type":"WebPage","@id":"https:\/\/gtmteknoloji.com\/b2b\/magaza\/network\/infiniband-cables-and-transceivers\/linkx-infiniband-active-optical-cable-splitters\/","url":"https:\/\/gtmteknoloji.com\/b2b\/magaza\/network\/infiniband-cables-and-transceivers\/linkx-infiniband-active-optical-cable-splitters\/","name":"LinkX\u00ae InfiniBand Active Optical Cable Splitters - GTM Teknoloji","isPartOf":{"@id":"https:\/\/gtmteknoloji.com\/b2b\/#website"},"primaryImageOfPage":{"@id":"https:\/\/gtmteknoloji.com\/b2b\/magaza\/network\/infiniband-cables-and-transceivers\/linkx-infiniband-active-optical-cable-splitters\/#primaryimage"},"image":{"@id":"https:\/\/gtmteknoloji.com\/b2b\/magaza\/network\/infiniband-cables-and-transceivers\/linkx-infiniband-active-optical-cable-splitters\/#primaryimage"},"thumbnailUrl":"https:\/\/gtmteknoloji.com\/b2b\/wp-content\/uploads\/2021\/01\/y-a-o-33.gif","datePublished":"2025-04-14T01:27:30+00:00","dateModified":"2025-04-14T01:27:32+00:00","breadcrumb":{"@id":"https:\/\/gtmteknoloji.com\/b2b\/magaza\/network\/infiniband-cables-and-transceivers\/linkx-infiniband-active-optical-cable-splitters\/#breadcrumb"},"inLanguage":"tr","potentialAction":[{"@type":"ReadAction","target":["https:\/\/gtmteknoloji.com\/b2b\/magaza\/network\/infiniband-cables-and-transceivers\/linkx-infiniband-active-optical-cable-splitters\/"]}]},{"@type":"ImageObject","inLanguage":"tr","@id":"https:\/\/gtmteknoloji.com\/b2b\/magaza\/network\/infiniband-cables-and-transceivers\/linkx-infiniband-active-optical-cable-splitters\/#primaryimage","url":"https:\/\/gtmteknoloji.com\/b2b\/wp-content\/uploads\/2021\/01\/y-a-o-33.gif","contentUrl":"https:\/\/gtmteknoloji.com\/b2b\/wp-content\/uploads\/2021\/01\/y-a-o-33.gif","width":211,"height":188},{"@type":"BreadcrumbList","@id":"https:\/\/gtmteknoloji.com\/b2b\/magaza\/network\/infiniband-cables-and-transceivers\/linkx-infiniband-active-optical-cable-splitters\/#breadcrumb","itemListElement":[{"@type":"ListItem","position":1,"name":"Home","item":"https:\/\/gtmteknoloji.com\/b2b\/"},{"@type":"ListItem","position":2,"name":"Ma\u011faza","item":"https:\/\/gtmteknoloji.com\/b2b\/magaza\/"},{"@type":"ListItem","position":3,"name":"LinkX\u00ae InfiniBand Active Optical Cable Splitters"}]},{"@type":"WebSite","@id":"https:\/\/gtmteknoloji.com\/b2b\/#website","url":"https:\/\/gtmteknoloji.com\/b2b\/","name":"GTM Teknoloji","description":"B2B Sat\u0131\u015f Portal\u0131","publisher":{"@id":"https:\/\/gtmteknoloji.com\/b2b\/#organization"},"potentialAction":[{"@type":"SearchAction","target":{"@type":"EntryPoint","urlTemplate":"https:\/\/gtmteknoloji.com\/b2b\/?s={search_term_string}"},"query-input":{"@type":"PropertyValueSpecification","valueRequired":true,"valueName":"search_term_string"}}],"inLanguage":"tr"},{"@type":"Organization","@id":"https:\/\/gtmteknoloji.com\/b2b\/#organization","name":"GTM Teknoloji","url":"https:\/\/gtmteknoloji.com\/b2b\/","logo":{"@type":"ImageObject","inLanguage":"tr","@id":"https:\/\/gtmteknoloji.com\/b2b\/#\/schema\/logo\/image\/","url":"https:\/\/gtmteknoloji.com\/b2b\/wp-content\/uploads\/2020\/12\/GTM-logo.png","contentUrl":"https:\/\/gtmteknoloji.com\/b2b\/wp-content\/uploads\/2020\/12\/GTM-logo.png","width":400,"height":400,"caption":"GTM Teknoloji"},"image":{"@id":"https:\/\/gtmteknoloji.com\/b2b\/#\/schema\/logo\/image\/"},"sameAs":["https:\/\/www.facebook.com\/SupermicroTurkiye\/?locale=tr_TR","https:\/\/x.com\/gtmteknoloji"]}]},"product_brand":"Nvidia","product_price_currency":"USD","og_availability":"instock","product_availability":"instock","product_condition":"new"},"_links":{"self":[{"href":"https:\/\/gtmteknoloji.com\/b2b\/wp-json\/wp\/v2\/product\/9797","targetHints":{"allow":["GET"]}}],"collection":[{"href":"https:\/\/gtmteknoloji.com\/b2b\/wp-json\/wp\/v2\/product"}],"about":[{"href":"https:\/\/gtmteknoloji.com\/b2b\/wp-json\/wp\/v2\/types\/product"}],"version-history":[{"count":1,"href":"https:\/\/gtmteknoloji.com\/b2b\/wp-json\/wp\/v2\/product\/9797\/revisions"}],"predecessor-version":[{"id":9827,"href":"https:\/\/gtmteknoloji.com\/b2b\/wp-json\/wp\/v2\/product\/9797\/revisions\/9827"}],"wp:featuredmedia":[{"embeddable":true,"href":"https:\/\/gtmteknoloji.com\/b2b\/wp-json\/wp\/v2\/media\/6435"}],"wp:attachment":[{"href":"https:\/\/gtmteknoloji.com\/b2b\/wp-json\/wp\/v2\/media?parent=9797"}],"wp:term":[{"taxonomy":"product_brand","embeddable":true,"href":"https:\/\/gtmteknoloji.com\/b2b\/wp-json\/wp\/v2\/product_brand?post=9797"},{"taxonomy":"product_cat","embeddable":true,"href":"https:\/\/gtmteknoloji.com\/b2b\/wp-json\/wp\/v2\/product_cat?post=9797"},{"taxonomy":"product_tag","embeddable":true,"href":"https:\/\/gtmteknoloji.com\/b2b\/wp-json\/wp\/v2\/product_tag?post=9797"}],"curies":[{"name":"wp","href":"https:\/\/api.w.org\/{rel}","templated":true}]}}