{"id":9798,"date":"2025-04-14T04:27:30","date_gmt":"2025-04-14T01:27:30","guid":{"rendered":"https:\/\/gtmteknoloji.com\/b2b\/?post_type=product&#038;p=9798"},"modified":"2025-04-14T04:27:33","modified_gmt":"2025-04-14T01:27:33","slug":"linkx-infiniband-optical-transceivers","status":"publish","type":"product","link":"https:\/\/gtmteknoloji.com\/b2b\/magaza\/network\/infiniband-cables-and-transceivers\/linkx-infiniband-optical-transceivers\/","title":{"rendered":"LinkX\u00ae InfiniBand Optical Transceivers"},"content":{"rendered":"<p>Mellanox LinkX InfinBand Optik Al\u0131c\u0131-Vericiler, QDR, FDR10, FDR ve EDR sistemleri i\u00e7in t\u00fcm ITBA standartlar\u0131n\u0131 kar\u015f\u0131lar veya a\u015far; LinkX sertifikal\u0131 \u00fcr\u00fcnler, optimum sinyal b\u00fct\u00fcnl\u00fc\u011f\u00fcn\u00fc ve en iyi u\u00e7tan uca performans\u0131 sa\u011flamak i\u00e7in Mellanox ekipman\u0131 \u00fczerinde% 100 test edilir.\u00a0Mellanox al\u0131c\u0131-vericileri ile sorunsuz kurulum ve uzun vadeli kullan\u0131m deneyimi ya\u015fayacaks\u0131n\u0131z.\u00a0Mellanox \u00fcr\u00fcnleri, 3. taraf anahtarlar ve sunucu adapt\u00f6rleriyle \u00e7al\u0131\u015f\u0131r.<\/p>\n<table id=\"hor-minimalist-b\">\n<thead>\n<tr>\n<th colspan=\"9\">LinkX\u00ae InfiniBand Optik Al\u0131c\u0131-Vericiler<\/th>\n<\/tr>\n<tr>\n<th>InfiniBand<\/th>\n<th>H\u0131z<\/th>\n<th>Form fakt\u00f6r\u00fc<\/th>\n<th>\u00dcr\u00fcn \u00f6zeti<\/th>\n<th>Ba\u011flay\u0131c\u0131<\/th>\n<th>\u00d6zel \u00f6zellik<\/th>\n<th>Maksimum Eri\u015fim<\/th>\n<th>Dalgaboyu<\/th>\n<th>Par\u00e7a Numaras\u0131<\/th>\n<\/tr>\n<\/thead>\n<tbody>\n<tr>\n<td>HDR<\/td>\n<td>200 Gb \/ sn<\/td>\n<td>QSDP56<\/td>\n<td><a href=\"https:\/\/gtmteknoloji.com\/b2b\/wp-content\/uploads\/2021\/01\/PB_MMA1T00-HS_HDR_QSFP56_MMF_Transceiverr1.pdf\" target=\"_blank\" rel=\"noopener noreferrer\"><img decoding=\"async\" class=\"alignnone\" src=\"https:\/\/www.mellanox.com\/sites\/default\/files\/products\/interconnect\/img\/common\/pdf.png\" alt=\"\" width=\"20\" height=\"20\" \/><\/a><\/td>\n<td>MPO<\/td>\n<td>&#8211;<\/td>\n<td>100 m<\/td>\n<td>850 nm<\/td>\n<td>MMA1T00-HS<\/td>\n<\/tr>\n<tr>\n<td>EDR<\/td>\n<td>100 Gb \/ sn<\/td>\n<td>QSFP28<\/td>\n<td><a href=\"https:\/\/gtmteknoloji.com\/b2b\/wp-content\/uploads\/2021\/01\/PB_MMA1B00-E100_100Gbps_QSFP28_MMF_Transceiverr2.pdf\" target=\"_blank\" rel=\"noopener noreferrer\"><img decoding=\"async\" class=\"alignnone\" src=\"https:\/\/www.mellanox.com\/sites\/default\/files\/products\/interconnect\/img\/common\/pdf.png\" alt=\"\" width=\"20\" height=\"20\" \/><\/a><\/td>\n<td>MPO<\/td>\n<td>&#8211;<\/td>\n<td>100 m<\/td>\n<td>850 nm<\/td>\n<td>MMA1B00-E100<\/td>\n<\/tr>\n<tr>\n<td>EDR \/ PSM4<\/td>\n<td>100 Gb \/ sn<\/td>\n<td>QSFP28<\/td>\n<td><a href=\"https:\/\/gtmteknoloji.com\/b2b\/wp-content\/uploads\/2021\/01\/PB_MMS1C10-CM_100GbE_PSM4_Transceiverr3.pdf\" target=\"_blank\" rel=\"noopener noreferrer\"><img decoding=\"async\" class=\"alignnone\" src=\"https:\/\/www.mellanox.com\/sites\/default\/files\/products\/interconnect\/img\/common\/pdf.png\" alt=\"\" width=\"20\" height=\"20\" \/><\/a><\/td>\n<td>MPO \/ APC<\/td>\n<td>&#8211;<\/td>\n<td>500 m<\/td>\n<td>1310 nm<\/td>\n<td>MMS1C10-CM<\/td>\n<\/tr>\n<tr>\n<td>EDR \/ CWDM4<\/td>\n<td>100 Gb \/ sn<\/td>\n<td>QSFP28<\/td>\n<td><a href=\"https:\/\/gtmteknoloji.com\/b2b\/wp-content\/uploads\/2021\/01\/PB_MMA1L30-CM_100GbE_QSFP28_CWDM4_Transceiverr4.pdf\" target=\"_blank\" rel=\"noopener noreferrer\"><img decoding=\"async\" class=\"alignnone\" src=\"https:\/\/www.mellanox.com\/sites\/default\/files\/products\/interconnect\/img\/common\/pdf.png\" alt=\"\" width=\"20\" height=\"20\" \/><\/a><\/td>\n<td>LC<\/td>\n<td>&#8211;<\/td>\n<td>2 km<\/td>\n<td>1310 nm<\/td>\n<td>MMA1L30-CM<\/td>\n<\/tr>\n<tr>\n<td>EDR \/ LR4<\/td>\n<td>100 Gb \/ sn<\/td>\n<td>QSFP28<\/td>\n<td><a href=\"https:\/\/gtmteknoloji.com\/b2b\/wp-content\/uploads\/2021\/01\/PB_MMA1L10-CR_100GbE_QSFP28_LR4_Transceiverr5.pdf\" target=\"_blank\" rel=\"noopener noreferrer\"><img decoding=\"async\" class=\"alignnone\" src=\"https:\/\/www.mellanox.com\/sites\/default\/files\/products\/interconnect\/img\/common\/pdf.png\" alt=\"\" width=\"20\" height=\"20\" \/><\/a><\/td>\n<td>LC<\/td>\n<td>&#8211;<\/td>\n<td>10 km<\/td>\n<td>1310 nm<\/td>\n<td>MMA1L10-CR<\/td>\n<\/tr>\n<tr>\n<td>FDR<\/td>\n<td>56 Gb \/ sn<\/td>\n<td>QSFP +<\/td>\n<td><a href=\"https:\/\/gtmteknoloji.com\/b2b\/wp-content\/uploads\/2021\/01\/PB_MC2207411-SR4L_56Gbps_QSFP_Transceiverr6.pdf\" target=\"_blank\" rel=\"noopener noreferrer\"><img decoding=\"async\" class=\"alignnone\" src=\"https:\/\/www.mellanox.com\/sites\/default\/files\/products\/interconnect\/img\/common\/pdf.png\" alt=\"\" width=\"20\" height=\"20\" \/><\/a><\/td>\n<td>MPO<\/td>\n<td>&#8211;<\/td>\n<td>30 dk.<\/td>\n<td>850 nm<\/td>\n<td>MC2207411-SR4L<\/td>\n<\/tr>\n<tr>\n<td rowspan=\"2\">FDR10<\/td>\n<td rowspan=\"2\">40 Gb \/ sn<\/td>\n<td rowspan=\"2\">QSFP +<\/td>\n<td rowspan=\"2\"><a href=\"https:\/\/gtmteknoloji.com\/b2b\/wp-content\/uploads\/2021\/01\/PB_MC2210511-LR4_40Gbps_QSFP_SMF_Transceiverr7.pdf\" target=\"_blank\" rel=\"noopener noreferrer\"><img decoding=\"async\" class=\"alignnone\" src=\"https:\/\/www.mellanox.com\/sites\/default\/files\/products\/interconnect\/img\/common\/pdf.png\" alt=\"\" width=\"20\" height=\"20\" \/><\/a><\/td>\n<td>MPO<\/td>\n<td>VPI<\/td>\n<td>100 m<\/td>\n<td>850 nm<\/td>\n<td>MC2210411-SR4<\/td>\n<\/tr>\n<tr>\n<td>LC<\/td>\n<td>VPI<\/td>\n<td>10 km<\/td>\n<td>1310 nm<\/td>\n<td>MC2210511-LR4<\/td>\n<\/tr>\n<tr>\n<td>FDR10, QDR<\/td>\n<td>40 Gb \/ sn<\/td>\n<td>QSFP +<\/td>\n<td><a href=\"https:\/\/gtmteknoloji.com\/b2b\/wp-content\/uploads\/2021\/01\/PB_MC2210411-SR4E_40Gbps_QSFP_MMF_Transceiverr8.pdf\" target=\"_blank\" rel=\"noopener noreferrer\"><img decoding=\"async\" class=\"alignnone\" src=\"https:\/\/www.mellanox.com\/sites\/default\/files\/products\/interconnect\/img\/common\/pdf.png\" alt=\"\" width=\"20\" height=\"20\" \/><\/a><\/td>\n<td>MPO<\/td>\n<td>VPI<\/td>\n<td>300 m<\/td>\n<td>850 nm<\/td>\n<td>MC2210411-SR4E<\/td>\n<\/tr>\n<tr>\n<th class=\"tbl_disclaimer\" colspan=\"9\">VPI: uygulamalar\u0131 de\u011fi\u015ftirmek i\u00e7in Mellanox anahtar\u0131nda hem InfiniBand hem de Ethernet i\u00e7in \u00e7al\u0131\u015f\u0131r<\/p>\n<p>Ayr\u0131nt\u0131l\u0131 \u00fcr\u00fcn kodlar\u0131 ve teknik \u00f6zellikler i\u00e7in \u00dcr\u00fcn A\u00e7\u0131klamalar\u0131na bak\u0131n<\/th>\n<\/tr>\n<\/tbody>\n<\/table>\n","protected":false},"excerpt":{"rendered":"<h1><a href=\"https:\/\/gtmteknoloji.com\/teklif-talep\/\">TEKL\u0130F AL<\/a><\/h1>\n<h5 class=\"page-headline\">LinkX\u00ae InfiniBand Optical Transceivers<\/h5>\n<h5>InfiniBand uzmanlar\u0131ndan LinkX optik al\u0131c\u0131-vericilerle InfiniBand sistem performans\u0131n\u0131 en \u00fcst d\u00fczeye \u00e7\u0131kar\u0131n<\/h5>\n","protected":false},"featured_media":6452,"template":"","meta":[],"product_brand":[342],"product_cat":[2479,2366],"product_tag":[2481,2489,2456],"class_list":{"0":"post-9798","1":"product","2":"type-product","3":"status-publish","4":"has-post-thumbnail","6":"product_brand-nvidia-npn-partner-gtmteknoloji","7":"product_cat-infiniband-cables-and-transceivers","8":"product_cat-network","9":"product_tag-infiniband-cables-and-transceivers","10":"product_tag-linkx-infiniband-optical-transceivers","11":"product_tag-optical-transceivers","13":"first","14":"instock","15":"taxable","16":"shipping-taxable","17":"product-type-external"},"yoast_head":"<!-- This site is optimized with the Yoast SEO Premium plugin v27.4 (Yoast SEO v27.4) - https:\/\/yoast.com\/product\/yoast-seo-premium-wordpress\/ -->\n<title>LinkX\u00ae InfiniBand Optical Transceivers - GTM Teknoloji<\/title>\n<meta name=\"robots\" content=\"index, follow, max-snippet:-1, max-image-preview:large, max-video-preview:-1\" \/>\n<link rel=\"canonical\" href=\"https:\/\/gtmteknoloji.com\/b2b\/magaza\/network\/infiniband-cables-and-transceivers\/linkx-infiniband-optical-transceivers\/\" \/>\n<meta property=\"og:locale\" content=\"tr_TR\" \/>\n<meta property=\"og:type\" content=\"article\" \/>\n<meta property=\"og:title\" content=\"LinkX\u00ae InfiniBand Optical Transceivers\" \/>\n<meta property=\"og:description\" content=\"TEKL\u0130F AL LinkX\u00ae InfiniBand Optical Transceivers InfiniBand uzmanlar\u0131ndan LinkX optik al\u0131c\u0131-vericilerle InfiniBand sistem performans\u0131n\u0131 en \u00fcst d\u00fczeye \u00e7\u0131kar\u0131n\" \/>\n<meta property=\"og:url\" content=\"https:\/\/gtmteknoloji.com\/b2b\/magaza\/network\/infiniband-cables-and-transceivers\/linkx-infiniband-optical-transceivers\/\" \/>\n<meta property=\"og:site_name\" content=\"GTM Teknoloji\" \/>\n<meta property=\"article:publisher\" content=\"https:\/\/www.facebook.com\/SupermicroTurkiye\/?locale=tr_TR\" \/>\n<meta property=\"article:modified_time\" content=\"2025-04-14T01:27:33+00:00\" \/>\n<meta property=\"og:image\" content=\"https:\/\/gtmteknoloji.com\/b2b\/wp-content\/uploads\/2021\/01\/ethernet_optical_transceivers_SR4-1.jpg\" \/>\n\t<meta property=\"og:image:width\" content=\"452\" \/>\n\t<meta property=\"og:image:height\" content=\"308\" \/>\n\t<meta property=\"og:image:type\" content=\"image\/jpeg\" \/>\n<meta name=\"twitter:card\" content=\"summary_large_image\" \/>\n<meta name=\"twitter:site\" content=\"@gtmteknoloji\" \/>\n<meta name=\"twitter:label1\" content=\"Fiyat\" \/>\n\t<meta name=\"twitter:data1\" content=\"\" \/>\n\t<meta name=\"twitter:label2\" content=\"Durumu\" \/>\n\t<meta name=\"twitter:data2\" content=\"Stokta var\" \/>\n<script type=\"application\/ld+json\" class=\"yoast-schema-graph\">{\"@context\":\"https:\\\/\\\/schema.org\",\"@graph\":[{\"@type\":\"WebPage\",\"@id\":\"https:\\\/\\\/gtmteknoloji.com\\\/b2b\\\/magaza\\\/network\\\/infiniband-cables-and-transceivers\\\/linkx-infiniband-optical-transceivers\\\/\",\"url\":\"https:\\\/\\\/gtmteknoloji.com\\\/b2b\\\/magaza\\\/network\\\/infiniband-cables-and-transceivers\\\/linkx-infiniband-optical-transceivers\\\/\",\"name\":\"LinkX\u00ae InfiniBand Optical Transceivers - GTM Teknoloji\",\"isPartOf\":{\"@id\":\"https:\\\/\\\/gtmteknoloji.com\\\/b2b\\\/#website\"},\"primaryImageOfPage\":{\"@id\":\"https:\\\/\\\/gtmteknoloji.com\\\/b2b\\\/magaza\\\/network\\\/infiniband-cables-and-transceivers\\\/linkx-infiniband-optical-transceivers\\\/#primaryimage\"},\"image\":{\"@id\":\"https:\\\/\\\/gtmteknoloji.com\\\/b2b\\\/magaza\\\/network\\\/infiniband-cables-and-transceivers\\\/linkx-infiniband-optical-transceivers\\\/#primaryimage\"},\"thumbnailUrl\":\"https:\\\/\\\/gtmteknoloji.com\\\/b2b\\\/wp-content\\\/uploads\\\/2021\\\/01\\\/ethernet_optical_transceivers_SR4-1.jpg\",\"datePublished\":\"2025-04-14T01:27:30+00:00\",\"dateModified\":\"2025-04-14T01:27:33+00:00\",\"breadcrumb\":{\"@id\":\"https:\\\/\\\/gtmteknoloji.com\\\/b2b\\\/magaza\\\/network\\\/infiniband-cables-and-transceivers\\\/linkx-infiniband-optical-transceivers\\\/#breadcrumb\"},\"inLanguage\":\"tr\",\"potentialAction\":[{\"@type\":\"ReadAction\",\"target\":[\"https:\\\/\\\/gtmteknoloji.com\\\/b2b\\\/magaza\\\/network\\\/infiniband-cables-and-transceivers\\\/linkx-infiniband-optical-transceivers\\\/\"]}]},{\"@type\":\"ImageObject\",\"inLanguage\":\"tr\",\"@id\":\"https:\\\/\\\/gtmteknoloji.com\\\/b2b\\\/magaza\\\/network\\\/infiniband-cables-and-transceivers\\\/linkx-infiniband-optical-transceivers\\\/#primaryimage\",\"url\":\"https:\\\/\\\/gtmteknoloji.com\\\/b2b\\\/wp-content\\\/uploads\\\/2021\\\/01\\\/ethernet_optical_transceivers_SR4-1.jpg\",\"contentUrl\":\"https:\\\/\\\/gtmteknoloji.com\\\/b2b\\\/wp-content\\\/uploads\\\/2021\\\/01\\\/ethernet_optical_transceivers_SR4-1.jpg\",\"width\":452,\"height\":308},{\"@type\":\"BreadcrumbList\",\"@id\":\"https:\\\/\\\/gtmteknoloji.com\\\/b2b\\\/magaza\\\/network\\\/infiniband-cables-and-transceivers\\\/linkx-infiniband-optical-transceivers\\\/#breadcrumb\",\"itemListElement\":[{\"@type\":\"ListItem\",\"position\":1,\"name\":\"Home\",\"item\":\"https:\\\/\\\/gtmteknoloji.com\\\/b2b\\\/\"},{\"@type\":\"ListItem\",\"position\":2,\"name\":\"Ma\u011faza\",\"item\":\"https:\\\/\\\/gtmteknoloji.com\\\/b2b\\\/magaza\\\/\"},{\"@type\":\"ListItem\",\"position\":3,\"name\":\"LinkX\u00ae InfiniBand Optical Transceivers\"}]},{\"@type\":\"WebSite\",\"@id\":\"https:\\\/\\\/gtmteknoloji.com\\\/b2b\\\/#website\",\"url\":\"https:\\\/\\\/gtmteknoloji.com\\\/b2b\\\/\",\"name\":\"GTM Teknoloji\",\"description\":\"B2B Sat\u0131\u015f Portal\u0131\",\"publisher\":{\"@id\":\"https:\\\/\\\/gtmteknoloji.com\\\/b2b\\\/#organization\"},\"potentialAction\":[{\"@type\":\"SearchAction\",\"target\":{\"@type\":\"EntryPoint\",\"urlTemplate\":\"https:\\\/\\\/gtmteknoloji.com\\\/b2b\\\/?s={search_term_string}\"},\"query-input\":{\"@type\":\"PropertyValueSpecification\",\"valueRequired\":true,\"valueName\":\"search_term_string\"}}],\"inLanguage\":\"tr\"},{\"@type\":\"Organization\",\"@id\":\"https:\\\/\\\/gtmteknoloji.com\\\/b2b\\\/#organization\",\"name\":\"GTM Teknoloji\",\"url\":\"https:\\\/\\\/gtmteknoloji.com\\\/b2b\\\/\",\"logo\":{\"@type\":\"ImageObject\",\"inLanguage\":\"tr\",\"@id\":\"https:\\\/\\\/gtmteknoloji.com\\\/b2b\\\/#\\\/schema\\\/logo\\\/image\\\/\",\"url\":\"https:\\\/\\\/gtmteknoloji.com\\\/b2b\\\/wp-content\\\/uploads\\\/2020\\\/12\\\/GTM-logo.png\",\"contentUrl\":\"https:\\\/\\\/gtmteknoloji.com\\\/b2b\\\/wp-content\\\/uploads\\\/2020\\\/12\\\/GTM-logo.png\",\"width\":400,\"height\":400,\"caption\":\"GTM Teknoloji\"},\"image\":{\"@id\":\"https:\\\/\\\/gtmteknoloji.com\\\/b2b\\\/#\\\/schema\\\/logo\\\/image\\\/\"},\"sameAs\":[\"https:\\\/\\\/www.facebook.com\\\/SupermicroTurkiye\\\/?locale=tr_TR\",\"https:\\\/\\\/x.com\\\/gtmteknoloji\"]}]}<\/script>\n<meta property=\"product:brand\" content=\"Nvidia\" \/>\n<meta property=\"product:price:currency\" content=\"USD\" \/>\n<meta property=\"og:availability\" content=\"instock\" \/>\n<meta property=\"product:availability\" content=\"instock\" \/>\n<meta property=\"product:condition\" content=\"new\" \/>\n<!-- \/ Yoast SEO Premium plugin. -->","yoast_head_json":{"title":"LinkX\u00ae InfiniBand Optical Transceivers - GTM Teknoloji","robots":{"index":"index","follow":"follow","max-snippet":"max-snippet:-1","max-image-preview":"max-image-preview:large","max-video-preview":"max-video-preview:-1"},"canonical":"https:\/\/gtmteknoloji.com\/b2b\/magaza\/network\/infiniband-cables-and-transceivers\/linkx-infiniband-optical-transceivers\/","og_locale":"tr_TR","og_type":"article","og_title":"LinkX\u00ae InfiniBand Optical Transceivers","og_description":"TEKL\u0130F AL LinkX\u00ae InfiniBand Optical Transceivers InfiniBand uzmanlar\u0131ndan LinkX optik al\u0131c\u0131-vericilerle InfiniBand sistem performans\u0131n\u0131 en \u00fcst d\u00fczeye \u00e7\u0131kar\u0131n","og_url":"https:\/\/gtmteknoloji.com\/b2b\/magaza\/network\/infiniband-cables-and-transceivers\/linkx-infiniband-optical-transceivers\/","og_site_name":"GTM Teknoloji","article_publisher":"https:\/\/www.facebook.com\/SupermicroTurkiye\/?locale=tr_TR","article_modified_time":"2025-04-14T01:27:33+00:00","og_image":[{"width":452,"height":308,"url":"https:\/\/gtmteknoloji.com\/b2b\/wp-content\/uploads\/2021\/01\/ethernet_optical_transceivers_SR4-1.jpg","type":"image\/jpeg"}],"twitter_card":"summary_large_image","twitter_site":"@gtmteknoloji","twitter_misc":{"Fiyat":"","Durumu":"Stokta var"},"schema":{"@context":"https:\/\/schema.org","@graph":[{"@type":"WebPage","@id":"https:\/\/gtmteknoloji.com\/b2b\/magaza\/network\/infiniband-cables-and-transceivers\/linkx-infiniband-optical-transceivers\/","url":"https:\/\/gtmteknoloji.com\/b2b\/magaza\/network\/infiniband-cables-and-transceivers\/linkx-infiniband-optical-transceivers\/","name":"LinkX\u00ae InfiniBand Optical Transceivers - GTM Teknoloji","isPartOf":{"@id":"https:\/\/gtmteknoloji.com\/b2b\/#website"},"primaryImageOfPage":{"@id":"https:\/\/gtmteknoloji.com\/b2b\/magaza\/network\/infiniband-cables-and-transceivers\/linkx-infiniband-optical-transceivers\/#primaryimage"},"image":{"@id":"https:\/\/gtmteknoloji.com\/b2b\/magaza\/network\/infiniband-cables-and-transceivers\/linkx-infiniband-optical-transceivers\/#primaryimage"},"thumbnailUrl":"https:\/\/gtmteknoloji.com\/b2b\/wp-content\/uploads\/2021\/01\/ethernet_optical_transceivers_SR4-1.jpg","datePublished":"2025-04-14T01:27:30+00:00","dateModified":"2025-04-14T01:27:33+00:00","breadcrumb":{"@id":"https:\/\/gtmteknoloji.com\/b2b\/magaza\/network\/infiniband-cables-and-transceivers\/linkx-infiniband-optical-transceivers\/#breadcrumb"},"inLanguage":"tr","potentialAction":[{"@type":"ReadAction","target":["https:\/\/gtmteknoloji.com\/b2b\/magaza\/network\/infiniband-cables-and-transceivers\/linkx-infiniband-optical-transceivers\/"]}]},{"@type":"ImageObject","inLanguage":"tr","@id":"https:\/\/gtmteknoloji.com\/b2b\/magaza\/network\/infiniband-cables-and-transceivers\/linkx-infiniband-optical-transceivers\/#primaryimage","url":"https:\/\/gtmteknoloji.com\/b2b\/wp-content\/uploads\/2021\/01\/ethernet_optical_transceivers_SR4-1.jpg","contentUrl":"https:\/\/gtmteknoloji.com\/b2b\/wp-content\/uploads\/2021\/01\/ethernet_optical_transceivers_SR4-1.jpg","width":452,"height":308},{"@type":"BreadcrumbList","@id":"https:\/\/gtmteknoloji.com\/b2b\/magaza\/network\/infiniband-cables-and-transceivers\/linkx-infiniband-optical-transceivers\/#breadcrumb","itemListElement":[{"@type":"ListItem","position":1,"name":"Home","item":"https:\/\/gtmteknoloji.com\/b2b\/"},{"@type":"ListItem","position":2,"name":"Ma\u011faza","item":"https:\/\/gtmteknoloji.com\/b2b\/magaza\/"},{"@type":"ListItem","position":3,"name":"LinkX\u00ae InfiniBand Optical Transceivers"}]},{"@type":"WebSite","@id":"https:\/\/gtmteknoloji.com\/b2b\/#website","url":"https:\/\/gtmteknoloji.com\/b2b\/","name":"GTM Teknoloji","description":"B2B Sat\u0131\u015f Portal\u0131","publisher":{"@id":"https:\/\/gtmteknoloji.com\/b2b\/#organization"},"potentialAction":[{"@type":"SearchAction","target":{"@type":"EntryPoint","urlTemplate":"https:\/\/gtmteknoloji.com\/b2b\/?s={search_term_string}"},"query-input":{"@type":"PropertyValueSpecification","valueRequired":true,"valueName":"search_term_string"}}],"inLanguage":"tr"},{"@type":"Organization","@id":"https:\/\/gtmteknoloji.com\/b2b\/#organization","name":"GTM Teknoloji","url":"https:\/\/gtmteknoloji.com\/b2b\/","logo":{"@type":"ImageObject","inLanguage":"tr","@id":"https:\/\/gtmteknoloji.com\/b2b\/#\/schema\/logo\/image\/","url":"https:\/\/gtmteknoloji.com\/b2b\/wp-content\/uploads\/2020\/12\/GTM-logo.png","contentUrl":"https:\/\/gtmteknoloji.com\/b2b\/wp-content\/uploads\/2020\/12\/GTM-logo.png","width":400,"height":400,"caption":"GTM Teknoloji"},"image":{"@id":"https:\/\/gtmteknoloji.com\/b2b\/#\/schema\/logo\/image\/"},"sameAs":["https:\/\/www.facebook.com\/SupermicroTurkiye\/?locale=tr_TR","https:\/\/x.com\/gtmteknoloji"]}]},"product_brand":"Nvidia","product_price_currency":"USD","og_availability":"instock","product_availability":"instock","product_condition":"new"},"_links":{"self":[{"href":"https:\/\/gtmteknoloji.com\/b2b\/wp-json\/wp\/v2\/product\/9798","targetHints":{"allow":["GET"]}}],"collection":[{"href":"https:\/\/gtmteknoloji.com\/b2b\/wp-json\/wp\/v2\/product"}],"about":[{"href":"https:\/\/gtmteknoloji.com\/b2b\/wp-json\/wp\/v2\/types\/product"}],"version-history":[{"count":1,"href":"https:\/\/gtmteknoloji.com\/b2b\/wp-json\/wp\/v2\/product\/9798\/revisions"}],"predecessor-version":[{"id":9828,"href":"https:\/\/gtmteknoloji.com\/b2b\/wp-json\/wp\/v2\/product\/9798\/revisions\/9828"}],"wp:featuredmedia":[{"embeddable":true,"href":"https:\/\/gtmteknoloji.com\/b2b\/wp-json\/wp\/v2\/media\/6452"}],"wp:attachment":[{"href":"https:\/\/gtmteknoloji.com\/b2b\/wp-json\/wp\/v2\/media?parent=9798"}],"wp:term":[{"taxonomy":"product_brand","embeddable":true,"href":"https:\/\/gtmteknoloji.com\/b2b\/wp-json\/wp\/v2\/product_brand?post=9798"},{"taxonomy":"product_cat","embeddable":true,"href":"https:\/\/gtmteknoloji.com\/b2b\/wp-json\/wp\/v2\/product_cat?post=9798"},{"taxonomy":"product_tag","embeddable":true,"href":"https:\/\/gtmteknoloji.com\/b2b\/wp-json\/wp\/v2\/product_tag?post=9798"}],"curies":[{"name":"wp","href":"https:\/\/api.w.org\/{rel}","templated":true}]}}