{"id":9814,"date":"2025-04-14T04:27:31","date_gmt":"2025-04-14T01:27:31","guid":{"rendered":"https:\/\/gtmteknoloji.com\/b2b\/?post_type=product&#038;p=9814"},"modified":"2025-04-14T04:27:39","modified_gmt":"2025-04-14T01:27:39","slug":"jetson-nano-developer-kit","status":"publish","type":"product","link":"https:\/\/gtmteknoloji.com\/b2b\/magaza\/nvidia-gelistirici-kitleri\/jetson-nano-developer-kit\/","title":{"rendered":"Jetson Nano Developer kit"},"content":{"rendered":"<p><strong>NVIDIA JETSON NANO GEL\u0130\u015eT\u0130R\u0130C\u0130 K\u0130T\u0130<\/strong><\/p>\n<p><strong>HERKES \u0130\u00c7\u0130N D\u00dc\u015e\u00dcK MAL\u0130YETL\u0130 AI B\u0130LG\u0130SAYAR<\/strong><\/p>\n<p>NVIDIA\u00ae Jetson Nano \u2122 Geli\u015ftirici Kiti, modern yapay zeka i\u015f y\u00fcklerini benzeri g\u00f6r\u00fclmemi\u015f boyutta, g\u00fc\u00e7te ve maliyette \u00e7al\u0131\u015ft\u0131rmak i\u00e7in bilgi i\u015flem performans\u0131 sunar.\u00a0Geli\u015ftiriciler, \u00f6\u011frenciler ve yap\u0131mc\u0131lar art\u0131k g\u00f6r\u00fcnt\u00fc s\u0131n\u0131fland\u0131rma, nesne alg\u0131lama, segmentasyon ve konu\u015fma i\u015fleme gibi uygulamalar i\u00e7in AI \u00e7er\u00e7evelerini ve modellerini \u00e7al\u0131\u015ft\u0131rabilir.<\/p>\n<p>Geli\u015ftirici kiti, mikro-USB ile \u00e7al\u0131\u015ft\u0131r\u0131labilir ve GPIO&#8217;dan CSI&#8217;ya kadar geni\u015f I \/ O&#8217;lar ile birlikte gelir.\u00a0Bu, geli\u015ftiricilerin \u00e7e\u015fitli AI uygulamalar\u0131n\u0131 etkinle\u015ftirmek i\u00e7in \u00e7e\u015fitli yeni sens\u00f6rleri ba\u011flamalar\u0131n\u0131 kolayla\u015ft\u0131r\u0131r.\u00a0\u0130nan\u0131lmaz derecede g\u00fc\u00e7 tasarrufu sa\u011flar ve 5 watt kadar d\u00fc\u015f\u00fck bir g\u00fc\u00e7 t\u00fcketir.<\/p>\n<p>Jetson Nano ayr\u0131ca, bir kart destek paketi (BSP), Linux OS, NVIDIA CUDA\u00ae, cuDNN ve TensorRT \u2122 yaz\u0131l\u0131m kitapl\u0131klar\u0131n\u0131 i\u00e7eren NVIDIA JetPack taraf\u0131ndan da desteklenmektedir; derin \u00f6\u011frenme, bilgisayarla g\u00f6rme, GPU hesaplama, multimedya i\u015fleme ve \u00e7ok daha fazlas\u0131.\u00a0Yaz\u0131l\u0131m, kolay yan\u0131p s\u00f6nen bir SD kart g\u00f6r\u00fcnt\u00fcs\u00fcn\u00fc kullanarak bile mevcuttur, bu da onu h\u0131zl\u0131 ve kolay bir \u015fekilde ba\u015flatmas\u0131n\u0131 sa\u011flar.<\/p>\n<p>Ayn\u0131 JetPack SDK, NVIDIA Jetson \u2122 \u00fcr\u00fcn ailesinin tamam\u0131nda kullan\u0131l\u0131r ve AI yaz\u0131l\u0131m\u0131n\u0131n e\u011fitimi ve da\u011f\u0131t\u0131m\u0131 i\u00e7in NVIDIA&#8217;n\u0131n d\u00fcnya lideri AI platformuyla tamamen uyumludur.\u00a0Bu kan\u0131tlanm\u0131\u015f yaz\u0131l\u0131m y\u0131\u011f\u0131n\u0131, geli\u015ftiriciler i\u00e7in karma\u015f\u0131kl\u0131\u011f\u0131 ve genel \u00e7abay\u0131 azalt\u0131r.<\/p>\n<table border=\"1\" cellspacing=\"1\" cellpadding=\"1\">\n<tbody>\n<tr>\n<td><strong>GPU<\/strong><\/td>\n<td>128-core Maxwell<\/td>\n<\/tr>\n<tr>\n<td><strong>CPU<\/strong><\/td>\n<td>Quad-core ARM A57 @ 1.43 GHz<\/td>\n<\/tr>\n<tr>\n<td><strong>Memory<\/strong><\/td>\n<td>4 GB 64-bit LPDDR4 25.6 GB\/s<\/td>\n<\/tr>\n<tr>\n<td><strong>Storage<\/strong><\/td>\n<td>microSD (not included)<\/td>\n<\/tr>\n<tr>\n<td><strong>Video Encoder<\/strong><\/td>\n<td>4K @ 30 | 4x 1080p @ 30 | 9x 720p @ 30 (H.264\/H.265)<\/td>\n<\/tr>\n<tr>\n<td><strong>Video Decoder<\/strong><\/td>\n<td>4K @ 60 | 2x 4K @ 30 | 8x 1080p @ 30 | 18x 720p @ 30| (H.264\/H.265)<\/td>\n<\/tr>\n<tr>\n<td><strong>Camera<\/strong><\/td>\n<td>1x MIPI CSI-2 DPHY lanes<\/td>\n<\/tr>\n<tr>\n<td><strong>Connectivity<\/strong><\/td>\n<td>Gigabit Ethernet, M.2 Key E<\/td>\n<\/tr>\n<tr>\n<td><strong>Display<\/strong><\/td>\n<td>HDMI 2.0 and eDP 1.4<\/td>\n<\/tr>\n<tr>\n<td><strong>USB<\/strong><\/td>\n<td>4x USB 3.0, USB 2.0 Micro-B<\/td>\n<\/tr>\n<tr>\n<td><strong>Others<\/strong><\/td>\n<td>GPIO, I2C, I2S, SPI, UART<\/td>\n<\/tr>\n<tr>\n<td><strong>Mechanical<\/strong><\/td>\n<td>100 mm x 80 mm x 29 mm<\/td>\n<\/tr>\n<\/tbody>\n<\/table>\n","protected":false},"excerpt":{"rendered":"<h1><a href=\"https:\/\/gtmteknoloji.com\/teklif-talep\/\">TEKL\u0130F AL<\/a><\/h1>\n<h5>NVIDIA JETSON NANO DEVELOPER KIT<\/h5>\n<h5>THE LOW-COST AI COMPUTER FOR ALL<\/h5>\n","protected":false},"featured_media":6503,"template":"","meta":[],"product_brand":[342],"product_cat":[2522],"product_tag":[2523,2524],"class_list":{"0":"post-9814","1":"product","2":"type-product","3":"status-publish","4":"has-post-thumbnail","6":"product_brand-nvidia-npn-partner-gtmteknoloji","7":"product_cat-nvidia-gelistirici-kitleri","8":"product_tag-jetson-nano-developer-kit","9":"product_tag-nvidia-jetson-nano-solutions","11":"first","12":"instock","13":"taxable","14":"shipping-taxable","15":"product-type-external"},"yoast_head":"<!-- This site is optimized with the Yoast SEO Premium plugin v27.4 (Yoast SEO v27.4) - https:\/\/yoast.com\/product\/yoast-seo-premium-wordpress\/ -->\n<title>Jetson Nano Developer kit - GTM Teknoloji<\/title>\n<meta name=\"robots\" content=\"index, follow, max-snippet:-1, max-image-preview:large, max-video-preview:-1\" \/>\n<link rel=\"canonical\" href=\"https:\/\/gtmteknoloji.com\/b2b\/magaza\/nvidia-gelistirici-kitleri\/jetson-nano-developer-kit\/\" \/>\n<meta property=\"og:locale\" content=\"tr_TR\" \/>\n<meta property=\"og:type\" content=\"article\" \/>\n<meta property=\"og:title\" content=\"Jetson Nano Developer kit\" \/>\n<meta property=\"og:description\" content=\"TEKL\u0130F AL NVIDIA JETSON NANO DEVELOPER KIT THE LOW-COST AI COMPUTER FOR ALL\" \/>\n<meta property=\"og:url\" content=\"https:\/\/gtmteknoloji.com\/b2b\/magaza\/nvidia-gelistirici-kitleri\/jetson-nano-developer-kit\/\" \/>\n<meta property=\"og:site_name\" content=\"GTM Teknoloji\" \/>\n<meta property=\"article:publisher\" content=\"https:\/\/www.facebook.com\/SupermicroTurkiye\/?locale=tr_TR\" \/>\n<meta property=\"article:modified_time\" content=\"2025-04-14T01:27:39+00:00\" \/>\n<meta property=\"og:image\" content=\"https:\/\/gtmteknoloji.com\/b2b\/wp-content\/uploads\/2021\/01\/1451-20201016182235.png\" \/>\n\t<meta property=\"og:image:width\" content=\"432\" \/>\n\t<meta property=\"og:image:height\" content=\"432\" \/>\n\t<meta property=\"og:image:type\" content=\"image\/png\" \/>\n<meta name=\"twitter:card\" content=\"summary_large_image\" \/>\n<meta name=\"twitter:site\" content=\"@gtmteknoloji\" \/>\n<meta name=\"twitter:label1\" content=\"Fiyat\" \/>\n\t<meta name=\"twitter:data1\" content=\"\" \/>\n\t<meta name=\"twitter:label2\" content=\"Durumu\" \/>\n\t<meta name=\"twitter:data2\" content=\"Stokta var\" \/>\n<script type=\"application\/ld+json\" class=\"yoast-schema-graph\">{\"@context\":\"https:\\\/\\\/schema.org\",\"@graph\":[{\"@type\":\"WebPage\",\"@id\":\"https:\\\/\\\/gtmteknoloji.com\\\/b2b\\\/magaza\\\/nvidia-gelistirici-kitleri\\\/jetson-nano-developer-kit\\\/\",\"url\":\"https:\\\/\\\/gtmteknoloji.com\\\/b2b\\\/magaza\\\/nvidia-gelistirici-kitleri\\\/jetson-nano-developer-kit\\\/\",\"name\":\"Jetson Nano Developer kit - GTM Teknoloji\",\"isPartOf\":{\"@id\":\"https:\\\/\\\/gtmteknoloji.com\\\/b2b\\\/#website\"},\"primaryImageOfPage\":{\"@id\":\"https:\\\/\\\/gtmteknoloji.com\\\/b2b\\\/magaza\\\/nvidia-gelistirici-kitleri\\\/jetson-nano-developer-kit\\\/#primaryimage\"},\"image\":{\"@id\":\"https:\\\/\\\/gtmteknoloji.com\\\/b2b\\\/magaza\\\/nvidia-gelistirici-kitleri\\\/jetson-nano-developer-kit\\\/#primaryimage\"},\"thumbnailUrl\":\"https:\\\/\\\/gtmteknoloji.com\\\/b2b\\\/wp-content\\\/uploads\\\/2021\\\/01\\\/1451-20201016182235.png\",\"datePublished\":\"2025-04-14T01:27:31+00:00\",\"dateModified\":\"2025-04-14T01:27:39+00:00\",\"breadcrumb\":{\"@id\":\"https:\\\/\\\/gtmteknoloji.com\\\/b2b\\\/magaza\\\/nvidia-gelistirici-kitleri\\\/jetson-nano-developer-kit\\\/#breadcrumb\"},\"inLanguage\":\"tr\",\"potentialAction\":[{\"@type\":\"ReadAction\",\"target\":[\"https:\\\/\\\/gtmteknoloji.com\\\/b2b\\\/magaza\\\/nvidia-gelistirici-kitleri\\\/jetson-nano-developer-kit\\\/\"]}]},{\"@type\":\"ImageObject\",\"inLanguage\":\"tr\",\"@id\":\"https:\\\/\\\/gtmteknoloji.com\\\/b2b\\\/magaza\\\/nvidia-gelistirici-kitleri\\\/jetson-nano-developer-kit\\\/#primaryimage\",\"url\":\"https:\\\/\\\/gtmteknoloji.com\\\/b2b\\\/wp-content\\\/uploads\\\/2021\\\/01\\\/1451-20201016182235.png\",\"contentUrl\":\"https:\\\/\\\/gtmteknoloji.com\\\/b2b\\\/wp-content\\\/uploads\\\/2021\\\/01\\\/1451-20201016182235.png\",\"width\":432,\"height\":432},{\"@type\":\"BreadcrumbList\",\"@id\":\"https:\\\/\\\/gtmteknoloji.com\\\/b2b\\\/magaza\\\/nvidia-gelistirici-kitleri\\\/jetson-nano-developer-kit\\\/#breadcrumb\",\"itemListElement\":[{\"@type\":\"ListItem\",\"position\":1,\"name\":\"Home\",\"item\":\"https:\\\/\\\/gtmteknoloji.com\\\/b2b\\\/\"},{\"@type\":\"ListItem\",\"position\":2,\"name\":\"Ma\u011faza\",\"item\":\"https:\\\/\\\/gtmteknoloji.com\\\/b2b\\\/magaza\\\/\"},{\"@type\":\"ListItem\",\"position\":3,\"name\":\"Jetson Nano Developer kit\"}]},{\"@type\":\"WebSite\",\"@id\":\"https:\\\/\\\/gtmteknoloji.com\\\/b2b\\\/#website\",\"url\":\"https:\\\/\\\/gtmteknoloji.com\\\/b2b\\\/\",\"name\":\"GTM Teknoloji\",\"description\":\"B2B Sat\u0131\u015f Portal\u0131\",\"publisher\":{\"@id\":\"https:\\\/\\\/gtmteknoloji.com\\\/b2b\\\/#organization\"},\"potentialAction\":[{\"@type\":\"SearchAction\",\"target\":{\"@type\":\"EntryPoint\",\"urlTemplate\":\"https:\\\/\\\/gtmteknoloji.com\\\/b2b\\\/?s={search_term_string}\"},\"query-input\":{\"@type\":\"PropertyValueSpecification\",\"valueRequired\":true,\"valueName\":\"search_term_string\"}}],\"inLanguage\":\"tr\"},{\"@type\":\"Organization\",\"@id\":\"https:\\\/\\\/gtmteknoloji.com\\\/b2b\\\/#organization\",\"name\":\"GTM Teknoloji\",\"url\":\"https:\\\/\\\/gtmteknoloji.com\\\/b2b\\\/\",\"logo\":{\"@type\":\"ImageObject\",\"inLanguage\":\"tr\",\"@id\":\"https:\\\/\\\/gtmteknoloji.com\\\/b2b\\\/#\\\/schema\\\/logo\\\/image\\\/\",\"url\":\"https:\\\/\\\/gtmteknoloji.com\\\/b2b\\\/wp-content\\\/uploads\\\/2020\\\/12\\\/GTM-logo.png\",\"contentUrl\":\"https:\\\/\\\/gtmteknoloji.com\\\/b2b\\\/wp-content\\\/uploads\\\/2020\\\/12\\\/GTM-logo.png\",\"width\":400,\"height\":400,\"caption\":\"GTM Teknoloji\"},\"image\":{\"@id\":\"https:\\\/\\\/gtmteknoloji.com\\\/b2b\\\/#\\\/schema\\\/logo\\\/image\\\/\"},\"sameAs\":[\"https:\\\/\\\/www.facebook.com\\\/SupermicroTurkiye\\\/?locale=tr_TR\",\"https:\\\/\\\/x.com\\\/gtmteknoloji\"]}]}<\/script>\n<meta property=\"product:brand\" content=\"Nvidia\" \/>\n<meta property=\"product:price:currency\" content=\"USD\" \/>\n<meta property=\"og:availability\" content=\"instock\" \/>\n<meta property=\"product:availability\" content=\"instock\" \/>\n<meta property=\"product:condition\" content=\"new\" \/>\n<!-- \/ Yoast SEO Premium plugin. -->","yoast_head_json":{"title":"Jetson Nano Developer kit - GTM Teknoloji","robots":{"index":"index","follow":"follow","max-snippet":"max-snippet:-1","max-image-preview":"max-image-preview:large","max-video-preview":"max-video-preview:-1"},"canonical":"https:\/\/gtmteknoloji.com\/b2b\/magaza\/nvidia-gelistirici-kitleri\/jetson-nano-developer-kit\/","og_locale":"tr_TR","og_type":"article","og_title":"Jetson Nano Developer kit","og_description":"TEKL\u0130F AL NVIDIA JETSON NANO DEVELOPER KIT THE LOW-COST AI COMPUTER FOR ALL","og_url":"https:\/\/gtmteknoloji.com\/b2b\/magaza\/nvidia-gelistirici-kitleri\/jetson-nano-developer-kit\/","og_site_name":"GTM Teknoloji","article_publisher":"https:\/\/www.facebook.com\/SupermicroTurkiye\/?locale=tr_TR","article_modified_time":"2025-04-14T01:27:39+00:00","og_image":[{"width":432,"height":432,"url":"https:\/\/gtmteknoloji.com\/b2b\/wp-content\/uploads\/2021\/01\/1451-20201016182235.png","type":"image\/png"}],"twitter_card":"summary_large_image","twitter_site":"@gtmteknoloji","twitter_misc":{"Fiyat":"","Durumu":"Stokta var"},"schema":{"@context":"https:\/\/schema.org","@graph":[{"@type":"WebPage","@id":"https:\/\/gtmteknoloji.com\/b2b\/magaza\/nvidia-gelistirici-kitleri\/jetson-nano-developer-kit\/","url":"https:\/\/gtmteknoloji.com\/b2b\/magaza\/nvidia-gelistirici-kitleri\/jetson-nano-developer-kit\/","name":"Jetson Nano Developer kit - GTM Teknoloji","isPartOf":{"@id":"https:\/\/gtmteknoloji.com\/b2b\/#website"},"primaryImageOfPage":{"@id":"https:\/\/gtmteknoloji.com\/b2b\/magaza\/nvidia-gelistirici-kitleri\/jetson-nano-developer-kit\/#primaryimage"},"image":{"@id":"https:\/\/gtmteknoloji.com\/b2b\/magaza\/nvidia-gelistirici-kitleri\/jetson-nano-developer-kit\/#primaryimage"},"thumbnailUrl":"https:\/\/gtmteknoloji.com\/b2b\/wp-content\/uploads\/2021\/01\/1451-20201016182235.png","datePublished":"2025-04-14T01:27:31+00:00","dateModified":"2025-04-14T01:27:39+00:00","breadcrumb":{"@id":"https:\/\/gtmteknoloji.com\/b2b\/magaza\/nvidia-gelistirici-kitleri\/jetson-nano-developer-kit\/#breadcrumb"},"inLanguage":"tr","potentialAction":[{"@type":"ReadAction","target":["https:\/\/gtmteknoloji.com\/b2b\/magaza\/nvidia-gelistirici-kitleri\/jetson-nano-developer-kit\/"]}]},{"@type":"ImageObject","inLanguage":"tr","@id":"https:\/\/gtmteknoloji.com\/b2b\/magaza\/nvidia-gelistirici-kitleri\/jetson-nano-developer-kit\/#primaryimage","url":"https:\/\/gtmteknoloji.com\/b2b\/wp-content\/uploads\/2021\/01\/1451-20201016182235.png","contentUrl":"https:\/\/gtmteknoloji.com\/b2b\/wp-content\/uploads\/2021\/01\/1451-20201016182235.png","width":432,"height":432},{"@type":"BreadcrumbList","@id":"https:\/\/gtmteknoloji.com\/b2b\/magaza\/nvidia-gelistirici-kitleri\/jetson-nano-developer-kit\/#breadcrumb","itemListElement":[{"@type":"ListItem","position":1,"name":"Home","item":"https:\/\/gtmteknoloji.com\/b2b\/"},{"@type":"ListItem","position":2,"name":"Ma\u011faza","item":"https:\/\/gtmteknoloji.com\/b2b\/magaza\/"},{"@type":"ListItem","position":3,"name":"Jetson Nano Developer kit"}]},{"@type":"WebSite","@id":"https:\/\/gtmteknoloji.com\/b2b\/#website","url":"https:\/\/gtmteknoloji.com\/b2b\/","name":"GTM Teknoloji","description":"B2B Sat\u0131\u015f Portal\u0131","publisher":{"@id":"https:\/\/gtmteknoloji.com\/b2b\/#organization"},"potentialAction":[{"@type":"SearchAction","target":{"@type":"EntryPoint","urlTemplate":"https:\/\/gtmteknoloji.com\/b2b\/?s={search_term_string}"},"query-input":{"@type":"PropertyValueSpecification","valueRequired":true,"valueName":"search_term_string"}}],"inLanguage":"tr"},{"@type":"Organization","@id":"https:\/\/gtmteknoloji.com\/b2b\/#organization","name":"GTM Teknoloji","url":"https:\/\/gtmteknoloji.com\/b2b\/","logo":{"@type":"ImageObject","inLanguage":"tr","@id":"https:\/\/gtmteknoloji.com\/b2b\/#\/schema\/logo\/image\/","url":"https:\/\/gtmteknoloji.com\/b2b\/wp-content\/uploads\/2020\/12\/GTM-logo.png","contentUrl":"https:\/\/gtmteknoloji.com\/b2b\/wp-content\/uploads\/2020\/12\/GTM-logo.png","width":400,"height":400,"caption":"GTM Teknoloji"},"image":{"@id":"https:\/\/gtmteknoloji.com\/b2b\/#\/schema\/logo\/image\/"},"sameAs":["https:\/\/www.facebook.com\/SupermicroTurkiye\/?locale=tr_TR","https:\/\/x.com\/gtmteknoloji"]}]},"product_brand":"Nvidia","product_price_currency":"USD","og_availability":"instock","product_availability":"instock","product_condition":"new"},"_links":{"self":[{"href":"https:\/\/gtmteknoloji.com\/b2b\/wp-json\/wp\/v2\/product\/9814","targetHints":{"allow":["GET"]}}],"collection":[{"href":"https:\/\/gtmteknoloji.com\/b2b\/wp-json\/wp\/v2\/product"}],"about":[{"href":"https:\/\/gtmteknoloji.com\/b2b\/wp-json\/wp\/v2\/types\/product"}],"version-history":[{"count":1,"href":"https:\/\/gtmteknoloji.com\/b2b\/wp-json\/wp\/v2\/product\/9814\/revisions"}],"predecessor-version":[{"id":9844,"href":"https:\/\/gtmteknoloji.com\/b2b\/wp-json\/wp\/v2\/product\/9814\/revisions\/9844"}],"wp:featuredmedia":[{"embeddable":true,"href":"https:\/\/gtmteknoloji.com\/b2b\/wp-json\/wp\/v2\/media\/6503"}],"wp:attachment":[{"href":"https:\/\/gtmteknoloji.com\/b2b\/wp-json\/wp\/v2\/media?parent=9814"}],"wp:term":[{"taxonomy":"product_brand","embeddable":true,"href":"https:\/\/gtmteknoloji.com\/b2b\/wp-json\/wp\/v2\/product_brand?post=9814"},{"taxonomy":"product_cat","embeddable":true,"href":"https:\/\/gtmteknoloji.com\/b2b\/wp-json\/wp\/v2\/product_cat?post=9814"},{"taxonomy":"product_tag","embeddable":true,"href":"https:\/\/gtmteknoloji.com\/b2b\/wp-json\/wp\/v2\/product_tag?post=9814"}],"curies":[{"name":"wp","href":"https:\/\/api.w.org\/{rel}","templated":true}]}}