{"id":9815,"date":"2025-04-14T04:27:31","date_gmt":"2025-04-14T01:27:31","guid":{"rendered":"https:\/\/gtmteknoloji.com\/b2b\/?post_type=product&#038;p=9815"},"modified":"2025-04-14T04:27:39","modified_gmt":"2025-04-14T01:27:39","slug":"jetson-xavier-nx","status":"publish","type":"product","link":"https:\/\/gtmteknoloji.com\/b2b\/magaza\/nvidia-gelistirici-kitleri\/jetson-xavier-nx\/","title":{"rendered":"Jetson Xavier NX"},"content":{"rendered":"<p><strong>NVIDIA JETSON XAVIER NX<\/strong><\/p>\n<p><strong>XAVIER PERFORMANSI.\u00a0NANO BOYUTU.<\/strong><\/p>\n<p>NVIDIA\u00ae Jetson Xavier \u2122 NX, kredi kart\u0131ndan daha k\u00fc\u00e7\u00fck olan kompakt bir mod\u00fcl \u00fczerinde sistemde (SoM) s\u00fcper bilgisayar performans\u0131n\u0131 u\u00e7 noktaya getirir.\u00a0NVIDIA&#8217;n\u0131n birle\u015fik yaz\u0131l\u0131m mimarisiyle modern yapay zeka i\u015f y\u00fckleri i\u00e7in 21&#8217;e kadar TOPS sunar ve 10 watt kadar az g\u00fc\u00e7 kullanarak geli\u015fmi\u015f \u00e7\u00f6z\u00fcmler olu\u015fturmak i\u00e7in kapsaml\u0131 I \/ O aray\u00fczlerine sahiptir.<\/p>\n<p>NVIDIA yaz\u0131l\u0131m y\u0131\u011f\u0131n\u0131n\u0131n tamam\u0131, NVIDIA JetPack \u2122 SDK kullan\u0131larak Jetson Xavier NX&#8217;te mevcuttur.\u00a0Derin \u00f6\u011frenme i\u00e7in h\u0131zland\u0131r\u0131lm\u0131\u015f kitapl\u0131klar\u0131n yan\u0131 s\u0131ra bilgisayarla g\u00f6rme, bilgisayar grafikleri, multimedya ve daha fazlas\u0131n\u0131 i\u00e7eren t\u00fcm b\u00fcy\u00fck AI \u00e7er\u00e7evelerini destekler.\u00a0Jetson \u2122 \u00fcr\u00fcn ailesindeki ayn\u0131 CUDA-X AI \u2122 yaz\u0131l\u0131m mimarisi, h\u0131zl\u0131 pazarlama ve \u00f6l\u00e7eklenebilirlik sa\u011flayarak geli\u015ftirme maliyetlerini d\u00fc\u015f\u00fcr\u00fcr.<\/p>\n<p>14 TOPS&#8217;ye (10 W&#8217;ta) veya 21 TOPS&#8217;ye (15 W&#8217;ta) varan performans, Jetson Xavier NX&#8217;in birden \u00e7ok sinir a\u011f\u0131n\u0131 paralel olarak \u00e7al\u0131\u015ft\u0131rmas\u0131na ve ayn\u0131 anda birden \u00e7ok y\u00fcksek \u00e7\u00f6z\u00fcn\u00fcrl\u00fckl\u00fc sens\u00f6rden gelen verileri i\u015flemesine olanak tan\u0131r.\u00a0Ayr\u0131ca, y\u00fcksek h\u0131zl\u0131 CSI ve PCIe&#8217;den d\u00fc\u015f\u00fck h\u0131zl\u0131 I2C&#8217;lere ve GPIO&#8217;lara kadar zengin bir I \/ O&#8217;setiyle performans ve g\u00fc\u00e7 avantajlar\u0131n\u0131n benzersiz bir kombinasyonunu sunar, daha y\u00fcksek performans gerektiren ancak daha y\u00fcksek performans gerektiren yerle\u015fik ve u\u00e7 bilgi i\u015flem cihazlar\u0131n\u0131n kap\u0131s\u0131n\u0131 a\u00e7ar. boyut, a\u011f\u0131rl\u0131k ve g\u00fc\u00e7 b\u00fct\u00e7eleri ile s\u0131n\u0131rl\u0131d\u0131r.\u00a0Bunlar aras\u0131nda dronlar, ta\u015f\u0131nabilir t\u0131bbi cihazlar, ticari robotlar, fabrika lojisti\u011fi i\u00e7in ak\u0131ll\u0131 y\u00fcksek \u00e7\u00f6z\u00fcn\u00fcrl\u00fckl\u00fc sens\u00f6rler ve otomatik optik inceleme ve di\u011fer AIoT sistemleri bulunur.<\/p>\n<table border=\"1\" cellspacing=\"1\" cellpadding=\"1\">\n<tbody>\n<tr>\n<td><strong>AI Performance<\/strong><\/td>\n<td>21 TOPS (INT8)<\/td>\n<\/tr>\n<tr>\n<td><strong>GPU<\/strong><\/td>\n<td>NVIDIA Volta architecture with 384 NVIDIA CUDA\u00ae cores and 48 Tensor core<\/td>\n<\/tr>\n<tr>\n<td><strong>Max GPU Freq<\/strong><\/td>\n<td>1100 MHz<\/td>\n<\/tr>\n<tr>\n<td><strong>CPU<\/strong><\/td>\n<td>6-core NVIDIA Carmel ARM\u00aev8.2 64-bit CPU 6 MB L2 + 4 MB L3<\/td>\n<\/tr>\n<tr>\n<td><strong>CPU Max Freq<\/strong><\/td>\n<td>1.9 GHz<\/td>\n<\/tr>\n<tr>\n<td><strong>Memory<\/strong><\/td>\n<td>8 GB 128-bit LPDDR4x 51.2 GB\/s<\/td>\n<\/tr>\n<tr>\n<td><strong>Storage<\/strong><\/td>\n<td>16 GB eMMC 5.1<\/td>\n<\/tr>\n<tr>\n<td><strong>Power<\/strong><\/td>\n<td>10 W | 15 W<\/td>\n<\/tr>\n<tr>\n<td><strong>PCIe<\/strong><\/td>\n<td>1 x1 + 1 x4, total 80 GT\/s (PCIe Gen3)<\/td>\n<\/tr>\n<tr>\n<td><strong>CSI Camera<\/strong><\/td>\n<td>Up to 6 cameras (36 via virtual channels) 12 lanes MIPI CSI-2 D-PHY 1.2 (up to 30 Gbps)<\/td>\n<\/tr>\n<tr>\n<td><strong>Video Encode<\/strong><\/td>\n<td>2&#215;464 MP\/sec (HEVC) 2x 4K @ 30 (HEVC) 6x 1080p @ 60 (HEVC) 14x 1080p @ 30 (HEVC)<\/td>\n<\/tr>\n<tr>\n<td><strong>Video Decode<\/strong><\/td>\n<td>2&#215;690 MP\/sec (HEVC) 2x 4K @ 60 (HEVC) 4x 4K @ 30 (HEVC) 12x 1080p @ 60 (HEVC) 32x 1080p @ 30 (HEVC) 16x 1080p @ 30\u00a0 (H.264)<\/td>\n<\/tr>\n<tr>\n<td><strong>Display<\/strong><\/td>\n<td>2 multi-mode DP 1.4\/eDP 1.4\/HDMI 2.0<\/td>\n<\/tr>\n<tr>\n<td><strong>DL Accelerator<\/strong><\/td>\n<td>2x NVDLA Engines<\/td>\n<\/tr>\n<tr>\n<td><strong>DLA Max Freq<\/strong><\/td>\n<td>1100 MHz<\/td>\n<\/tr>\n<tr>\n<td><strong>Networking<\/strong><\/td>\n<td>10\/100\/1000 BASE-T Ethernet<\/td>\n<\/tr>\n<tr>\n<td><strong>USB<\/strong><\/td>\n<td>1 USB 3.1 (10 Gbps) | 3x USB 2.0<\/td>\n<\/tr>\n<tr>\n<td><strong>Other IOs<\/strong><\/td>\n<td>1x SDIO \/ 2x SPI\u00a0 \/ 3x UART \/ 2x I2S \/ 4x I2C \/ 1x CAN \/ GPIOs<\/td>\n<\/tr>\n<tr>\n<td><strong>Mechanical<\/strong><\/td>\n<td>45 mm x 69.6 mm 260 pin SO-DIMM connector<\/td>\n<\/tr>\n<\/tbody>\n<\/table>\n<p>&nbsp;<\/p>\n","protected":false},"excerpt":{"rendered":"<h1><a href=\"https:\/\/gtmteknoloji.com\/teklif-talep\/\">TEKL\u0130F AL<\/a><\/h1>\n<h5><strong>NVIDIA JETSON\u00a0 XAVIER NX<\/strong><\/h5>\n<h5><strong>XAVIER PERFORMANCE. NANO SIZE.<\/strong><\/h5>\n","protected":false},"featured_media":6505,"template":"","meta":[],"product_brand":[342],"product_cat":[2522],"product_tag":[2525,2524],"class_list":{"0":"post-9815","1":"product","2":"type-product","3":"status-publish","4":"has-post-thumbnail","6":"product_brand-nvidia-npn-partner-gtmteknoloji","7":"product_cat-nvidia-gelistirici-kitleri","8":"product_tag-jetson-xavier-nx","9":"product_tag-nvidia-jetson-nano-solutions","11":"first","12":"instock","13":"taxable","14":"shipping-taxable","15":"product-type-external"},"yoast_head":"<!-- This site is optimized with the Yoast SEO Premium plugin v27.4 (Yoast SEO v27.4) - https:\/\/yoast.com\/product\/yoast-seo-premium-wordpress\/ -->\n<title>Jetson Xavier NX - GTM Teknoloji<\/title>\n<meta name=\"robots\" content=\"index, follow, max-snippet:-1, max-image-preview:large, max-video-preview:-1\" \/>\n<link rel=\"canonical\" href=\"https:\/\/gtmteknoloji.com\/b2b\/magaza\/nvidia-gelistirici-kitleri\/jetson-xavier-nx\/\" \/>\n<meta property=\"og:locale\" content=\"tr_TR\" \/>\n<meta property=\"og:type\" content=\"article\" \/>\n<meta property=\"og:title\" content=\"Jetson Xavier NX\" \/>\n<meta property=\"og:description\" content=\"TEKL\u0130F AL NVIDIA JETSON\u00a0 XAVIER NX XAVIER PERFORMANCE. NANO SIZE.\" \/>\n<meta property=\"og:url\" content=\"https:\/\/gtmteknoloji.com\/b2b\/magaza\/nvidia-gelistirici-kitleri\/jetson-xavier-nx\/\" \/>\n<meta property=\"og:site_name\" content=\"GTM Teknoloji\" \/>\n<meta property=\"article:publisher\" content=\"https:\/\/www.facebook.com\/SupermicroTurkiye\/?locale=tr_TR\" \/>\n<meta property=\"article:modified_time\" content=\"2025-04-14T01:27:39+00:00\" \/>\n<meta property=\"og:image\" content=\"https:\/\/gtmteknoloji.com\/b2b\/wp-content\/uploads\/2021\/01\/1450-20201016181938.png\" \/>\n\t<meta property=\"og:image:width\" content=\"432\" \/>\n\t<meta property=\"og:image:height\" content=\"432\" \/>\n\t<meta property=\"og:image:type\" content=\"image\/png\" \/>\n<meta name=\"twitter:card\" content=\"summary_large_image\" \/>\n<meta name=\"twitter:site\" content=\"@gtmteknoloji\" \/>\n<meta name=\"twitter:label1\" content=\"Fiyat\" \/>\n\t<meta name=\"twitter:data1\" content=\"\" \/>\n\t<meta name=\"twitter:label2\" content=\"Durumu\" \/>\n\t<meta name=\"twitter:data2\" content=\"Stokta var\" \/>\n<script type=\"application\/ld+json\" class=\"yoast-schema-graph\">{\"@context\":\"https:\\\/\\\/schema.org\",\"@graph\":[{\"@type\":\"WebPage\",\"@id\":\"https:\\\/\\\/gtmteknoloji.com\\\/b2b\\\/magaza\\\/nvidia-gelistirici-kitleri\\\/jetson-xavier-nx\\\/\",\"url\":\"https:\\\/\\\/gtmteknoloji.com\\\/b2b\\\/magaza\\\/nvidia-gelistirici-kitleri\\\/jetson-xavier-nx\\\/\",\"name\":\"Jetson Xavier NX - GTM Teknoloji\",\"isPartOf\":{\"@id\":\"https:\\\/\\\/gtmteknoloji.com\\\/b2b\\\/#website\"},\"primaryImageOfPage\":{\"@id\":\"https:\\\/\\\/gtmteknoloji.com\\\/b2b\\\/magaza\\\/nvidia-gelistirici-kitleri\\\/jetson-xavier-nx\\\/#primaryimage\"},\"image\":{\"@id\":\"https:\\\/\\\/gtmteknoloji.com\\\/b2b\\\/magaza\\\/nvidia-gelistirici-kitleri\\\/jetson-xavier-nx\\\/#primaryimage\"},\"thumbnailUrl\":\"https:\\\/\\\/gtmteknoloji.com\\\/b2b\\\/wp-content\\\/uploads\\\/2021\\\/01\\\/1450-20201016181938.png\",\"datePublished\":\"2025-04-14T01:27:31+00:00\",\"dateModified\":\"2025-04-14T01:27:39+00:00\",\"breadcrumb\":{\"@id\":\"https:\\\/\\\/gtmteknoloji.com\\\/b2b\\\/magaza\\\/nvidia-gelistirici-kitleri\\\/jetson-xavier-nx\\\/#breadcrumb\"},\"inLanguage\":\"tr\",\"potentialAction\":[{\"@type\":\"ReadAction\",\"target\":[\"https:\\\/\\\/gtmteknoloji.com\\\/b2b\\\/magaza\\\/nvidia-gelistirici-kitleri\\\/jetson-xavier-nx\\\/\"]}]},{\"@type\":\"ImageObject\",\"inLanguage\":\"tr\",\"@id\":\"https:\\\/\\\/gtmteknoloji.com\\\/b2b\\\/magaza\\\/nvidia-gelistirici-kitleri\\\/jetson-xavier-nx\\\/#primaryimage\",\"url\":\"https:\\\/\\\/gtmteknoloji.com\\\/b2b\\\/wp-content\\\/uploads\\\/2021\\\/01\\\/1450-20201016181938.png\",\"contentUrl\":\"https:\\\/\\\/gtmteknoloji.com\\\/b2b\\\/wp-content\\\/uploads\\\/2021\\\/01\\\/1450-20201016181938.png\",\"width\":432,\"height\":432},{\"@type\":\"BreadcrumbList\",\"@id\":\"https:\\\/\\\/gtmteknoloji.com\\\/b2b\\\/magaza\\\/nvidia-gelistirici-kitleri\\\/jetson-xavier-nx\\\/#breadcrumb\",\"itemListElement\":[{\"@type\":\"ListItem\",\"position\":1,\"name\":\"Home\",\"item\":\"https:\\\/\\\/gtmteknoloji.com\\\/b2b\\\/\"},{\"@type\":\"ListItem\",\"position\":2,\"name\":\"Ma\u011faza\",\"item\":\"https:\\\/\\\/gtmteknoloji.com\\\/b2b\\\/magaza\\\/\"},{\"@type\":\"ListItem\",\"position\":3,\"name\":\"Jetson Xavier NX\"}]},{\"@type\":\"WebSite\",\"@id\":\"https:\\\/\\\/gtmteknoloji.com\\\/b2b\\\/#website\",\"url\":\"https:\\\/\\\/gtmteknoloji.com\\\/b2b\\\/\",\"name\":\"GTM Teknoloji\",\"description\":\"B2B Sat\u0131\u015f Portal\u0131\",\"publisher\":{\"@id\":\"https:\\\/\\\/gtmteknoloji.com\\\/b2b\\\/#organization\"},\"potentialAction\":[{\"@type\":\"SearchAction\",\"target\":{\"@type\":\"EntryPoint\",\"urlTemplate\":\"https:\\\/\\\/gtmteknoloji.com\\\/b2b\\\/?s={search_term_string}\"},\"query-input\":{\"@type\":\"PropertyValueSpecification\",\"valueRequired\":true,\"valueName\":\"search_term_string\"}}],\"inLanguage\":\"tr\"},{\"@type\":\"Organization\",\"@id\":\"https:\\\/\\\/gtmteknoloji.com\\\/b2b\\\/#organization\",\"name\":\"GTM Teknoloji\",\"url\":\"https:\\\/\\\/gtmteknoloji.com\\\/b2b\\\/\",\"logo\":{\"@type\":\"ImageObject\",\"inLanguage\":\"tr\",\"@id\":\"https:\\\/\\\/gtmteknoloji.com\\\/b2b\\\/#\\\/schema\\\/logo\\\/image\\\/\",\"url\":\"https:\\\/\\\/gtmteknoloji.com\\\/b2b\\\/wp-content\\\/uploads\\\/2020\\\/12\\\/GTM-logo.png\",\"contentUrl\":\"https:\\\/\\\/gtmteknoloji.com\\\/b2b\\\/wp-content\\\/uploads\\\/2020\\\/12\\\/GTM-logo.png\",\"width\":400,\"height\":400,\"caption\":\"GTM Teknoloji\"},\"image\":{\"@id\":\"https:\\\/\\\/gtmteknoloji.com\\\/b2b\\\/#\\\/schema\\\/logo\\\/image\\\/\"},\"sameAs\":[\"https:\\\/\\\/www.facebook.com\\\/SupermicroTurkiye\\\/?locale=tr_TR\",\"https:\\\/\\\/x.com\\\/gtmteknoloji\"]}]}<\/script>\n<meta property=\"product:brand\" content=\"Nvidia\" \/>\n<meta property=\"product:price:currency\" content=\"USD\" \/>\n<meta property=\"og:availability\" content=\"instock\" \/>\n<meta property=\"product:availability\" content=\"instock\" \/>\n<meta property=\"product:condition\" content=\"new\" \/>\n<!-- \/ Yoast SEO Premium plugin. -->","yoast_head_json":{"title":"Jetson Xavier NX - GTM Teknoloji","robots":{"index":"index","follow":"follow","max-snippet":"max-snippet:-1","max-image-preview":"max-image-preview:large","max-video-preview":"max-video-preview:-1"},"canonical":"https:\/\/gtmteknoloji.com\/b2b\/magaza\/nvidia-gelistirici-kitleri\/jetson-xavier-nx\/","og_locale":"tr_TR","og_type":"article","og_title":"Jetson Xavier NX","og_description":"TEKL\u0130F AL NVIDIA JETSON\u00a0 XAVIER NX XAVIER PERFORMANCE. NANO SIZE.","og_url":"https:\/\/gtmteknoloji.com\/b2b\/magaza\/nvidia-gelistirici-kitleri\/jetson-xavier-nx\/","og_site_name":"GTM Teknoloji","article_publisher":"https:\/\/www.facebook.com\/SupermicroTurkiye\/?locale=tr_TR","article_modified_time":"2025-04-14T01:27:39+00:00","og_image":[{"width":432,"height":432,"url":"https:\/\/gtmteknoloji.com\/b2b\/wp-content\/uploads\/2021\/01\/1450-20201016181938.png","type":"image\/png"}],"twitter_card":"summary_large_image","twitter_site":"@gtmteknoloji","twitter_misc":{"Fiyat":"","Durumu":"Stokta var"},"schema":{"@context":"https:\/\/schema.org","@graph":[{"@type":"WebPage","@id":"https:\/\/gtmteknoloji.com\/b2b\/magaza\/nvidia-gelistirici-kitleri\/jetson-xavier-nx\/","url":"https:\/\/gtmteknoloji.com\/b2b\/magaza\/nvidia-gelistirici-kitleri\/jetson-xavier-nx\/","name":"Jetson Xavier NX - GTM Teknoloji","isPartOf":{"@id":"https:\/\/gtmteknoloji.com\/b2b\/#website"},"primaryImageOfPage":{"@id":"https:\/\/gtmteknoloji.com\/b2b\/magaza\/nvidia-gelistirici-kitleri\/jetson-xavier-nx\/#primaryimage"},"image":{"@id":"https:\/\/gtmteknoloji.com\/b2b\/magaza\/nvidia-gelistirici-kitleri\/jetson-xavier-nx\/#primaryimage"},"thumbnailUrl":"https:\/\/gtmteknoloji.com\/b2b\/wp-content\/uploads\/2021\/01\/1450-20201016181938.png","datePublished":"2025-04-14T01:27:31+00:00","dateModified":"2025-04-14T01:27:39+00:00","breadcrumb":{"@id":"https:\/\/gtmteknoloji.com\/b2b\/magaza\/nvidia-gelistirici-kitleri\/jetson-xavier-nx\/#breadcrumb"},"inLanguage":"tr","potentialAction":[{"@type":"ReadAction","target":["https:\/\/gtmteknoloji.com\/b2b\/magaza\/nvidia-gelistirici-kitleri\/jetson-xavier-nx\/"]}]},{"@type":"ImageObject","inLanguage":"tr","@id":"https:\/\/gtmteknoloji.com\/b2b\/magaza\/nvidia-gelistirici-kitleri\/jetson-xavier-nx\/#primaryimage","url":"https:\/\/gtmteknoloji.com\/b2b\/wp-content\/uploads\/2021\/01\/1450-20201016181938.png","contentUrl":"https:\/\/gtmteknoloji.com\/b2b\/wp-content\/uploads\/2021\/01\/1450-20201016181938.png","width":432,"height":432},{"@type":"BreadcrumbList","@id":"https:\/\/gtmteknoloji.com\/b2b\/magaza\/nvidia-gelistirici-kitleri\/jetson-xavier-nx\/#breadcrumb","itemListElement":[{"@type":"ListItem","position":1,"name":"Home","item":"https:\/\/gtmteknoloji.com\/b2b\/"},{"@type":"ListItem","position":2,"name":"Ma\u011faza","item":"https:\/\/gtmteknoloji.com\/b2b\/magaza\/"},{"@type":"ListItem","position":3,"name":"Jetson Xavier NX"}]},{"@type":"WebSite","@id":"https:\/\/gtmteknoloji.com\/b2b\/#website","url":"https:\/\/gtmteknoloji.com\/b2b\/","name":"GTM Teknoloji","description":"B2B Sat\u0131\u015f Portal\u0131","publisher":{"@id":"https:\/\/gtmteknoloji.com\/b2b\/#organization"},"potentialAction":[{"@type":"SearchAction","target":{"@type":"EntryPoint","urlTemplate":"https:\/\/gtmteknoloji.com\/b2b\/?s={search_term_string}"},"query-input":{"@type":"PropertyValueSpecification","valueRequired":true,"valueName":"search_term_string"}}],"inLanguage":"tr"},{"@type":"Organization","@id":"https:\/\/gtmteknoloji.com\/b2b\/#organization","name":"GTM Teknoloji","url":"https:\/\/gtmteknoloji.com\/b2b\/","logo":{"@type":"ImageObject","inLanguage":"tr","@id":"https:\/\/gtmteknoloji.com\/b2b\/#\/schema\/logo\/image\/","url":"https:\/\/gtmteknoloji.com\/b2b\/wp-content\/uploads\/2020\/12\/GTM-logo.png","contentUrl":"https:\/\/gtmteknoloji.com\/b2b\/wp-content\/uploads\/2020\/12\/GTM-logo.png","width":400,"height":400,"caption":"GTM Teknoloji"},"image":{"@id":"https:\/\/gtmteknoloji.com\/b2b\/#\/schema\/logo\/image\/"},"sameAs":["https:\/\/www.facebook.com\/SupermicroTurkiye\/?locale=tr_TR","https:\/\/x.com\/gtmteknoloji"]}]},"product_brand":"Nvidia","product_price_currency":"USD","og_availability":"instock","product_availability":"instock","product_condition":"new"},"_links":{"self":[{"href":"https:\/\/gtmteknoloji.com\/b2b\/wp-json\/wp\/v2\/product\/9815","targetHints":{"allow":["GET"]}}],"collection":[{"href":"https:\/\/gtmteknoloji.com\/b2b\/wp-json\/wp\/v2\/product"}],"about":[{"href":"https:\/\/gtmteknoloji.com\/b2b\/wp-json\/wp\/v2\/types\/product"}],"version-history":[{"count":1,"href":"https:\/\/gtmteknoloji.com\/b2b\/wp-json\/wp\/v2\/product\/9815\/revisions"}],"predecessor-version":[{"id":9845,"href":"https:\/\/gtmteknoloji.com\/b2b\/wp-json\/wp\/v2\/product\/9815\/revisions\/9845"}],"wp:featuredmedia":[{"embeddable":true,"href":"https:\/\/gtmteknoloji.com\/b2b\/wp-json\/wp\/v2\/media\/6505"}],"wp:attachment":[{"href":"https:\/\/gtmteknoloji.com\/b2b\/wp-json\/wp\/v2\/media?parent=9815"}],"wp:term":[{"taxonomy":"product_brand","embeddable":true,"href":"https:\/\/gtmteknoloji.com\/b2b\/wp-json\/wp\/v2\/product_brand?post=9815"},{"taxonomy":"product_cat","embeddable":true,"href":"https:\/\/gtmteknoloji.com\/b2b\/wp-json\/wp\/v2\/product_cat?post=9815"},{"taxonomy":"product_tag","embeddable":true,"href":"https:\/\/gtmteknoloji.com\/b2b\/wp-json\/wp\/v2\/product_tag?post=9815"}],"curies":[{"name":"wp","href":"https:\/\/api.w.org\/{rel}","templated":true}]}}