{"id":9816,"date":"2025-04-14T04:27:31","date_gmt":"2025-04-14T01:27:31","guid":{"rendered":"https:\/\/gtmteknoloji.com\/b2b\/?post_type=product&#038;p=9816"},"modified":"2025-04-14T04:27:39","modified_gmt":"2025-04-14T01:27:39","slug":"jetson-nano","status":"publish","type":"product","link":"https:\/\/gtmteknoloji.com\/b2b\/magaza\/nvidia-gelistirici-kitleri\/jetson-nano\/","title":{"rendered":"Jetson Nano"},"content":{"rendered":"<p><strong>NVIDIA JETSON NANO\u00a0<\/strong><\/p>\n<p><strong>AI&#8217;YI M\u0130LYONLARCA YEN\u0130 C\u0130HAZA GET\u0130R\u0130YORUZ<\/strong><\/p>\n<p>AI devrimi end\u00fcstrileri d\u00f6n\u00fc\u015ft\u00fcr\u00fcyor ve NVIDIA benimsenmesinde \u00f6nemli bir rol oynuyor.\u00a0NVIDIA GPU&#8217;lar, veri merkezlerinin sesli asistanlar gibi t\u00fcketici arama hizmetlerini milyonlarca insana aktarmas\u0131n\u0131 sa\u011flar.\u00a0NVIDIA DRIVE \u2122 AGX \u00e7\u00f6z\u00fcmleri, y\u0131ldan y\u0131la daha g\u00fcvenli ve daha yetenekli olan s\u00fcr\u00fcc\u00fcs\u00fcz arabalara g\u00fc\u00e7 sa\u011flar.\u00a0Ve NVIDIA Jetson \u2122 platformu, ak\u0131ll\u0131 \u015fehirlerden robotiklere kadar bir\u00e7ok sekt\u00f6re hizmet vererek, yapay zekay\u0131 u\u00e7taki sistemlere da\u011f\u0131tmay\u0131 m\u00fcmk\u00fcn k\u0131lar.<\/p>\n<p>Daha fazla kat\u0131l\u0131mla birlikte, daha k\u00fc\u00e7\u00fck, daha fazla enerji verimli ve daha uygun fiyatl\u0131 daha fazla \u00fcr\u00fcne yapay zeka getirme iste\u011fi gelir.\u00a0Ancak \u015fimdiye kadar bir\u00e7ok \u015firket boyut, g\u00fc\u00e7 ve yapay zeka hesaplama yo\u011funlu\u011funun zorluklar\u0131 nedeniyle k\u0131s\u0131tland\u0131.<\/p>\n<table border=\"1\" cellspacing=\"1\" cellpadding=\"1\">\n<tbody>\n<tr>\n<td><strong>GPU<\/strong><\/td>\n<td>128-core Maxwell 472 GFLOPs (FP16) @ 921 MHz<\/td>\n<\/tr>\n<tr>\n<td><strong>CPU<\/strong><\/td>\n<td>4-core ARM A57 @ 1.43 GHz<\/td>\n<\/tr>\n<tr>\n<td><strong>Memory<\/strong><\/td>\n<td>4 GB 64-bit LPDDR4 @ 1600 MHz, 25.6 GB\/s<\/td>\n<\/tr>\n<tr>\n<td><strong>Storage<\/strong><\/td>\n<td>16 GB eMMC<\/td>\n<\/tr>\n<tr>\n<td><strong>Video Encode<\/strong><\/td>\n<td>4K @ 30 | 4x 1080p @ 30 | 9x 720p @ 30 (H.264\/H.265)<\/td>\n<\/tr>\n<tr>\n<td><strong>Video Decode<\/strong><\/td>\n<td>4K @ 60 | 2x 4K @ 30 | 8x 1080p @ 30 | 16x 720p @ 30| (H.264\/H.265)<\/td>\n<\/tr>\n<tr>\n<td><strong>Camera\u00a0<\/strong><\/td>\n<td>12 (3&#215;4 or 4&#215;2) MIPI CSI-2 DPHY 1.1 lanes (1.5 Gbps)<\/td>\n<\/tr>\n<tr>\n<td><strong>Display<\/strong><\/td>\n<td>HDMI 2.0 or DP1.2 | eDP 1.4 | DSI (1 x2) 2 simultaneous<\/td>\n<\/tr>\n<tr>\n<td><strong>UPHY<\/strong><\/td>\n<td>1 x1\/2\/4 PCIE, 1x USB 3.0, 3x USB 2.0<\/td>\n<\/tr>\n<tr>\n<td><strong>IO<\/strong><\/td>\n<td>1x SDIO \/ 2x SPI \/ 6x I2C \/ 2x I2S \/ GPIOs<\/td>\n<\/tr>\n<tr>\n<td><strong>Mechanical<\/strong><\/td>\n<td>69 mm x 45 mm, 260-pin edge connector<\/td>\n<\/tr>\n<\/tbody>\n<\/table>\n","protected":false},"excerpt":{"rendered":"<h1><a href=\"https:\/\/gtmteknoloji.com\/teklif-talep\/\">TEKL\u0130F AL<\/a><\/h1>\n<h5><strong>NVIDIA JETSON NANO\u00a0<\/strong><\/h5>\n<h5><strong>BRINGING AI TO MILLIONS\u00a0 OF NEW DEVICES AT THE EDGE<\/strong><\/h5>\n","protected":false},"featured_media":6507,"template":"","meta":[],"product_brand":[342],"product_cat":[2522],"product_tag":[2525,2526,2524],"class_list":{"0":"post-9816","1":"product","2":"type-product","3":"status-publish","4":"has-post-thumbnail","6":"product_brand-nvidia-npn-partner-gtmteknoloji","7":"product_cat-nvidia-gelistirici-kitleri","8":"product_tag-jetson-xavier-nx","9":"product_tag-nvidia-jetson-nano","10":"product_tag-nvidia-jetson-nano-solutions","12":"first","13":"instock","14":"taxable","15":"shipping-taxable","16":"product-type-external"},"yoast_head":"<!-- This site is optimized with the Yoast SEO Premium plugin v27.4 (Yoast SEO v27.4) - https:\/\/yoast.com\/product\/yoast-seo-premium-wordpress\/ -->\n<title>Jetson Nano - GTM Teknoloji<\/title>\n<meta name=\"robots\" content=\"index, follow, max-snippet:-1, max-image-preview:large, max-video-preview:-1\" \/>\n<link rel=\"canonical\" href=\"https:\/\/gtmteknoloji.com\/b2b\/magaza\/nvidia-gelistirici-kitleri\/jetson-nano\/\" \/>\n<meta property=\"og:locale\" content=\"tr_TR\" \/>\n<meta property=\"og:type\" content=\"article\" \/>\n<meta property=\"og:title\" content=\"Jetson Nano\" \/>\n<meta property=\"og:description\" content=\"TEKL\u0130F AL NVIDIA JETSON NANO\u00a0 BRINGING AI TO MILLIONS\u00a0 OF NEW DEVICES AT THE EDGE\" \/>\n<meta property=\"og:url\" content=\"https:\/\/gtmteknoloji.com\/b2b\/magaza\/nvidia-gelistirici-kitleri\/jetson-nano\/\" \/>\n<meta property=\"og:site_name\" content=\"GTM Teknoloji\" \/>\n<meta property=\"article:publisher\" content=\"https:\/\/www.facebook.com\/SupermicroTurkiye\/?locale=tr_TR\" \/>\n<meta property=\"article:modified_time\" content=\"2025-04-14T01:27:39+00:00\" \/>\n<meta property=\"og:image\" content=\"https:\/\/gtmteknoloji.com\/b2b\/wp-content\/uploads\/2021\/01\/1449-20201016181245.png\" \/>\n\t<meta property=\"og:image:width\" content=\"432\" \/>\n\t<meta property=\"og:image:height\" content=\"432\" \/>\n\t<meta property=\"og:image:type\" content=\"image\/png\" \/>\n<meta name=\"twitter:card\" content=\"summary_large_image\" \/>\n<meta name=\"twitter:site\" content=\"@gtmteknoloji\" \/>\n<meta name=\"twitter:label1\" content=\"Fiyat\" \/>\n\t<meta name=\"twitter:data1\" content=\"\" \/>\n\t<meta name=\"twitter:label2\" content=\"Durumu\" \/>\n\t<meta name=\"twitter:data2\" content=\"Stokta var\" \/>\n<script type=\"application\/ld+json\" class=\"yoast-schema-graph\">{\"@context\":\"https:\\\/\\\/schema.org\",\"@graph\":[{\"@type\":\"WebPage\",\"@id\":\"https:\\\/\\\/gtmteknoloji.com\\\/b2b\\\/magaza\\\/nvidia-gelistirici-kitleri\\\/jetson-nano\\\/\",\"url\":\"https:\\\/\\\/gtmteknoloji.com\\\/b2b\\\/magaza\\\/nvidia-gelistirici-kitleri\\\/jetson-nano\\\/\",\"name\":\"Jetson Nano - GTM Teknoloji\",\"isPartOf\":{\"@id\":\"https:\\\/\\\/gtmteknoloji.com\\\/b2b\\\/#website\"},\"primaryImageOfPage\":{\"@id\":\"https:\\\/\\\/gtmteknoloji.com\\\/b2b\\\/magaza\\\/nvidia-gelistirici-kitleri\\\/jetson-nano\\\/#primaryimage\"},\"image\":{\"@id\":\"https:\\\/\\\/gtmteknoloji.com\\\/b2b\\\/magaza\\\/nvidia-gelistirici-kitleri\\\/jetson-nano\\\/#primaryimage\"},\"thumbnailUrl\":\"https:\\\/\\\/gtmteknoloji.com\\\/b2b\\\/wp-content\\\/uploads\\\/2021\\\/01\\\/1449-20201016181245.png\",\"datePublished\":\"2025-04-14T01:27:31+00:00\",\"dateModified\":\"2025-04-14T01:27:39+00:00\",\"breadcrumb\":{\"@id\":\"https:\\\/\\\/gtmteknoloji.com\\\/b2b\\\/magaza\\\/nvidia-gelistirici-kitleri\\\/jetson-nano\\\/#breadcrumb\"},\"inLanguage\":\"tr\",\"potentialAction\":[{\"@type\":\"ReadAction\",\"target\":[\"https:\\\/\\\/gtmteknoloji.com\\\/b2b\\\/magaza\\\/nvidia-gelistirici-kitleri\\\/jetson-nano\\\/\"]}]},{\"@type\":\"ImageObject\",\"inLanguage\":\"tr\",\"@id\":\"https:\\\/\\\/gtmteknoloji.com\\\/b2b\\\/magaza\\\/nvidia-gelistirici-kitleri\\\/jetson-nano\\\/#primaryimage\",\"url\":\"https:\\\/\\\/gtmteknoloji.com\\\/b2b\\\/wp-content\\\/uploads\\\/2021\\\/01\\\/1449-20201016181245.png\",\"contentUrl\":\"https:\\\/\\\/gtmteknoloji.com\\\/b2b\\\/wp-content\\\/uploads\\\/2021\\\/01\\\/1449-20201016181245.png\",\"width\":432,\"height\":432},{\"@type\":\"BreadcrumbList\",\"@id\":\"https:\\\/\\\/gtmteknoloji.com\\\/b2b\\\/magaza\\\/nvidia-gelistirici-kitleri\\\/jetson-nano\\\/#breadcrumb\",\"itemListElement\":[{\"@type\":\"ListItem\",\"position\":1,\"name\":\"Home\",\"item\":\"https:\\\/\\\/gtmteknoloji.com\\\/b2b\\\/\"},{\"@type\":\"ListItem\",\"position\":2,\"name\":\"Ma\u011faza\",\"item\":\"https:\\\/\\\/gtmteknoloji.com\\\/b2b\\\/magaza\\\/\"},{\"@type\":\"ListItem\",\"position\":3,\"name\":\"Jetson Nano\"}]},{\"@type\":\"WebSite\",\"@id\":\"https:\\\/\\\/gtmteknoloji.com\\\/b2b\\\/#website\",\"url\":\"https:\\\/\\\/gtmteknoloji.com\\\/b2b\\\/\",\"name\":\"GTM Teknoloji\",\"description\":\"B2B Sat\u0131\u015f Portal\u0131\",\"publisher\":{\"@id\":\"https:\\\/\\\/gtmteknoloji.com\\\/b2b\\\/#organization\"},\"potentialAction\":[{\"@type\":\"SearchAction\",\"target\":{\"@type\":\"EntryPoint\",\"urlTemplate\":\"https:\\\/\\\/gtmteknoloji.com\\\/b2b\\\/?s={search_term_string}\"},\"query-input\":{\"@type\":\"PropertyValueSpecification\",\"valueRequired\":true,\"valueName\":\"search_term_string\"}}],\"inLanguage\":\"tr\"},{\"@type\":\"Organization\",\"@id\":\"https:\\\/\\\/gtmteknoloji.com\\\/b2b\\\/#organization\",\"name\":\"GTM Teknoloji\",\"url\":\"https:\\\/\\\/gtmteknoloji.com\\\/b2b\\\/\",\"logo\":{\"@type\":\"ImageObject\",\"inLanguage\":\"tr\",\"@id\":\"https:\\\/\\\/gtmteknoloji.com\\\/b2b\\\/#\\\/schema\\\/logo\\\/image\\\/\",\"url\":\"https:\\\/\\\/gtmteknoloji.com\\\/b2b\\\/wp-content\\\/uploads\\\/2020\\\/12\\\/GTM-logo.png\",\"contentUrl\":\"https:\\\/\\\/gtmteknoloji.com\\\/b2b\\\/wp-content\\\/uploads\\\/2020\\\/12\\\/GTM-logo.png\",\"width\":400,\"height\":400,\"caption\":\"GTM Teknoloji\"},\"image\":{\"@id\":\"https:\\\/\\\/gtmteknoloji.com\\\/b2b\\\/#\\\/schema\\\/logo\\\/image\\\/\"},\"sameAs\":[\"https:\\\/\\\/www.facebook.com\\\/SupermicroTurkiye\\\/?locale=tr_TR\",\"https:\\\/\\\/x.com\\\/gtmteknoloji\"]}]}<\/script>\n<meta property=\"product:brand\" content=\"Nvidia\" \/>\n<meta property=\"product:price:currency\" content=\"USD\" \/>\n<meta property=\"og:availability\" content=\"instock\" \/>\n<meta property=\"product:availability\" content=\"instock\" \/>\n<meta property=\"product:condition\" content=\"new\" \/>\n<!-- \/ Yoast SEO Premium plugin. -->","yoast_head_json":{"title":"Jetson Nano - GTM Teknoloji","robots":{"index":"index","follow":"follow","max-snippet":"max-snippet:-1","max-image-preview":"max-image-preview:large","max-video-preview":"max-video-preview:-1"},"canonical":"https:\/\/gtmteknoloji.com\/b2b\/magaza\/nvidia-gelistirici-kitleri\/jetson-nano\/","og_locale":"tr_TR","og_type":"article","og_title":"Jetson Nano","og_description":"TEKL\u0130F AL NVIDIA JETSON NANO\u00a0 BRINGING AI TO MILLIONS\u00a0 OF NEW DEVICES AT THE EDGE","og_url":"https:\/\/gtmteknoloji.com\/b2b\/magaza\/nvidia-gelistirici-kitleri\/jetson-nano\/","og_site_name":"GTM Teknoloji","article_publisher":"https:\/\/www.facebook.com\/SupermicroTurkiye\/?locale=tr_TR","article_modified_time":"2025-04-14T01:27:39+00:00","og_image":[{"width":432,"height":432,"url":"https:\/\/gtmteknoloji.com\/b2b\/wp-content\/uploads\/2021\/01\/1449-20201016181245.png","type":"image\/png"}],"twitter_card":"summary_large_image","twitter_site":"@gtmteknoloji","twitter_misc":{"Fiyat":"","Durumu":"Stokta var"},"schema":{"@context":"https:\/\/schema.org","@graph":[{"@type":"WebPage","@id":"https:\/\/gtmteknoloji.com\/b2b\/magaza\/nvidia-gelistirici-kitleri\/jetson-nano\/","url":"https:\/\/gtmteknoloji.com\/b2b\/magaza\/nvidia-gelistirici-kitleri\/jetson-nano\/","name":"Jetson Nano - GTM Teknoloji","isPartOf":{"@id":"https:\/\/gtmteknoloji.com\/b2b\/#website"},"primaryImageOfPage":{"@id":"https:\/\/gtmteknoloji.com\/b2b\/magaza\/nvidia-gelistirici-kitleri\/jetson-nano\/#primaryimage"},"image":{"@id":"https:\/\/gtmteknoloji.com\/b2b\/magaza\/nvidia-gelistirici-kitleri\/jetson-nano\/#primaryimage"},"thumbnailUrl":"https:\/\/gtmteknoloji.com\/b2b\/wp-content\/uploads\/2021\/01\/1449-20201016181245.png","datePublished":"2025-04-14T01:27:31+00:00","dateModified":"2025-04-14T01:27:39+00:00","breadcrumb":{"@id":"https:\/\/gtmteknoloji.com\/b2b\/magaza\/nvidia-gelistirici-kitleri\/jetson-nano\/#breadcrumb"},"inLanguage":"tr","potentialAction":[{"@type":"ReadAction","target":["https:\/\/gtmteknoloji.com\/b2b\/magaza\/nvidia-gelistirici-kitleri\/jetson-nano\/"]}]},{"@type":"ImageObject","inLanguage":"tr","@id":"https:\/\/gtmteknoloji.com\/b2b\/magaza\/nvidia-gelistirici-kitleri\/jetson-nano\/#primaryimage","url":"https:\/\/gtmteknoloji.com\/b2b\/wp-content\/uploads\/2021\/01\/1449-20201016181245.png","contentUrl":"https:\/\/gtmteknoloji.com\/b2b\/wp-content\/uploads\/2021\/01\/1449-20201016181245.png","width":432,"height":432},{"@type":"BreadcrumbList","@id":"https:\/\/gtmteknoloji.com\/b2b\/magaza\/nvidia-gelistirici-kitleri\/jetson-nano\/#breadcrumb","itemListElement":[{"@type":"ListItem","position":1,"name":"Home","item":"https:\/\/gtmteknoloji.com\/b2b\/"},{"@type":"ListItem","position":2,"name":"Ma\u011faza","item":"https:\/\/gtmteknoloji.com\/b2b\/magaza\/"},{"@type":"ListItem","position":3,"name":"Jetson Nano"}]},{"@type":"WebSite","@id":"https:\/\/gtmteknoloji.com\/b2b\/#website","url":"https:\/\/gtmteknoloji.com\/b2b\/","name":"GTM Teknoloji","description":"B2B Sat\u0131\u015f Portal\u0131","publisher":{"@id":"https:\/\/gtmteknoloji.com\/b2b\/#organization"},"potentialAction":[{"@type":"SearchAction","target":{"@type":"EntryPoint","urlTemplate":"https:\/\/gtmteknoloji.com\/b2b\/?s={search_term_string}"},"query-input":{"@type":"PropertyValueSpecification","valueRequired":true,"valueName":"search_term_string"}}],"inLanguage":"tr"},{"@type":"Organization","@id":"https:\/\/gtmteknoloji.com\/b2b\/#organization","name":"GTM Teknoloji","url":"https:\/\/gtmteknoloji.com\/b2b\/","logo":{"@type":"ImageObject","inLanguage":"tr","@id":"https:\/\/gtmteknoloji.com\/b2b\/#\/schema\/logo\/image\/","url":"https:\/\/gtmteknoloji.com\/b2b\/wp-content\/uploads\/2020\/12\/GTM-logo.png","contentUrl":"https:\/\/gtmteknoloji.com\/b2b\/wp-content\/uploads\/2020\/12\/GTM-logo.png","width":400,"height":400,"caption":"GTM Teknoloji"},"image":{"@id":"https:\/\/gtmteknoloji.com\/b2b\/#\/schema\/logo\/image\/"},"sameAs":["https:\/\/www.facebook.com\/SupermicroTurkiye\/?locale=tr_TR","https:\/\/x.com\/gtmteknoloji"]}]},"product_brand":"Nvidia","product_price_currency":"USD","og_availability":"instock","product_availability":"instock","product_condition":"new"},"_links":{"self":[{"href":"https:\/\/gtmteknoloji.com\/b2b\/wp-json\/wp\/v2\/product\/9816","targetHints":{"allow":["GET"]}}],"collection":[{"href":"https:\/\/gtmteknoloji.com\/b2b\/wp-json\/wp\/v2\/product"}],"about":[{"href":"https:\/\/gtmteknoloji.com\/b2b\/wp-json\/wp\/v2\/types\/product"}],"version-history":[{"count":1,"href":"https:\/\/gtmteknoloji.com\/b2b\/wp-json\/wp\/v2\/product\/9816\/revisions"}],"predecessor-version":[{"id":9846,"href":"https:\/\/gtmteknoloji.com\/b2b\/wp-json\/wp\/v2\/product\/9816\/revisions\/9846"}],"wp:featuredmedia":[{"embeddable":true,"href":"https:\/\/gtmteknoloji.com\/b2b\/wp-json\/wp\/v2\/media\/6507"}],"wp:attachment":[{"href":"https:\/\/gtmteknoloji.com\/b2b\/wp-json\/wp\/v2\/media?parent=9816"}],"wp:term":[{"taxonomy":"product_brand","embeddable":true,"href":"https:\/\/gtmteknoloji.com\/b2b\/wp-json\/wp\/v2\/product_brand?post=9816"},{"taxonomy":"product_cat","embeddable":true,"href":"https:\/\/gtmteknoloji.com\/b2b\/wp-json\/wp\/v2\/product_cat?post=9816"},{"taxonomy":"product_tag","embeddable":true,"href":"https:\/\/gtmteknoloji.com\/b2b\/wp-json\/wp\/v2\/product_tag?post=9816"}],"curies":[{"name":"wp","href":"https:\/\/api.w.org\/{rel}","templated":true}]}}