{"id":9817,"date":"2025-04-14T04:27:31","date_gmt":"2025-04-14T01:27:31","guid":{"rendered":"https:\/\/gtmteknoloji.com\/b2b\/?post_type=product&#038;p=9817"},"modified":"2025-04-14T04:27:40","modified_gmt":"2025-04-14T01:27:40","slug":"superstorage-6119p-acr12n4l","status":"publish","type":"product","link":"https:\/\/gtmteknoloji.com\/b2b\/magaza\/storage\/superstorage-6119p-acr12n4l\/","title":{"rendered":"SuperStorage 6119P-ACR12N4L"},"content":{"rendered":"<table class=\"table_5_10 table_compare\">\n<tbody>\n<tr class=\"category\">\n<td colspan=\"2\">Main Specifications<\/td>\n<\/tr>\n<tr class=\"details\">\n<td class=\"label\">Series<\/td>\n<td>SuperStorage<\/td>\n<\/tr>\n<tr class=\"details\">\n<td class=\"label\">Supported Processor<\/td>\n<td>Intel Xeon Scalable Processors<\/td>\n<\/tr>\n<tr class=\"details\">\n<td class=\"label\">System Bus<\/td>\n<td>Dual UPI up to 10.4 GT\/s<\/td>\n<\/tr>\n<tr class=\"details\">\n<td class=\"label\">Memory Technology<\/td>\n<td>DDR4 ECC Reg<\/td>\n<\/tr>\n<tr class=\"details\">\n<td class=\"label\">Chipset<\/td>\n<td>Intel C621<\/td>\n<\/tr>\n<tr class=\"details\">\n<td class=\"label\">Form Factor<\/td>\n<td>1U<\/td>\n<\/tr>\n<tr class=\"details\">\n<td class=\"label\">Color<\/td>\n<td>Black<\/td>\n<\/tr>\n<tr class=\"details\">\n<td class=\"label\">Backplane<\/td>\n<td>NVMe \/ SAS3 \/ SATA3 direct-connect backplane<\/td>\n<\/tr>\n<tr class=\"category\">\n<td colspan=\"2\">Detailed Specifications<\/td>\n<\/tr>\n<tr class=\"details\">\n<td class=\"label\">Memory Slots<\/td>\n<td>16x 288-pin DIMM Sockets<\/td>\n<\/tr>\n<tr class=\"details\">\n<td class=\"label\">Max Memory Support<\/td>\n<td>Up to 3TB 3DS ECC DDR4-2933MHz RDIMM\/LRDIMM<\/td>\n<\/tr>\n<tr class=\"details\">\n<td class=\"label\">Graphics<\/td>\n<td>ASPEED AST2500 BMC<\/td>\n<\/tr>\n<tr class=\"details\">\n<td class=\"label\">Ethernet<\/td>\n<td>Dual LAN with SOC<br \/>\nMellanox CONNECTX-4 LX EN 25GbE<\/td>\n<\/tr>\n<tr class=\"details\">\n<td class=\"label\">Serial ATA<\/td>\n<td>SATA3 (6Gbps); RAID 0, 1, 5, 10<\/td>\n<\/tr>\n<tr class=\"details\">\n<td class=\"label\">SAS<\/td>\n<td>SAS3 (12Gbps) via Broadcom 3224\/3216 SAS3 IT mode<\/td>\n<\/tr>\n<tr class=\"details\">\n<td class=\"label\">Power<\/td>\n<td>800W Redundant Power Supplies with PMBus<\/td>\n<\/tr>\n<tr class=\"details\">\n<td class=\"label\">External Bays<\/td>\n<td>12 Hot-swap 3.5&#8243; SAS3\/SATA3 HDD bays<br \/>\n4 Hot-swap 2.5&#8243; 7mm NVMe\/SATA drive bays<\/td>\n<\/tr>\n<tr class=\"details\">\n<td class=\"label\">M.2<\/td>\n<td>2x PCIe 3.0 x4\/SATA, Form Factor: 2280<\/td>\n<\/tr>\n<tr class=\"details\">\n<td class=\"label\">Expansion Slots<\/td>\n<td>1x low-profile PCIe 3.0 x16<br \/>\n1x low-profile PCIe 3.0 x8<br \/>\nAIOM x16<br \/>\nAOM storage slot (occupied by SAS3 AOM SAS3 HBA)<\/td>\n<\/tr>\n<tr class=\"details\">\n<td class=\"label\">Front Panel<\/td>\n<td>Power On\/Off button<br \/>\nUniversal Information (UID) button<br \/>\nPower status LED<br \/>\nHard drive activity LED<br \/>\nNetwork activity LEDs<br \/>\nUID LED<\/td>\n<\/tr>\n<tr class=\"details\">\n<td class=\"label\">BIOS<\/td>\n<td>AMI 32Mb SPI Flash ROM<\/td>\n<\/tr>\n<tr class=\"details\">\n<td class=\"label\">Cooling<\/td>\n<td>6x 40x40x56mm 20.5K-17.6K RPM counter-rotating fans<\/td>\n<\/tr>\n<tr class=\"details\">\n<td class=\"label\">Dimensions (WxHxD)<\/td>\n<td>17.6&#8243; (447mm) x 1.7&#8243; (43mm) x 37.5&#8243; (952.5mm)<\/td>\n<\/tr>\n<tr class=\"details\">\n<td class=\"label\">Gross Weight<\/td>\n<td>39.5 lbs (18 kg)<\/td>\n<\/tr>\n<tr class=\"details\">\n<td class=\"label\">PCI Express x16<\/td>\n<td>1<\/td>\n<\/tr>\n<tr class=\"details\">\n<td class=\"label\">PCI Express x8<\/td>\n<td>1<\/td>\n<\/tr>\n<tr class=\"details\">\n<td class=\"label\">USB Ports<\/td>\n<td>2 USB 2.0 ports (front via header)<br \/>\n2 USB 2.0 ports (rear)<br \/>\nMicro USB (COM Port)<\/td>\n<\/tr>\n<tr class=\"details\">\n<td class=\"label\">LAN Ports<\/td>\n<td>2x 25G Ethernet SFP28 LAN ports<br \/>\n1 RJ45 Dedicated IPMI LAN port<\/td>\n<\/tr>\n<tr class=\"details\">\n<td class=\"label\">SAS 12Gbps Controller<\/td>\n<td>Broadcom LSI SAS3 3216 HBA (IT Mode)<\/td>\n<\/tr>\n<tr class=\"details\">\n<td class=\"label\">SAS 12Gbps Ports<\/td>\n<td>16<\/td>\n<\/tr>\n<tr class=\"details\">\n<td class=\"label\">SATA 6Gbps AHCI Controller<\/td>\n<td>Intel C621 chipset<\/td>\n<\/tr>\n<tr class=\"details\">\n<td class=\"label\">M.2 Controller<\/td>\n<td>2<\/td>\n<\/tr>\n<tr class=\"details\">\n<td class=\"label\">Integrated Graphics<\/td>\n<td>Yes<\/td>\n<\/tr>\n<tr class=\"details\">\n<td class=\"label\">VGA Ports<\/td>\n<td>1<\/td>\n<\/tr>\n<tr class=\"details\">\n<td class=\"label\">Trusted Platform Module<\/td>\n<td>1x TPM Header<\/td>\n<\/tr>\n<\/tbody>\n<\/table>\n<p>&nbsp;<\/p>\n","protected":false},"excerpt":{"rendered":"<div class=\"grid_2 alignCenter\">\n<h1><a href=\"https:\/\/gtmteknoloji.com\/teklif-talep\/\">TEKL\u0130F AL<\/a><\/h1>\n<h6 class=\"seoimage\">Supermicro SuperStorage Server 6119P-ACR12N4L &#8211; 1U &#8211; 12x SATA\/SAS + 4x NVMe &#8211; LSI 3224 12G SAS &#8211; Dual 25GbE &#8211; 800W Redundant<br \/>\nSSG-6119P-ACR12N4L<\/h6>\n<\/div>\n","protected":false},"featured_media":6511,"template":"","meta":[],"product_brand":[338],"product_cat":[1743],"product_tag":[1839,1903,2527,1899],"class_list":{"0":"post-9817","1":"product","2":"type-product","3":"status-publish","4":"has-post-thumbnail","6":"product_brand-supermicro-server-turkiye","7":"product_cat-storage","8":"product_tag-1u-rackmount","9":"product_tag-sanallastirma-sunucu","10":"product_tag-ssg-6119p-acr12n4l","11":"product_tag-superstorage","13":"first","14":"instock","15":"taxable","16":"shipping-taxable","17":"product-type-external"},"yoast_head":"<!-- This site is optimized with the Yoast SEO Premium plugin v27.4 (Yoast SEO v27.4) - https:\/\/yoast.com\/product\/yoast-seo-premium-wordpress\/ -->\n<title>SuperStorage 6119P-ACR12N4L - GTM Teknoloji<\/title>\n<meta name=\"robots\" content=\"index, follow, max-snippet:-1, max-image-preview:large, max-video-preview:-1\" \/>\n<link rel=\"canonical\" href=\"https:\/\/gtmteknoloji.com\/b2b\/magaza\/storage\/superstorage-6119p-acr12n4l\/\" \/>\n<meta property=\"og:locale\" content=\"tr_TR\" \/>\n<meta property=\"og:type\" content=\"article\" \/>\n<meta property=\"og:title\" content=\"SuperStorage 6119P-ACR12N4L\" \/>\n<meta property=\"og:description\" content=\"TEKL\u0130F AL Supermicro SuperStorage Server 6119P-ACR12N4L - 1U - 12x SATA\/SAS + 4x NVMe - LSI 3224 12G SAS - Dual 25GbE - 800W Redundant SSG-6119P-ACR12N4L\" \/>\n<meta property=\"og:url\" content=\"https:\/\/gtmteknoloji.com\/b2b\/magaza\/storage\/superstorage-6119p-acr12n4l\/\" \/>\n<meta property=\"og:site_name\" content=\"GTM Teknoloji\" \/>\n<meta property=\"article:publisher\" content=\"https:\/\/www.facebook.com\/SupermicroTurkiye\/?locale=tr_TR\" \/>\n<meta property=\"article:modified_time\" content=\"2025-04-14T01:27:40+00:00\" \/>\n<meta property=\"og:image\" content=\"https:\/\/gtmteknoloji.com\/b2b\/wp-content\/uploads\/2021\/01\/SSG-6119P-ACR12N4L.png\" \/>\n\t<meta property=\"og:image:width\" content=\"261\" \/>\n\t<meta property=\"og:image:height\" content=\"222\" \/>\n\t<meta property=\"og:image:type\" content=\"image\/png\" \/>\n<meta name=\"twitter:card\" content=\"summary_large_image\" \/>\n<meta name=\"twitter:site\" content=\"@gtmteknoloji\" \/>\n<meta name=\"twitter:label1\" content=\"Fiyat\" \/>\n\t<meta name=\"twitter:data1\" content=\"\" \/>\n\t<meta name=\"twitter:label2\" content=\"Durumu\" \/>\n\t<meta name=\"twitter:data2\" content=\"Stokta var\" \/>\n<script type=\"application\/ld+json\" class=\"yoast-schema-graph\">{\"@context\":\"https:\\\/\\\/schema.org\",\"@graph\":[{\"@type\":\"WebPage\",\"@id\":\"https:\\\/\\\/gtmteknoloji.com\\\/b2b\\\/magaza\\\/storage\\\/superstorage-6119p-acr12n4l\\\/\",\"url\":\"https:\\\/\\\/gtmteknoloji.com\\\/b2b\\\/magaza\\\/storage\\\/superstorage-6119p-acr12n4l\\\/\",\"name\":\"SuperStorage 6119P-ACR12N4L - GTM Teknoloji\",\"isPartOf\":{\"@id\":\"https:\\\/\\\/gtmteknoloji.com\\\/b2b\\\/#website\"},\"primaryImageOfPage\":{\"@id\":\"https:\\\/\\\/gtmteknoloji.com\\\/b2b\\\/magaza\\\/storage\\\/superstorage-6119p-acr12n4l\\\/#primaryimage\"},\"image\":{\"@id\":\"https:\\\/\\\/gtmteknoloji.com\\\/b2b\\\/magaza\\\/storage\\\/superstorage-6119p-acr12n4l\\\/#primaryimage\"},\"thumbnailUrl\":\"https:\\\/\\\/gtmteknoloji.com\\\/b2b\\\/wp-content\\\/uploads\\\/2021\\\/01\\\/SSG-6119P-ACR12N4L.png\",\"datePublished\":\"2025-04-14T01:27:31+00:00\",\"dateModified\":\"2025-04-14T01:27:40+00:00\",\"breadcrumb\":{\"@id\":\"https:\\\/\\\/gtmteknoloji.com\\\/b2b\\\/magaza\\\/storage\\\/superstorage-6119p-acr12n4l\\\/#breadcrumb\"},\"inLanguage\":\"tr\",\"potentialAction\":[{\"@type\":\"ReadAction\",\"target\":[\"https:\\\/\\\/gtmteknoloji.com\\\/b2b\\\/magaza\\\/storage\\\/superstorage-6119p-acr12n4l\\\/\"]}]},{\"@type\":\"ImageObject\",\"inLanguage\":\"tr\",\"@id\":\"https:\\\/\\\/gtmteknoloji.com\\\/b2b\\\/magaza\\\/storage\\\/superstorage-6119p-acr12n4l\\\/#primaryimage\",\"url\":\"https:\\\/\\\/gtmteknoloji.com\\\/b2b\\\/wp-content\\\/uploads\\\/2021\\\/01\\\/SSG-6119P-ACR12N4L.png\",\"contentUrl\":\"https:\\\/\\\/gtmteknoloji.com\\\/b2b\\\/wp-content\\\/uploads\\\/2021\\\/01\\\/SSG-6119P-ACR12N4L.png\",\"width\":261,\"height\":222},{\"@type\":\"BreadcrumbList\",\"@id\":\"https:\\\/\\\/gtmteknoloji.com\\\/b2b\\\/magaza\\\/storage\\\/superstorage-6119p-acr12n4l\\\/#breadcrumb\",\"itemListElement\":[{\"@type\":\"ListItem\",\"position\":1,\"name\":\"Home\",\"item\":\"https:\\\/\\\/gtmteknoloji.com\\\/b2b\\\/\"},{\"@type\":\"ListItem\",\"position\":2,\"name\":\"Ma\u011faza\",\"item\":\"https:\\\/\\\/gtmteknoloji.com\\\/b2b\\\/magaza\\\/\"},{\"@type\":\"ListItem\",\"position\":3,\"name\":\"SuperStorage 6119P-ACR12N4L\"}]},{\"@type\":\"WebSite\",\"@id\":\"https:\\\/\\\/gtmteknoloji.com\\\/b2b\\\/#website\",\"url\":\"https:\\\/\\\/gtmteknoloji.com\\\/b2b\\\/\",\"name\":\"GTM Teknoloji\",\"description\":\"B2B Sat\u0131\u015f Portal\u0131\",\"publisher\":{\"@id\":\"https:\\\/\\\/gtmteknoloji.com\\\/b2b\\\/#organization\"},\"potentialAction\":[{\"@type\":\"SearchAction\",\"target\":{\"@type\":\"EntryPoint\",\"urlTemplate\":\"https:\\\/\\\/gtmteknoloji.com\\\/b2b\\\/?s={search_term_string}\"},\"query-input\":{\"@type\":\"PropertyValueSpecification\",\"valueRequired\":true,\"valueName\":\"search_term_string\"}}],\"inLanguage\":\"tr\"},{\"@type\":\"Organization\",\"@id\":\"https:\\\/\\\/gtmteknoloji.com\\\/b2b\\\/#organization\",\"name\":\"GTM Teknoloji\",\"url\":\"https:\\\/\\\/gtmteknoloji.com\\\/b2b\\\/\",\"logo\":{\"@type\":\"ImageObject\",\"inLanguage\":\"tr\",\"@id\":\"https:\\\/\\\/gtmteknoloji.com\\\/b2b\\\/#\\\/schema\\\/logo\\\/image\\\/\",\"url\":\"https:\\\/\\\/gtmteknoloji.com\\\/b2b\\\/wp-content\\\/uploads\\\/2020\\\/12\\\/GTM-logo.png\",\"contentUrl\":\"https:\\\/\\\/gtmteknoloji.com\\\/b2b\\\/wp-content\\\/uploads\\\/2020\\\/12\\\/GTM-logo.png\",\"width\":400,\"height\":400,\"caption\":\"GTM Teknoloji\"},\"image\":{\"@id\":\"https:\\\/\\\/gtmteknoloji.com\\\/b2b\\\/#\\\/schema\\\/logo\\\/image\\\/\"},\"sameAs\":[\"https:\\\/\\\/www.facebook.com\\\/SupermicroTurkiye\\\/?locale=tr_TR\",\"https:\\\/\\\/x.com\\\/gtmteknoloji\"]}]}<\/script>\n<meta property=\"product:brand\" content=\"Supermicro\" \/>\n<meta property=\"product:price:currency\" content=\"USD\" \/>\n<meta property=\"og:availability\" content=\"instock\" \/>\n<meta property=\"product:availability\" content=\"instock\" \/>\n<meta property=\"product:retailer_item_id\" content=\"SSG-6119P-001\" \/>\n<meta property=\"product:condition\" content=\"new\" \/>\n<!-- \/ Yoast SEO Premium plugin. -->","yoast_head_json":{"title":"SuperStorage 6119P-ACR12N4L - GTM Teknoloji","robots":{"index":"index","follow":"follow","max-snippet":"max-snippet:-1","max-image-preview":"max-image-preview:large","max-video-preview":"max-video-preview:-1"},"canonical":"https:\/\/gtmteknoloji.com\/b2b\/magaza\/storage\/superstorage-6119p-acr12n4l\/","og_locale":"tr_TR","og_type":"article","og_title":"SuperStorage 6119P-ACR12N4L","og_description":"TEKL\u0130F AL Supermicro SuperStorage Server 6119P-ACR12N4L - 1U - 12x SATA\/SAS + 4x NVMe - LSI 3224 12G SAS - Dual 25GbE - 800W Redundant SSG-6119P-ACR12N4L","og_url":"https:\/\/gtmteknoloji.com\/b2b\/magaza\/storage\/superstorage-6119p-acr12n4l\/","og_site_name":"GTM Teknoloji","article_publisher":"https:\/\/www.facebook.com\/SupermicroTurkiye\/?locale=tr_TR","article_modified_time":"2025-04-14T01:27:40+00:00","og_image":[{"width":261,"height":222,"url":"https:\/\/gtmteknoloji.com\/b2b\/wp-content\/uploads\/2021\/01\/SSG-6119P-ACR12N4L.png","type":"image\/png"}],"twitter_card":"summary_large_image","twitter_site":"@gtmteknoloji","twitter_misc":{"Fiyat":"","Durumu":"Stokta var"},"schema":{"@context":"https:\/\/schema.org","@graph":[{"@type":"WebPage","@id":"https:\/\/gtmteknoloji.com\/b2b\/magaza\/storage\/superstorage-6119p-acr12n4l\/","url":"https:\/\/gtmteknoloji.com\/b2b\/magaza\/storage\/superstorage-6119p-acr12n4l\/","name":"SuperStorage 6119P-ACR12N4L - GTM Teknoloji","isPartOf":{"@id":"https:\/\/gtmteknoloji.com\/b2b\/#website"},"primaryImageOfPage":{"@id":"https:\/\/gtmteknoloji.com\/b2b\/magaza\/storage\/superstorage-6119p-acr12n4l\/#primaryimage"},"image":{"@id":"https:\/\/gtmteknoloji.com\/b2b\/magaza\/storage\/superstorage-6119p-acr12n4l\/#primaryimage"},"thumbnailUrl":"https:\/\/gtmteknoloji.com\/b2b\/wp-content\/uploads\/2021\/01\/SSG-6119P-ACR12N4L.png","datePublished":"2025-04-14T01:27:31+00:00","dateModified":"2025-04-14T01:27:40+00:00","breadcrumb":{"@id":"https:\/\/gtmteknoloji.com\/b2b\/magaza\/storage\/superstorage-6119p-acr12n4l\/#breadcrumb"},"inLanguage":"tr","potentialAction":[{"@type":"ReadAction","target":["https:\/\/gtmteknoloji.com\/b2b\/magaza\/storage\/superstorage-6119p-acr12n4l\/"]}]},{"@type":"ImageObject","inLanguage":"tr","@id":"https:\/\/gtmteknoloji.com\/b2b\/magaza\/storage\/superstorage-6119p-acr12n4l\/#primaryimage","url":"https:\/\/gtmteknoloji.com\/b2b\/wp-content\/uploads\/2021\/01\/SSG-6119P-ACR12N4L.png","contentUrl":"https:\/\/gtmteknoloji.com\/b2b\/wp-content\/uploads\/2021\/01\/SSG-6119P-ACR12N4L.png","width":261,"height":222},{"@type":"BreadcrumbList","@id":"https:\/\/gtmteknoloji.com\/b2b\/magaza\/storage\/superstorage-6119p-acr12n4l\/#breadcrumb","itemListElement":[{"@type":"ListItem","position":1,"name":"Home","item":"https:\/\/gtmteknoloji.com\/b2b\/"},{"@type":"ListItem","position":2,"name":"Ma\u011faza","item":"https:\/\/gtmteknoloji.com\/b2b\/magaza\/"},{"@type":"ListItem","position":3,"name":"SuperStorage 6119P-ACR12N4L"}]},{"@type":"WebSite","@id":"https:\/\/gtmteknoloji.com\/b2b\/#website","url":"https:\/\/gtmteknoloji.com\/b2b\/","name":"GTM Teknoloji","description":"B2B Sat\u0131\u015f Portal\u0131","publisher":{"@id":"https:\/\/gtmteknoloji.com\/b2b\/#organization"},"potentialAction":[{"@type":"SearchAction","target":{"@type":"EntryPoint","urlTemplate":"https:\/\/gtmteknoloji.com\/b2b\/?s={search_term_string}"},"query-input":{"@type":"PropertyValueSpecification","valueRequired":true,"valueName":"search_term_string"}}],"inLanguage":"tr"},{"@type":"Organization","@id":"https:\/\/gtmteknoloji.com\/b2b\/#organization","name":"GTM Teknoloji","url":"https:\/\/gtmteknoloji.com\/b2b\/","logo":{"@type":"ImageObject","inLanguage":"tr","@id":"https:\/\/gtmteknoloji.com\/b2b\/#\/schema\/logo\/image\/","url":"https:\/\/gtmteknoloji.com\/b2b\/wp-content\/uploads\/2020\/12\/GTM-logo.png","contentUrl":"https:\/\/gtmteknoloji.com\/b2b\/wp-content\/uploads\/2020\/12\/GTM-logo.png","width":400,"height":400,"caption":"GTM Teknoloji"},"image":{"@id":"https:\/\/gtmteknoloji.com\/b2b\/#\/schema\/logo\/image\/"},"sameAs":["https:\/\/www.facebook.com\/SupermicroTurkiye\/?locale=tr_TR","https:\/\/x.com\/gtmteknoloji"]}]},"product_brand":"Supermicro","product_price_currency":"USD","og_availability":"instock","product_availability":"instock","product_retailer_item_id":"SSG-6119P-001","product_condition":"new"},"_links":{"self":[{"href":"https:\/\/gtmteknoloji.com\/b2b\/wp-json\/wp\/v2\/product\/9817","targetHints":{"allow":["GET"]}}],"collection":[{"href":"https:\/\/gtmteknoloji.com\/b2b\/wp-json\/wp\/v2\/product"}],"about":[{"href":"https:\/\/gtmteknoloji.com\/b2b\/wp-json\/wp\/v2\/types\/product"}],"version-history":[{"count":1,"href":"https:\/\/gtmteknoloji.com\/b2b\/wp-json\/wp\/v2\/product\/9817\/revisions"}],"predecessor-version":[{"id":9847,"href":"https:\/\/gtmteknoloji.com\/b2b\/wp-json\/wp\/v2\/product\/9817\/revisions\/9847"}],"wp:featuredmedia":[{"embeddable":true,"href":"https:\/\/gtmteknoloji.com\/b2b\/wp-json\/wp\/v2\/media\/6511"}],"wp:attachment":[{"href":"https:\/\/gtmteknoloji.com\/b2b\/wp-json\/wp\/v2\/media?parent=9817"}],"wp:term":[{"taxonomy":"product_brand","embeddable":true,"href":"https:\/\/gtmteknoloji.com\/b2b\/wp-json\/wp\/v2\/product_brand?post=9817"},{"taxonomy":"product_cat","embeddable":true,"href":"https:\/\/gtmteknoloji.com\/b2b\/wp-json\/wp\/v2\/product_cat?post=9817"},{"taxonomy":"product_tag","embeddable":true,"href":"https:\/\/gtmteknoloji.com\/b2b\/wp-json\/wp\/v2\/product_tag?post=9817"}],"curies":[{"name":"wp","href":"https:\/\/api.w.org\/{rel}","templated":true}]}}