{"id":9849,"date":"2025-04-14T04:27:41","date_gmt":"2025-04-14T01:27:41","guid":{"rendered":"https:\/\/gtmteknoloji.com\/b2b\/?post_type=product&#038;p=9849"},"modified":"2025-04-14T04:27:44","modified_gmt":"2025-04-14T01:27:44","slug":"superserver-8048b-tr3f-server","status":"publish","type":"product","link":"https:\/\/gtmteknoloji.com\/b2b\/magaza\/server\/mp-server\/superserver-8048b-tr3f-server\/","title":{"rendered":"SuperServer 8048B-TR3F Server"},"content":{"rendered":"<table class=\"table_5_10 table_compare\">\n<tbody>\n<tr class=\"category\">\n<td colspan=\"2\">Main Specifications<\/td>\n<\/tr>\n<tr class=\"details\">\n<td class=\"label\">Series<\/td>\n<td>SuperServer<\/td>\n<\/tr>\n<tr class=\"details\">\n<td class=\"label\">Supported Processor<\/td>\n<td>Intel Xeon Processor E7-8800\/4800 v4 Series<\/td>\n<\/tr>\n<tr class=\"details\">\n<td class=\"label\">System Bus<\/td>\n<td>9.6 GT\/s QPI<\/td>\n<\/tr>\n<tr class=\"details\">\n<td class=\"label\">Memory Technology<\/td>\n<td>DDR3 ECC Reg<\/td>\n<\/tr>\n<tr class=\"details\">\n<td class=\"label\">Chipset<\/td>\n<td>Intel C602J<\/td>\n<\/tr>\n<tr class=\"details\">\n<td class=\"label\">Form Factor<\/td>\n<td>4U\/Tower<\/td>\n<\/tr>\n<tr class=\"details\">\n<td class=\"label\">Color<\/td>\n<td>Black<\/td>\n<\/tr>\n<tr class=\"details\">\n<td class=\"label\">Backplane<\/td>\n<td>SATA\/SAS Discrete<\/td>\n<\/tr>\n<tr class=\"category\">\n<td colspan=\"2\">Detailed Specifications<\/td>\n<\/tr>\n<tr class=\"details\">\n<td class=\"label\">Memory Slots<\/td>\n<td>32x 240-pin DIMM Sockets<\/td>\n<\/tr>\n<tr class=\"details\">\n<td class=\"label\">Graphics<\/td>\n<td>Aspeed 2400<\/td>\n<\/tr>\n<tr class=\"details\">\n<td class=\"label\">Ethernet<\/td>\n<td>Intel\u00ae i350 Dual port GbE LAN<\/td>\n<\/tr>\n<tr class=\"details\">\n<td class=\"label\">Serial ATA<\/td>\n<td>SATA2 (3Gbps) with RAID 0, 1, 5, 10<br \/>\nSATA3 (6Gbps) with RAID 0, 1<\/td>\n<\/tr>\n<tr class=\"details\">\n<td class=\"label\">Power<\/td>\n<td>Redundant 1400W High-efficiency AC power supply with Digital Switching Control &amp; PMBus 1.2<\/td>\n<\/tr>\n<tr class=\"details\">\n<td class=\"label\">External Bays<\/td>\n<td>5x 3.5&#8243; Hot-swap Drive Bays<\/td>\n<\/tr>\n<tr class=\"details\">\n<td class=\"label\">Expansion Slots<\/td>\n<td>2x PCI-E 3.0 x16 Full-height slot<br \/>\n2x PCI-E 3.0 x8 Full-height slot<\/td>\n<\/tr>\n<tr class=\"details\">\n<td class=\"label\">Management<\/td>\n<td>IPMI 2.0 with virtual media over LAN and KVM-over-LAN support<\/td>\n<\/tr>\n<tr class=\"details\">\n<td class=\"label\">Back Panel<\/td>\n<td>3x USB 2.0 ports<br \/>\n2x LAN ports 1x Dedicated LAN supports IPMI<br \/>\n1x VGA port<br \/>\n1x Fast UART 16550 serial port<\/td>\n<\/tr>\n<tr class=\"details\">\n<td class=\"label\">BIOS<\/td>\n<td>16MB SPI Flash EEPROM with AMI\u00ae BIOS<\/td>\n<\/tr>\n<tr class=\"details\">\n<td class=\"label\">Cooling<\/td>\n<td>3x 9cm Heavy Duty fans with speed controlCooling Fans<br \/>\n3x 8cm Heavy Duty fans with speed controlCooling Fans<br \/>\n1x Air Shroud (MCP-310-74806-0B)<\/td>\n<\/tr>\n<tr class=\"details\">\n<td class=\"label\">Dimensions (WxHxD)<\/td>\n<td>7.0&#8243; (178mm) x 18.2&#8243; (462mm) x 28.4&#8243; (721mm)<\/td>\n<\/tr>\n<tr class=\"details\">\n<td class=\"label\">Gross Weight<\/td>\n<td>86.0 lbs (39.0 kg)<\/td>\n<\/tr>\n<tr class=\"details\">\n<td class=\"label\">PCI Express x16<\/td>\n<td>2<\/td>\n<\/tr>\n<tr class=\"details\">\n<td class=\"label\">PCI Express x8<\/td>\n<td>2<\/td>\n<\/tr>\n<tr class=\"details\">\n<td class=\"label\">USB Ports<\/td>\n<td>3x USB 2.0 rear ports<\/td>\n<\/tr>\n<tr class=\"details\">\n<td class=\"label\">Serial Ports<\/td>\n<td>2x Fast UART 16550 ports: 1 rear and 1 header<\/td>\n<\/tr>\n<tr class=\"details\">\n<td class=\"label\">LAN Ports<\/td>\n<td>2x RJ45 Gigabit Ethernet LAN ports<br \/>\n1x dedicated LAN port for IPMI on AOM<\/td>\n<\/tr>\n<tr class=\"details\">\n<td class=\"label\">SATA 3Gbps AHCI Controller<\/td>\n<td>Intel C602J<\/td>\n<\/tr>\n<tr class=\"details\">\n<td class=\"label\">SATA 3Gbps AHCI Ports<\/td>\n<td>4<\/td>\n<\/tr>\n<tr class=\"details\">\n<td class=\"label\">SATA 3Gbps AHCI RAID Levels<\/td>\n<td>0, 1, 5, 10<\/td>\n<\/tr>\n<tr class=\"details\">\n<td class=\"label\">SATA 6Gbps AHCI Controller<\/td>\n<td>Intel C602J<\/td>\n<\/tr>\n<tr class=\"details\">\n<td class=\"label\">SATA 6Gbps AHCI Ports<\/td>\n<td>2<\/td>\n<\/tr>\n<tr class=\"details\">\n<td class=\"label\">SATA 6Gbps AHCI RAID Levels<\/td>\n<td>0,1<\/td>\n<\/tr>\n<tr class=\"details\">\n<td class=\"label\">SATA DOM<\/td>\n<td>2x DOM (Disk on Module) power connectors<\/td>\n<\/tr>\n<tr class=\"details\">\n<td class=\"label\">Integrated Graphics<\/td>\n<td>Yes<\/td>\n<\/tr>\n<tr class=\"details\">\n<td class=\"label\">VGA Ports<\/td>\n<td>1<\/td>\n<\/tr>\n<\/tbody>\n<\/table>\n","protected":false},"excerpt":{"rendered":"<h1><a href=\"https:\/\/gtmteknoloji.com\/teklif-talep\/\">TEKL\u0130F AL<\/a><\/h1>\n<h5 class=\"auto_h1\">Supermicro SuperServer 8048B-TR3F &#8211; 5x SATA\/SAS &#8211; 32x DDR3 &#8211; Dual 1-Gigabit Ethernet &#8211; 1400W Redundant<\/h5>\n","protected":false},"featured_media":6595,"template":"","meta":[],"product_brand":[338],"product_cat":[1794,1759],"product_tag":[2540,1797,2541],"class_list":{"0":"post-9849","1":"product","2":"type-product","3":"status-publish","4":"has-post-thumbnail","6":"product_brand-supermicro-server-turkiye","7":"product_cat-mp-server","8":"product_cat-server","9":"product_tag-4u-rackmount-tower","10":"product_tag-mp-server","11":"product_tag-sys-8048b-tr3f","13":"first","14":"instock","15":"taxable","16":"shipping-taxable","17":"product-type-external"},"yoast_head":"<!-- This site is optimized with the Yoast SEO Premium plugin v27.4 (Yoast SEO v27.4) - https:\/\/yoast.com\/product\/yoast-seo-premium-wordpress\/ -->\n<title>SuperServer 8048B-TR3F Server - GTM Teknoloji<\/title>\n<meta name=\"robots\" content=\"index, follow, max-snippet:-1, max-image-preview:large, max-video-preview:-1\" \/>\n<link rel=\"canonical\" href=\"https:\/\/gtmteknoloji.com\/b2b\/magaza\/server\/mp-server\/superserver-8048b-tr3f-server\/\" \/>\n<meta property=\"og:locale\" content=\"tr_TR\" \/>\n<meta property=\"og:type\" content=\"article\" \/>\n<meta property=\"og:title\" content=\"SuperServer 8048B-TR3F Server\" \/>\n<meta property=\"og:description\" content=\"TEKL\u0130F AL Supermicro SuperServer 8048B-TR3F - 5x SATA\/SAS - 32x DDR3 - Dual 1-Gigabit Ethernet - 1400W Redundant\" \/>\n<meta property=\"og:url\" content=\"https:\/\/gtmteknoloji.com\/b2b\/magaza\/server\/mp-server\/superserver-8048b-tr3f-server\/\" \/>\n<meta property=\"og:site_name\" content=\"GTM Teknoloji\" \/>\n<meta property=\"article:publisher\" content=\"https:\/\/www.facebook.com\/SupermicroTurkiye\/?locale=tr_TR\" \/>\n<meta property=\"article:modified_time\" content=\"2025-04-14T01:27:44+00:00\" \/>\n<meta property=\"og:image\" content=\"https:\/\/gtmteknoloji.com\/b2b\/wp-content\/uploads\/2021\/03\/SYS-8048B-TR3F.png\" \/>\n\t<meta property=\"og:image:width\" content=\"261\" \/>\n\t<meta property=\"og:image:height\" content=\"222\" \/>\n\t<meta property=\"og:image:type\" content=\"image\/png\" \/>\n<meta name=\"twitter:card\" content=\"summary_large_image\" \/>\n<meta name=\"twitter:site\" content=\"@gtmteknoloji\" \/>\n<meta name=\"twitter:label1\" content=\"Fiyat\" \/>\n\t<meta name=\"twitter:data1\" content=\"\" \/>\n\t<meta name=\"twitter:label2\" content=\"Durumu\" \/>\n\t<meta name=\"twitter:data2\" content=\"Stokta var\" \/>\n<script type=\"application\/ld+json\" class=\"yoast-schema-graph\">{\"@context\":\"https:\\\/\\\/schema.org\",\"@graph\":[{\"@type\":\"WebPage\",\"@id\":\"https:\\\/\\\/gtmteknoloji.com\\\/b2b\\\/magaza\\\/server\\\/mp-server\\\/superserver-8048b-tr3f-server\\\/\",\"url\":\"https:\\\/\\\/gtmteknoloji.com\\\/b2b\\\/magaza\\\/server\\\/mp-server\\\/superserver-8048b-tr3f-server\\\/\",\"name\":\"SuperServer 8048B-TR3F Server - GTM Teknoloji\",\"isPartOf\":{\"@id\":\"https:\\\/\\\/gtmteknoloji.com\\\/b2b\\\/#website\"},\"primaryImageOfPage\":{\"@id\":\"https:\\\/\\\/gtmteknoloji.com\\\/b2b\\\/magaza\\\/server\\\/mp-server\\\/superserver-8048b-tr3f-server\\\/#primaryimage\"},\"image\":{\"@id\":\"https:\\\/\\\/gtmteknoloji.com\\\/b2b\\\/magaza\\\/server\\\/mp-server\\\/superserver-8048b-tr3f-server\\\/#primaryimage\"},\"thumbnailUrl\":\"https:\\\/\\\/gtmteknoloji.com\\\/b2b\\\/wp-content\\\/uploads\\\/2021\\\/03\\\/SYS-8048B-TR3F.png\",\"datePublished\":\"2025-04-14T01:27:41+00:00\",\"dateModified\":\"2025-04-14T01:27:44+00:00\",\"breadcrumb\":{\"@id\":\"https:\\\/\\\/gtmteknoloji.com\\\/b2b\\\/magaza\\\/server\\\/mp-server\\\/superserver-8048b-tr3f-server\\\/#breadcrumb\"},\"inLanguage\":\"tr\",\"potentialAction\":[{\"@type\":\"ReadAction\",\"target\":[\"https:\\\/\\\/gtmteknoloji.com\\\/b2b\\\/magaza\\\/server\\\/mp-server\\\/superserver-8048b-tr3f-server\\\/\"]}]},{\"@type\":\"ImageObject\",\"inLanguage\":\"tr\",\"@id\":\"https:\\\/\\\/gtmteknoloji.com\\\/b2b\\\/magaza\\\/server\\\/mp-server\\\/superserver-8048b-tr3f-server\\\/#primaryimage\",\"url\":\"https:\\\/\\\/gtmteknoloji.com\\\/b2b\\\/wp-content\\\/uploads\\\/2021\\\/03\\\/SYS-8048B-TR3F.png\",\"contentUrl\":\"https:\\\/\\\/gtmteknoloji.com\\\/b2b\\\/wp-content\\\/uploads\\\/2021\\\/03\\\/SYS-8048B-TR3F.png\",\"width\":261,\"height\":222},{\"@type\":\"BreadcrumbList\",\"@id\":\"https:\\\/\\\/gtmteknoloji.com\\\/b2b\\\/magaza\\\/server\\\/mp-server\\\/superserver-8048b-tr3f-server\\\/#breadcrumb\",\"itemListElement\":[{\"@type\":\"ListItem\",\"position\":1,\"name\":\"Home\",\"item\":\"https:\\\/\\\/gtmteknoloji.com\\\/b2b\\\/\"},{\"@type\":\"ListItem\",\"position\":2,\"name\":\"Ma\u011faza\",\"item\":\"https:\\\/\\\/gtmteknoloji.com\\\/b2b\\\/magaza\\\/\"},{\"@type\":\"ListItem\",\"position\":3,\"name\":\"SuperServer 8048B-TR3F Server\"}]},{\"@type\":\"WebSite\",\"@id\":\"https:\\\/\\\/gtmteknoloji.com\\\/b2b\\\/#website\",\"url\":\"https:\\\/\\\/gtmteknoloji.com\\\/b2b\\\/\",\"name\":\"GTM Teknoloji\",\"description\":\"B2B Sat\u0131\u015f Portal\u0131\",\"publisher\":{\"@id\":\"https:\\\/\\\/gtmteknoloji.com\\\/b2b\\\/#organization\"},\"potentialAction\":[{\"@type\":\"SearchAction\",\"target\":{\"@type\":\"EntryPoint\",\"urlTemplate\":\"https:\\\/\\\/gtmteknoloji.com\\\/b2b\\\/?s={search_term_string}\"},\"query-input\":{\"@type\":\"PropertyValueSpecification\",\"valueRequired\":true,\"valueName\":\"search_term_string\"}}],\"inLanguage\":\"tr\"},{\"@type\":\"Organization\",\"@id\":\"https:\\\/\\\/gtmteknoloji.com\\\/b2b\\\/#organization\",\"name\":\"GTM Teknoloji\",\"url\":\"https:\\\/\\\/gtmteknoloji.com\\\/b2b\\\/\",\"logo\":{\"@type\":\"ImageObject\",\"inLanguage\":\"tr\",\"@id\":\"https:\\\/\\\/gtmteknoloji.com\\\/b2b\\\/#\\\/schema\\\/logo\\\/image\\\/\",\"url\":\"https:\\\/\\\/gtmteknoloji.com\\\/b2b\\\/wp-content\\\/uploads\\\/2020\\\/12\\\/GTM-logo.png\",\"contentUrl\":\"https:\\\/\\\/gtmteknoloji.com\\\/b2b\\\/wp-content\\\/uploads\\\/2020\\\/12\\\/GTM-logo.png\",\"width\":400,\"height\":400,\"caption\":\"GTM Teknoloji\"},\"image\":{\"@id\":\"https:\\\/\\\/gtmteknoloji.com\\\/b2b\\\/#\\\/schema\\\/logo\\\/image\\\/\"},\"sameAs\":[\"https:\\\/\\\/www.facebook.com\\\/SupermicroTurkiye\\\/?locale=tr_TR\",\"https:\\\/\\\/x.com\\\/gtmteknoloji\"]}]}<\/script>\n<meta property=\"product:brand\" content=\"Supermicro\" \/>\n<meta property=\"product:price:currency\" content=\"USD\" \/>\n<meta property=\"og:availability\" content=\"instock\" \/>\n<meta property=\"product:availability\" content=\"instock\" \/>\n<meta property=\"product:retailer_item_id\" content=\"SYS-8048B-001\" \/>\n<meta property=\"product:condition\" content=\"new\" \/>\n<!-- \/ Yoast SEO Premium plugin. -->","yoast_head_json":{"title":"SuperServer 8048B-TR3F Server - GTM Teknoloji","robots":{"index":"index","follow":"follow","max-snippet":"max-snippet:-1","max-image-preview":"max-image-preview:large","max-video-preview":"max-video-preview:-1"},"canonical":"https:\/\/gtmteknoloji.com\/b2b\/magaza\/server\/mp-server\/superserver-8048b-tr3f-server\/","og_locale":"tr_TR","og_type":"article","og_title":"SuperServer 8048B-TR3F Server","og_description":"TEKL\u0130F AL Supermicro SuperServer 8048B-TR3F - 5x SATA\/SAS - 32x DDR3 - Dual 1-Gigabit Ethernet - 1400W Redundant","og_url":"https:\/\/gtmteknoloji.com\/b2b\/magaza\/server\/mp-server\/superserver-8048b-tr3f-server\/","og_site_name":"GTM Teknoloji","article_publisher":"https:\/\/www.facebook.com\/SupermicroTurkiye\/?locale=tr_TR","article_modified_time":"2025-04-14T01:27:44+00:00","og_image":[{"width":261,"height":222,"url":"https:\/\/gtmteknoloji.com\/b2b\/wp-content\/uploads\/2021\/03\/SYS-8048B-TR3F.png","type":"image\/png"}],"twitter_card":"summary_large_image","twitter_site":"@gtmteknoloji","twitter_misc":{"Fiyat":"","Durumu":"Stokta var"},"schema":{"@context":"https:\/\/schema.org","@graph":[{"@type":"WebPage","@id":"https:\/\/gtmteknoloji.com\/b2b\/magaza\/server\/mp-server\/superserver-8048b-tr3f-server\/","url":"https:\/\/gtmteknoloji.com\/b2b\/magaza\/server\/mp-server\/superserver-8048b-tr3f-server\/","name":"SuperServer 8048B-TR3F Server - GTM Teknoloji","isPartOf":{"@id":"https:\/\/gtmteknoloji.com\/b2b\/#website"},"primaryImageOfPage":{"@id":"https:\/\/gtmteknoloji.com\/b2b\/magaza\/server\/mp-server\/superserver-8048b-tr3f-server\/#primaryimage"},"image":{"@id":"https:\/\/gtmteknoloji.com\/b2b\/magaza\/server\/mp-server\/superserver-8048b-tr3f-server\/#primaryimage"},"thumbnailUrl":"https:\/\/gtmteknoloji.com\/b2b\/wp-content\/uploads\/2021\/03\/SYS-8048B-TR3F.png","datePublished":"2025-04-14T01:27:41+00:00","dateModified":"2025-04-14T01:27:44+00:00","breadcrumb":{"@id":"https:\/\/gtmteknoloji.com\/b2b\/magaza\/server\/mp-server\/superserver-8048b-tr3f-server\/#breadcrumb"},"inLanguage":"tr","potentialAction":[{"@type":"ReadAction","target":["https:\/\/gtmteknoloji.com\/b2b\/magaza\/server\/mp-server\/superserver-8048b-tr3f-server\/"]}]},{"@type":"ImageObject","inLanguage":"tr","@id":"https:\/\/gtmteknoloji.com\/b2b\/magaza\/server\/mp-server\/superserver-8048b-tr3f-server\/#primaryimage","url":"https:\/\/gtmteknoloji.com\/b2b\/wp-content\/uploads\/2021\/03\/SYS-8048B-TR3F.png","contentUrl":"https:\/\/gtmteknoloji.com\/b2b\/wp-content\/uploads\/2021\/03\/SYS-8048B-TR3F.png","width":261,"height":222},{"@type":"BreadcrumbList","@id":"https:\/\/gtmteknoloji.com\/b2b\/magaza\/server\/mp-server\/superserver-8048b-tr3f-server\/#breadcrumb","itemListElement":[{"@type":"ListItem","position":1,"name":"Home","item":"https:\/\/gtmteknoloji.com\/b2b\/"},{"@type":"ListItem","position":2,"name":"Ma\u011faza","item":"https:\/\/gtmteknoloji.com\/b2b\/magaza\/"},{"@type":"ListItem","position":3,"name":"SuperServer 8048B-TR3F Server"}]},{"@type":"WebSite","@id":"https:\/\/gtmteknoloji.com\/b2b\/#website","url":"https:\/\/gtmteknoloji.com\/b2b\/","name":"GTM Teknoloji","description":"B2B Sat\u0131\u015f Portal\u0131","publisher":{"@id":"https:\/\/gtmteknoloji.com\/b2b\/#organization"},"potentialAction":[{"@type":"SearchAction","target":{"@type":"EntryPoint","urlTemplate":"https:\/\/gtmteknoloji.com\/b2b\/?s={search_term_string}"},"query-input":{"@type":"PropertyValueSpecification","valueRequired":true,"valueName":"search_term_string"}}],"inLanguage":"tr"},{"@type":"Organization","@id":"https:\/\/gtmteknoloji.com\/b2b\/#organization","name":"GTM Teknoloji","url":"https:\/\/gtmteknoloji.com\/b2b\/","logo":{"@type":"ImageObject","inLanguage":"tr","@id":"https:\/\/gtmteknoloji.com\/b2b\/#\/schema\/logo\/image\/","url":"https:\/\/gtmteknoloji.com\/b2b\/wp-content\/uploads\/2020\/12\/GTM-logo.png","contentUrl":"https:\/\/gtmteknoloji.com\/b2b\/wp-content\/uploads\/2020\/12\/GTM-logo.png","width":400,"height":400,"caption":"GTM Teknoloji"},"image":{"@id":"https:\/\/gtmteknoloji.com\/b2b\/#\/schema\/logo\/image\/"},"sameAs":["https:\/\/www.facebook.com\/SupermicroTurkiye\/?locale=tr_TR","https:\/\/x.com\/gtmteknoloji"]}]},"product_brand":"Supermicro","product_price_currency":"USD","og_availability":"instock","product_availability":"instock","product_retailer_item_id":"SYS-8048B-001","product_condition":"new"},"_links":{"self":[{"href":"https:\/\/gtmteknoloji.com\/b2b\/wp-json\/wp\/v2\/product\/9849","targetHints":{"allow":["GET"]}}],"collection":[{"href":"https:\/\/gtmteknoloji.com\/b2b\/wp-json\/wp\/v2\/product"}],"about":[{"href":"https:\/\/gtmteknoloji.com\/b2b\/wp-json\/wp\/v2\/types\/product"}],"version-history":[{"count":1,"href":"https:\/\/gtmteknoloji.com\/b2b\/wp-json\/wp\/v2\/product\/9849\/revisions"}],"predecessor-version":[{"id":9879,"href":"https:\/\/gtmteknoloji.com\/b2b\/wp-json\/wp\/v2\/product\/9849\/revisions\/9879"}],"wp:featuredmedia":[{"embeddable":true,"href":"https:\/\/gtmteknoloji.com\/b2b\/wp-json\/wp\/v2\/media\/6595"}],"wp:attachment":[{"href":"https:\/\/gtmteknoloji.com\/b2b\/wp-json\/wp\/v2\/media?parent=9849"}],"wp:term":[{"taxonomy":"product_brand","embeddable":true,"href":"https:\/\/gtmteknoloji.com\/b2b\/wp-json\/wp\/v2\/product_brand?post=9849"},{"taxonomy":"product_cat","embeddable":true,"href":"https:\/\/gtmteknoloji.com\/b2b\/wp-json\/wp\/v2\/product_cat?post=9849"},{"taxonomy":"product_tag","embeddable":true,"href":"https:\/\/gtmteknoloji.com\/b2b\/wp-json\/wp\/v2\/product_tag?post=9849"}],"curies":[{"name":"wp","href":"https:\/\/api.w.org\/{rel}","templated":true}]}}