{"id":9942,"date":"2025-04-14T04:27:53","date_gmt":"2025-04-14T01:27:53","guid":{"rendered":"https:\/\/gtmteknoloji.com\/b2b\/?post_type=product&#038;p=9942"},"modified":"2025-04-14T04:27:55","modified_gmt":"2025-04-14T01:27:55","slug":"blade-mbi-6418a-t7h-microblade","status":"publish","type":"product","link":"https:\/\/gtmteknoloji.com\/b2b\/magaza\/server\/blade\/microblade\/blade-mbi-6418a-t7h-microblade\/","title":{"rendered":"Blade MBI-6418A-T7H MicroBlade"},"content":{"rendered":"<table class=\"spec-key-features spec-table\" style=\"height: 703px;\" width=\"1004\">\n<tbody>\n<tr>\n<td valign=\"middle\" width=\"230\"><span class=\"tertiaryNavSection\">Key Features<\/span><\/p>\n<p><strong class=\"textA\">\u00a042U Raf ba\u015f\u0131na 784 adede kadar Avoton nodes (6272 cores)<br \/>\n% 99 Kablo azaltma<br \/>\n<\/strong><strong class=\"textA\">Mod\u00fcl ba\u015f\u0131na 4 ba\u011f\u0131ms\u0131z node,<br \/>\nHer node \u015funlar\u0131 destekler:<\/strong><\/p>\n<div class=\"keyFeaturesLine\">\n<p><span class=\"keyFeatures\">1. 1x Intel\u00ae Atom\u2122 C2750 (8-Core,<\/p>\n<p>2.4GHz) with 2x 2.5Gb\/s network<\/p>\n<p>connectivity per node<\/span><\/p>\n<div class=\"keyFeaturesLine\"><\/div>\n<p><span class=\"keyFeatures\">2. Up to 32GB ECC DDR3 1600\/1333MHz<\/p>\n<p>SO-DIMM in 2x DIMM sockets per node<\/span><\/p>\n<div class=\"keyFeaturesLine\"><\/div>\n<p><span class=\"keyFeatures\">3. 1x 2.5&#8243; 6Gb\/s SATA3 HDD\/SSD and<\/p>\n<p>1x SATA3 DOM per node<\/span><\/p>\n<p><em><strong>\u00d6nemli Not: MicroBlade (Atom tabanl\u0131) yaln\u0131zca tam olarak yap\u0131land\u0131r\u0131lm\u0131\u015f CPU&#8217;lar, Bellek, HDD \/ SSD ve \/ veya SATA DOM i\u00e7eren eksiksiz bir sistem olarak sat\u0131l\u0131r.<\/strong><\/em><\/p>\n<\/div>\n<\/td>\n<\/tr>\n<\/tbody>\n<\/table>\n","protected":false},"excerpt":{"rendered":"<h1><a href=\"https:\/\/gtmteknoloji.com\/teklif-talep\/\">TEKL\u0130F A<\/a>L<\/h1>\n<div class=\"container_16 systembucket bucket4925\">\n<div class=\"grid_14 products\">\n<div><label for=\"p_4925_11716\">Supermicro MicroBlade MBI-6418A-T7H<\/label><\/div>\n<\/div>\n<\/div>\n","protected":false},"featured_media":7130,"template":"","meta":[],"product_brand":[338],"product_cat":[2574,2625,1759],"product_tag":[2576,2577,2578,2644,2627],"class_list":{"0":"post-9942","1":"product","2":"type-product","3":"status-publish","4":"has-post-thumbnail","6":"product_brand-supermicro","7":"product_cat-blade","8":"product_cat-microblade","9":"product_cat-server","10":"product_tag-blade","11":"product_tag-density-and-efficiency","12":"product_tag-high-performance","13":"product_tag-mbi-6418a-t7h","14":"product_tag-microblade","16":"first","17":"instock","18":"taxable","19":"shipping-taxable","20":"product-type-external"},"yoast_head":"<!-- This site is optimized with the Yoast SEO Premium plugin v26.8 (Yoast SEO v26.8) - https:\/\/yoast.com\/product\/yoast-seo-premium-wordpress\/ -->\n<title>Blade MBI-6418A-T7H MicroBlade - GTM Teknoloji<\/title>\n<meta name=\"robots\" content=\"index, follow, max-snippet:-1, max-image-preview:large, max-video-preview:-1\" \/>\n<link rel=\"canonical\" href=\"https:\/\/gtmteknoloji.com\/b2b\/magaza\/server\/blade\/microblade\/blade-mbi-6418a-t7h-microblade\/\" \/>\n<meta property=\"og:locale\" content=\"tr_TR\" \/>\n<meta property=\"og:type\" content=\"article\" \/>\n<meta property=\"og:title\" content=\"Blade MBI-6418A-T7H MicroBlade\" \/>\n<meta property=\"og:description\" content=\"TEKL\u0130F AL   Supermicro MicroBlade MBI-6418A-T7H\" \/>\n<meta property=\"og:url\" content=\"https:\/\/gtmteknoloji.com\/b2b\/magaza\/server\/blade\/microblade\/blade-mbi-6418a-t7h-microblade\/\" \/>\n<meta property=\"og:site_name\" content=\"GTM Teknoloji\" \/>\n<meta property=\"article:publisher\" content=\"https:\/\/www.facebook.com\/SupermicroTurkiye\/?locale=tr_TR\" \/>\n<meta property=\"article:modified_time\" content=\"2025-04-14T01:27:55+00:00\" \/>\n<meta property=\"og:image\" content=\"https:\/\/gtmteknoloji.com\/b2b\/wp-content\/uploads\/2021\/04\/MBI-6418A-T7H_spec-1.png\" \/>\n\t<meta property=\"og:image:width\" content=\"261\" \/>\n\t<meta property=\"og:image:height\" content=\"222\" \/>\n\t<meta property=\"og:image:type\" content=\"image\/png\" \/>\n<meta name=\"twitter:card\" content=\"summary_large_image\" \/>\n<meta name=\"twitter:site\" content=\"@gtmteknoloji\" \/>\n<meta name=\"twitter:label1\" content=\"Fiyat\" \/>\n\t<meta name=\"twitter:data1\" content=\"\" \/>\n\t<meta name=\"twitter:label2\" content=\"Durumu\" \/>\n\t<meta name=\"twitter:data2\" content=\"Stokta var\" \/>\n<script type=\"application\/ld+json\" class=\"yoast-schema-graph\">{\"@context\":\"https:\/\/schema.org\",\"@graph\":[{\"@type\":\"WebPage\",\"@id\":\"https:\/\/gtmteknoloji.com\/b2b\/magaza\/server\/blade\/microblade\/blade-mbi-6418a-t7h-microblade\/\",\"url\":\"https:\/\/gtmteknoloji.com\/b2b\/magaza\/server\/blade\/microblade\/blade-mbi-6418a-t7h-microblade\/\",\"name\":\"Blade MBI-6418A-T7H MicroBlade - GTM Teknoloji\",\"isPartOf\":{\"@id\":\"https:\/\/gtmteknoloji.com\/b2b\/#website\"},\"primaryImageOfPage\":{\"@id\":\"https:\/\/gtmteknoloji.com\/b2b\/magaza\/server\/blade\/microblade\/blade-mbi-6418a-t7h-microblade\/#primaryimage\"},\"image\":{\"@id\":\"https:\/\/gtmteknoloji.com\/b2b\/magaza\/server\/blade\/microblade\/blade-mbi-6418a-t7h-microblade\/#primaryimage\"},\"thumbnailUrl\":\"https:\/\/gtmteknoloji.com\/b2b\/wp-content\/uploads\/2021\/04\/MBI-6418A-T7H_spec-1.png\",\"datePublished\":\"2025-04-14T01:27:53+00:00\",\"dateModified\":\"2025-04-14T01:27:55+00:00\",\"breadcrumb\":{\"@id\":\"https:\/\/gtmteknoloji.com\/b2b\/magaza\/server\/blade\/microblade\/blade-mbi-6418a-t7h-microblade\/#breadcrumb\"},\"inLanguage\":\"tr\",\"potentialAction\":[{\"@type\":\"ReadAction\",\"target\":[\"https:\/\/gtmteknoloji.com\/b2b\/magaza\/server\/blade\/microblade\/blade-mbi-6418a-t7h-microblade\/\"]}]},{\"@type\":\"ImageObject\",\"inLanguage\":\"tr\",\"@id\":\"https:\/\/gtmteknoloji.com\/b2b\/magaza\/server\/blade\/microblade\/blade-mbi-6418a-t7h-microblade\/#primaryimage\",\"url\":\"https:\/\/gtmteknoloji.com\/b2b\/wp-content\/uploads\/2021\/04\/MBI-6418A-T7H_spec-1.png\",\"contentUrl\":\"https:\/\/gtmteknoloji.com\/b2b\/wp-content\/uploads\/2021\/04\/MBI-6418A-T7H_spec-1.png\",\"width\":261,\"height\":222},{\"@type\":\"BreadcrumbList\",\"@id\":\"https:\/\/gtmteknoloji.com\/b2b\/magaza\/server\/blade\/microblade\/blade-mbi-6418a-t7h-microblade\/#breadcrumb\",\"itemListElement\":[{\"@type\":\"ListItem\",\"position\":1,\"name\":\"Home\",\"item\":\"https:\/\/gtmteknoloji.com\/b2b\/\"},{\"@type\":\"ListItem\",\"position\":2,\"name\":\"Ma\u011faza\",\"item\":\"https:\/\/gtmteknoloji.com\/b2b\/magaza\/\"},{\"@type\":\"ListItem\",\"position\":3,\"name\":\"Blade MBI-6418A-T7H MicroBlade\"}]},{\"@type\":\"WebSite\",\"@id\":\"https:\/\/gtmteknoloji.com\/b2b\/#website\",\"url\":\"https:\/\/gtmteknoloji.com\/b2b\/\",\"name\":\"GTM Teknoloji\",\"description\":\"B2B Sat\u0131\u015f Portal\u0131\",\"publisher\":{\"@id\":\"https:\/\/gtmteknoloji.com\/b2b\/#organization\"},\"potentialAction\":[{\"@type\":\"SearchAction\",\"target\":{\"@type\":\"EntryPoint\",\"urlTemplate\":\"https:\/\/gtmteknoloji.com\/b2b\/?s={search_term_string}\"},\"query-input\":{\"@type\":\"PropertyValueSpecification\",\"valueRequired\":true,\"valueName\":\"search_term_string\"}}],\"inLanguage\":\"tr\"},{\"@type\":\"Organization\",\"@id\":\"https:\/\/gtmteknoloji.com\/b2b\/#organization\",\"name\":\"GTM Teknoloji\",\"url\":\"https:\/\/gtmteknoloji.com\/b2b\/\",\"logo\":{\"@type\":\"ImageObject\",\"inLanguage\":\"tr\",\"@id\":\"https:\/\/gtmteknoloji.com\/b2b\/#\/schema\/logo\/image\/\",\"url\":\"https:\/\/gtmteknoloji.com\/b2b\/wp-content\/uploads\/2020\/12\/GTM-logo.png\",\"contentUrl\":\"https:\/\/gtmteknoloji.com\/b2b\/wp-content\/uploads\/2020\/12\/GTM-logo.png\",\"width\":400,\"height\":400,\"caption\":\"GTM Teknoloji\"},\"image\":{\"@id\":\"https:\/\/gtmteknoloji.com\/b2b\/#\/schema\/logo\/image\/\"},\"sameAs\":[\"https:\/\/www.facebook.com\/SupermicroTurkiye\/?locale=tr_TR\",\"https:\/\/x.com\/gtmteknoloji\"]}]}<\/script>\n<meta property=\"product:brand\" content=\"Supermicro\" \/>\n<meta property=\"product:price:currency\" content=\"USD\" \/>\n<meta property=\"og:availability\" content=\"instock\" \/>\n<meta property=\"product:availability\" content=\"instock\" \/>\n<meta property=\"product:retailer_item_id\" content=\"MBI-6418A-002\" \/>\n<meta property=\"product:condition\" content=\"new\" \/>\n<!-- \/ Yoast SEO Premium plugin. -->","yoast_head_json":{"title":"Blade MBI-6418A-T7H MicroBlade - GTM Teknoloji","robots":{"index":"index","follow":"follow","max-snippet":"max-snippet:-1","max-image-preview":"max-image-preview:large","max-video-preview":"max-video-preview:-1"},"canonical":"https:\/\/gtmteknoloji.com\/b2b\/magaza\/server\/blade\/microblade\/blade-mbi-6418a-t7h-microblade\/","og_locale":"tr_TR","og_type":"article","og_title":"Blade MBI-6418A-T7H MicroBlade","og_description":"TEKL\u0130F AL   Supermicro MicroBlade MBI-6418A-T7H","og_url":"https:\/\/gtmteknoloji.com\/b2b\/magaza\/server\/blade\/microblade\/blade-mbi-6418a-t7h-microblade\/","og_site_name":"GTM Teknoloji","article_publisher":"https:\/\/www.facebook.com\/SupermicroTurkiye\/?locale=tr_TR","article_modified_time":"2025-04-14T01:27:55+00:00","og_image":[{"width":261,"height":222,"url":"https:\/\/gtmteknoloji.com\/b2b\/wp-content\/uploads\/2021\/04\/MBI-6418A-T7H_spec-1.png","type":"image\/png"}],"twitter_card":"summary_large_image","twitter_site":"@gtmteknoloji","twitter_misc":{"Fiyat":"","Durumu":"Stokta var"},"schema":{"@context":"https:\/\/schema.org","@graph":[{"@type":"WebPage","@id":"https:\/\/gtmteknoloji.com\/b2b\/magaza\/server\/blade\/microblade\/blade-mbi-6418a-t7h-microblade\/","url":"https:\/\/gtmteknoloji.com\/b2b\/magaza\/server\/blade\/microblade\/blade-mbi-6418a-t7h-microblade\/","name":"Blade MBI-6418A-T7H MicroBlade - GTM Teknoloji","isPartOf":{"@id":"https:\/\/gtmteknoloji.com\/b2b\/#website"},"primaryImageOfPage":{"@id":"https:\/\/gtmteknoloji.com\/b2b\/magaza\/server\/blade\/microblade\/blade-mbi-6418a-t7h-microblade\/#primaryimage"},"image":{"@id":"https:\/\/gtmteknoloji.com\/b2b\/magaza\/server\/blade\/microblade\/blade-mbi-6418a-t7h-microblade\/#primaryimage"},"thumbnailUrl":"https:\/\/gtmteknoloji.com\/b2b\/wp-content\/uploads\/2021\/04\/MBI-6418A-T7H_spec-1.png","datePublished":"2025-04-14T01:27:53+00:00","dateModified":"2025-04-14T01:27:55+00:00","breadcrumb":{"@id":"https:\/\/gtmteknoloji.com\/b2b\/magaza\/server\/blade\/microblade\/blade-mbi-6418a-t7h-microblade\/#breadcrumb"},"inLanguage":"tr","potentialAction":[{"@type":"ReadAction","target":["https:\/\/gtmteknoloji.com\/b2b\/magaza\/server\/blade\/microblade\/blade-mbi-6418a-t7h-microblade\/"]}]},{"@type":"ImageObject","inLanguage":"tr","@id":"https:\/\/gtmteknoloji.com\/b2b\/magaza\/server\/blade\/microblade\/blade-mbi-6418a-t7h-microblade\/#primaryimage","url":"https:\/\/gtmteknoloji.com\/b2b\/wp-content\/uploads\/2021\/04\/MBI-6418A-T7H_spec-1.png","contentUrl":"https:\/\/gtmteknoloji.com\/b2b\/wp-content\/uploads\/2021\/04\/MBI-6418A-T7H_spec-1.png","width":261,"height":222},{"@type":"BreadcrumbList","@id":"https:\/\/gtmteknoloji.com\/b2b\/magaza\/server\/blade\/microblade\/blade-mbi-6418a-t7h-microblade\/#breadcrumb","itemListElement":[{"@type":"ListItem","position":1,"name":"Home","item":"https:\/\/gtmteknoloji.com\/b2b\/"},{"@type":"ListItem","position":2,"name":"Ma\u011faza","item":"https:\/\/gtmteknoloji.com\/b2b\/magaza\/"},{"@type":"ListItem","position":3,"name":"Blade MBI-6418A-T7H MicroBlade"}]},{"@type":"WebSite","@id":"https:\/\/gtmteknoloji.com\/b2b\/#website","url":"https:\/\/gtmteknoloji.com\/b2b\/","name":"GTM Teknoloji","description":"B2B Sat\u0131\u015f Portal\u0131","publisher":{"@id":"https:\/\/gtmteknoloji.com\/b2b\/#organization"},"potentialAction":[{"@type":"SearchAction","target":{"@type":"EntryPoint","urlTemplate":"https:\/\/gtmteknoloji.com\/b2b\/?s={search_term_string}"},"query-input":{"@type":"PropertyValueSpecification","valueRequired":true,"valueName":"search_term_string"}}],"inLanguage":"tr"},{"@type":"Organization","@id":"https:\/\/gtmteknoloji.com\/b2b\/#organization","name":"GTM Teknoloji","url":"https:\/\/gtmteknoloji.com\/b2b\/","logo":{"@type":"ImageObject","inLanguage":"tr","@id":"https:\/\/gtmteknoloji.com\/b2b\/#\/schema\/logo\/image\/","url":"https:\/\/gtmteknoloji.com\/b2b\/wp-content\/uploads\/2020\/12\/GTM-logo.png","contentUrl":"https:\/\/gtmteknoloji.com\/b2b\/wp-content\/uploads\/2020\/12\/GTM-logo.png","width":400,"height":400,"caption":"GTM Teknoloji"},"image":{"@id":"https:\/\/gtmteknoloji.com\/b2b\/#\/schema\/logo\/image\/"},"sameAs":["https:\/\/www.facebook.com\/SupermicroTurkiye\/?locale=tr_TR","https:\/\/x.com\/gtmteknoloji"]}]},"product_brand":"Supermicro","product_price_currency":"USD","og_availability":"instock","product_availability":"instock","product_retailer_item_id":"MBI-6418A-002","product_condition":"new"},"_links":{"self":[{"href":"https:\/\/gtmteknoloji.com\/b2b\/wp-json\/wp\/v2\/product\/9942","targetHints":{"allow":["GET"]}}],"collection":[{"href":"https:\/\/gtmteknoloji.com\/b2b\/wp-json\/wp\/v2\/product"}],"about":[{"href":"https:\/\/gtmteknoloji.com\/b2b\/wp-json\/wp\/v2\/types\/product"}],"version-history":[{"count":1,"href":"https:\/\/gtmteknoloji.com\/b2b\/wp-json\/wp\/v2\/product\/9942\/revisions"}],"predecessor-version":[{"id":9972,"href":"https:\/\/gtmteknoloji.com\/b2b\/wp-json\/wp\/v2\/product\/9942\/revisions\/9972"}],"wp:featuredmedia":[{"embeddable":true,"href":"https:\/\/gtmteknoloji.com\/b2b\/wp-json\/wp\/v2\/media\/7130"}],"wp:attachment":[{"href":"https:\/\/gtmteknoloji.com\/b2b\/wp-json\/wp\/v2\/media?parent=9942"}],"wp:term":[{"taxonomy":"product_brand","embeddable":true,"href":"https:\/\/gtmteknoloji.com\/b2b\/wp-json\/wp\/v2\/product_brand?post=9942"},{"taxonomy":"product_cat","embeddable":true,"href":"https:\/\/gtmteknoloji.com\/b2b\/wp-json\/wp\/v2\/product_cat?post=9942"},{"taxonomy":"product_tag","embeddable":true,"href":"https:\/\/gtmteknoloji.com\/b2b\/wp-json\/wp\/v2\/product_tag?post=9942"}],"curies":[{"name":"wp","href":"https:\/\/api.w.org\/{rel}","templated":true}]}}