{"id":9973,"date":"2025-04-14T04:27:56","date_gmt":"2025-04-14T01:27:56","guid":{"rendered":"https:\/\/gtmteknoloji.com\/b2b\/?post_type=product&#038;p=9973"},"modified":"2025-12-02T14:43:51","modified_gmt":"2025-12-02T11:43:51","slug":"superserver-sys-510p-m-server","status":"publish","type":"product","link":"https:\/\/gtmteknoloji.com\/b2b\/magaza\/server\/mainstream-server\/superserver-sys-510p-m-server\/","title":{"rendered":"SuperServer SYS-510P-M Server"},"content":{"rendered":"<p><span class=\"tertiaryNavSection\"><strong>Key Applications<\/strong><br \/>\n<\/span><span class=\"keyFeatures\">&#8211; Small Business<br \/>\n&#8211; Web\/Hosting Application<br \/>\n&#8211; Email\/Firewall\/Print Server<strong class=\"textA\"><br \/>\n<\/strong><\/span><\/p>\n<p><strong>Key Features<\/strong><\/p>\n<ol class=\"key-feature-list\">\n<li>Single Socket P+ (LGA-4189) 3rd Gen Intel\u00ae Xeon\u00ae Scalable processors. Up to 220W TDP.<\/li>\n<li>8 DIMMs; Supports 3DS DDR4-3200: RDIMM\/LRDIMM\/Intel\u00ae DCPMM<\/li>\n<li>1 PCI-E 4.0 x16 (FHHL) slot<\/li>\n<li>Intel\u00ae Ethernet Controller i350 2x 1GbE RJ45<\/li>\n<li>4x hot-swap 3.5&#8221; Hybrid SATA3\/NVMe drive bays, SAS3 with additional SAS controller card; Onboard 2x NVMe\/SATA M.2<\/li>\n<li>Single Platinum 500W Power Supply<\/li>\n<\/ol>\n","protected":false},"excerpt":{"rendered":"<h1><a href=\"https:\/\/gtmteknoloji.com\/teklif-talep\/\">TEKL\u0130F A<\/a>L<\/h1>\n<div class=\"container_16 systembucket bucket4925\">\n<div class=\"grid_14 products\">\n<div class=\"container spec-container\">\n<div class=\"spec-main \">\n<div class=\"sku\">\n<div class=\"container spec-container\">\n<div class=\"spec-main \">\n<div class=\"sku\">\n<div class=\"container spec-container\">\n<div class=\"spec-main \">\n<div class=\"sku\">\n<div class=\"container spec-container\">\n<div class=\"spec-main \">\n<div class=\"sku\">\n<div class=\"container spec-container\">\n<div class=\"spec-main \">\n<div class=\"sku\">\n<div class=\"container spec-container\">\n<div class=\"spec-main \">\n<div class=\"sku\">\n<div class=\"container spec-container\">\n<div class=\"spec-main \">\n<div class=\"sku\">\n<div class=\"container spec-container\">\n<div class=\"spec-main \">\n<div class=\"sku\">\n<div class=\"container spec-container\">\n<div class=\"spec-main \">\n<div class=\"sku\">\n<div class=\"container spec-container\">\n<div class=\"spec-main \">\n<div class=\"sku\">UP SuperServer SYS-510P-M<\/div>\n<\/div>\n<\/div>\n<\/div>\n<\/div>\n<\/div>\n<\/div>\n<\/div>\n<\/div>\n<\/div>\n<\/div>\n<\/div>\n<\/div>\n<\/div>\n<\/div>\n<\/div>\n<\/div>\n<\/div>\n<\/div>\n<\/div>\n<\/div>\n<\/div>\n<\/div>\n<\/div>\n<div class=\"dialog-off-canvas-main-canvas\" data-off-canvas-main-canvas=\"\">\n<div class=\"breadcrumbs\">\n<div class=\"container\">\n<div class=\"content-inner\">\n<div>\n<div id=\"block-gavias-emon-breadcrumbs\" class=\"block block-system block-system-breadcrumb-block no-title\">\n<div class=\"content block-content\"><\/div>\n<\/div>\n<\/div>\n<\/div>\n<\/div>\n<\/div>\n<\/div>\n<\/div>\n<\/div>\n<\/div>\n<\/div>\n<\/div>\n<\/div>\n<div class=\"dialog-off-canvas-main-canvas\" data-off-canvas-main-canvas=\"\">\n<div class=\"breadcrumbs\">\n<div class=\"container\">\n<div class=\"content-inner\">\n<div>\n<div id=\"block-gavias-emon-breadcrumbs\" class=\"block block-system block-system-breadcrumb-block no-title\">\n<div class=\"content block-content\"><\/div>\n<\/div>\n<\/div>\n<\/div>\n<\/div>\n<\/div>\n<\/div>\n<\/div>\n<\/div>\n","protected":false},"featured_media":11118,"template":"","meta":[],"product_brand":[338],"product_cat":[1762,1759],"product_tag":[2665,2666,2578,1764,1768,2678],"class_list":{"0":"post-9973","1":"product","2":"type-product","3":"status-publish","4":"has-post-thumbnail","6":"product_brand-supermicro-server-turkiye","7":"product_cat-mainstream-server","8":"product_cat-server","9":"product_tag-3-nesil-intel-xeon","10":"product_tag-3rd-gen-intel-xeon-scalable","11":"product_tag-high-performance","12":"product_tag-mainstream-server","13":"product_tag-superserver","14":"product_tag-sys-510p-m","16":"first","17":"instock","18":"taxable","19":"shipping-taxable","20":"product-type-external"},"yoast_head":"<!-- This site is optimized with the Yoast SEO Premium plugin v27.4 (Yoast SEO v27.4) - https:\/\/yoast.com\/product\/yoast-seo-premium-wordpress\/ -->\n<title>Supermicro 1U 3 Gen Xeon Server: K\u00fc\u00e7\u00fck \u0130\u015fletmeler \u0130\u00e7in \u0130deal - GTM Teknoloji<\/title>\n<meta name=\"description\" content=\"K\u00fc\u00e7\u00fck i\u015fletmeler ve web bar\u0131nd\u0131rma \u00e7\u00f6z\u00fcmleri i\u00e7in tasarlanm\u0131\u015f Supermicro 1U 3 Gen Xeon Sunucusu ile performans\u0131 art\u0131r\u0131n. Hemen ke\u015ffedin!\" \/>\n<meta name=\"robots\" content=\"index, follow, max-snippet:-1, max-image-preview:large, max-video-preview:-1\" \/>\n<link rel=\"canonical\" href=\"https:\/\/gtmteknoloji.com\/b2b\/magaza\/server\/mainstream-server\/superserver-sys-510p-m-server\/\" \/>\n<meta property=\"og:locale\" content=\"tr_TR\" \/>\n<meta property=\"og:type\" content=\"article\" \/>\n<meta property=\"og:title\" content=\"SuperServer SYS-510P-M Server\" \/>\n<meta property=\"og:description\" content=\"K\u00fc\u00e7\u00fck i\u015fletmeler ve web bar\u0131nd\u0131rma \u00e7\u00f6z\u00fcmleri i\u00e7in tasarlanm\u0131\u015f Supermicro 1U 3 Gen Xeon Sunucusu ile performans\u0131 art\u0131r\u0131n. Hemen ke\u015ffedin!\" \/>\n<meta property=\"og:url\" content=\"https:\/\/gtmteknoloji.com\/b2b\/magaza\/server\/mainstream-server\/superserver-sys-510p-m-server\/\" \/>\n<meta property=\"og:site_name\" content=\"GTM Teknoloji\" \/>\n<meta property=\"article:publisher\" content=\"https:\/\/www.facebook.com\/SupermicroTurkiye\/?locale=tr_TR\" \/>\n<meta property=\"article:modified_time\" content=\"2025-12-02T11:43:51+00:00\" \/>\n<meta property=\"og:image\" content=\"https:\/\/gtmteknoloji.com\/b2b\/wp-content\/uploads\/2025\/04\/supermicro-1u-sys-510p-m-server-gtm-teknoloji.webp\" \/>\n\t<meta property=\"og:image:width\" content=\"1000\" \/>\n\t<meta property=\"og:image:height\" content=\"1000\" \/>\n\t<meta property=\"og:image:type\" content=\"image\/webp\" \/>\n<meta name=\"twitter:card\" content=\"summary_large_image\" \/>\n<meta name=\"twitter:site\" content=\"@gtmteknoloji\" \/>\n<meta name=\"twitter:label1\" content=\"Fiyat\" \/>\n\t<meta name=\"twitter:data1\" content=\"\" \/>\n\t<meta name=\"twitter:label2\" content=\"Durumu\" \/>\n\t<meta name=\"twitter:data2\" content=\"Stokta var\" \/>\n<script type=\"application\/ld+json\" class=\"yoast-schema-graph\">{\"@context\":\"https:\\\/\\\/schema.org\",\"@graph\":[{\"@type\":\"WebPage\",\"@id\":\"https:\\\/\\\/gtmteknoloji.com\\\/b2b\\\/magaza\\\/server\\\/mainstream-server\\\/superserver-sys-510p-m-server\\\/\",\"url\":\"https:\\\/\\\/gtmteknoloji.com\\\/b2b\\\/magaza\\\/server\\\/mainstream-server\\\/superserver-sys-510p-m-server\\\/\",\"name\":\"Supermicro 1U 3 Gen Xeon Server: K\u00fc\u00e7\u00fck \u0130\u015fletmeler \u0130\u00e7in \u0130deal - GTM Teknoloji\",\"isPartOf\":{\"@id\":\"https:\\\/\\\/gtmteknoloji.com\\\/b2b\\\/#website\"},\"primaryImageOfPage\":{\"@id\":\"https:\\\/\\\/gtmteknoloji.com\\\/b2b\\\/magaza\\\/server\\\/mainstream-server\\\/superserver-sys-510p-m-server\\\/#primaryimage\"},\"image\":{\"@id\":\"https:\\\/\\\/gtmteknoloji.com\\\/b2b\\\/magaza\\\/server\\\/mainstream-server\\\/superserver-sys-510p-m-server\\\/#primaryimage\"},\"thumbnailUrl\":\"https:\\\/\\\/gtmteknoloji.com\\\/b2b\\\/wp-content\\\/uploads\\\/2025\\\/04\\\/supermicro-1u-sys-510p-m-server-gtm-teknoloji.webp\",\"datePublished\":\"2025-04-14T01:27:56+00:00\",\"dateModified\":\"2025-12-02T11:43:51+00:00\",\"description\":\"K\u00fc\u00e7\u00fck i\u015fletmeler ve web bar\u0131nd\u0131rma \u00e7\u00f6z\u00fcmleri i\u00e7in tasarlanm\u0131\u015f Supermicro 1U 3 Gen Xeon Sunucusu ile performans\u0131 art\u0131r\u0131n. Hemen ke\u015ffedin!\",\"breadcrumb\":{\"@id\":\"https:\\\/\\\/gtmteknoloji.com\\\/b2b\\\/magaza\\\/server\\\/mainstream-server\\\/superserver-sys-510p-m-server\\\/#breadcrumb\"},\"inLanguage\":\"tr\",\"potentialAction\":[{\"@type\":\"ReadAction\",\"target\":[\"https:\\\/\\\/gtmteknoloji.com\\\/b2b\\\/magaza\\\/server\\\/mainstream-server\\\/superserver-sys-510p-m-server\\\/\"]}]},{\"@type\":\"ImageObject\",\"inLanguage\":\"tr\",\"@id\":\"https:\\\/\\\/gtmteknoloji.com\\\/b2b\\\/magaza\\\/server\\\/mainstream-server\\\/superserver-sys-510p-m-server\\\/#primaryimage\",\"url\":\"https:\\\/\\\/gtmteknoloji.com\\\/b2b\\\/wp-content\\\/uploads\\\/2025\\\/04\\\/supermicro-1u-sys-510p-m-server-gtm-teknoloji.webp\",\"contentUrl\":\"https:\\\/\\\/gtmteknoloji.com\\\/b2b\\\/wp-content\\\/uploads\\\/2025\\\/04\\\/supermicro-1u-sys-510p-m-server-gtm-teknoloji.webp\",\"width\":1000,\"height\":1000},{\"@type\":\"BreadcrumbList\",\"@id\":\"https:\\\/\\\/gtmteknoloji.com\\\/b2b\\\/magaza\\\/server\\\/mainstream-server\\\/superserver-sys-510p-m-server\\\/#breadcrumb\",\"itemListElement\":[{\"@type\":\"ListItem\",\"position\":1,\"name\":\"Home\",\"item\":\"https:\\\/\\\/gtmteknoloji.com\\\/b2b\\\/\"},{\"@type\":\"ListItem\",\"position\":2,\"name\":\"Ma\u011faza\",\"item\":\"https:\\\/\\\/gtmteknoloji.com\\\/b2b\\\/magaza\\\/\"},{\"@type\":\"ListItem\",\"position\":3,\"name\":\"SuperServer SYS-510P-M Server\"}]},{\"@type\":\"WebSite\",\"@id\":\"https:\\\/\\\/gtmteknoloji.com\\\/b2b\\\/#website\",\"url\":\"https:\\\/\\\/gtmteknoloji.com\\\/b2b\\\/\",\"name\":\"GTM Teknoloji\",\"description\":\"B2B Sat\u0131\u015f Portal\u0131\",\"publisher\":{\"@id\":\"https:\\\/\\\/gtmteknoloji.com\\\/b2b\\\/#organization\"},\"potentialAction\":[{\"@type\":\"SearchAction\",\"target\":{\"@type\":\"EntryPoint\",\"urlTemplate\":\"https:\\\/\\\/gtmteknoloji.com\\\/b2b\\\/?s={search_term_string}\"},\"query-input\":{\"@type\":\"PropertyValueSpecification\",\"valueRequired\":true,\"valueName\":\"search_term_string\"}}],\"inLanguage\":\"tr\"},{\"@type\":\"Organization\",\"@id\":\"https:\\\/\\\/gtmteknoloji.com\\\/b2b\\\/#organization\",\"name\":\"GTM Teknoloji\",\"url\":\"https:\\\/\\\/gtmteknoloji.com\\\/b2b\\\/\",\"logo\":{\"@type\":\"ImageObject\",\"inLanguage\":\"tr\",\"@id\":\"https:\\\/\\\/gtmteknoloji.com\\\/b2b\\\/#\\\/schema\\\/logo\\\/image\\\/\",\"url\":\"https:\\\/\\\/gtmteknoloji.com\\\/b2b\\\/wp-content\\\/uploads\\\/2020\\\/12\\\/GTM-logo.png\",\"contentUrl\":\"https:\\\/\\\/gtmteknoloji.com\\\/b2b\\\/wp-content\\\/uploads\\\/2020\\\/12\\\/GTM-logo.png\",\"width\":400,\"height\":400,\"caption\":\"GTM Teknoloji\"},\"image\":{\"@id\":\"https:\\\/\\\/gtmteknoloji.com\\\/b2b\\\/#\\\/schema\\\/logo\\\/image\\\/\"},\"sameAs\":[\"https:\\\/\\\/www.facebook.com\\\/SupermicroTurkiye\\\/?locale=tr_TR\",\"https:\\\/\\\/x.com\\\/gtmteknoloji\"]}]}<\/script>\n<meta property=\"product:brand\" content=\"Supermicro\" \/>\n<meta property=\"product:price:currency\" content=\"USD\" \/>\n<meta property=\"og:availability\" content=\"instock\" \/>\n<meta property=\"product:availability\" content=\"instock\" \/>\n<meta property=\"product:retailer_item_id\" content=\"SYS-510P-M\" \/>\n<meta property=\"product:condition\" content=\"new\" \/>\n<!-- \/ Yoast SEO Premium plugin. -->","yoast_head_json":{"title":"Supermicro 1U 3 Gen Xeon Server: K\u00fc\u00e7\u00fck \u0130\u015fletmeler \u0130\u00e7in \u0130deal - GTM Teknoloji","description":"K\u00fc\u00e7\u00fck i\u015fletmeler ve web bar\u0131nd\u0131rma \u00e7\u00f6z\u00fcmleri i\u00e7in tasarlanm\u0131\u015f Supermicro 1U 3 Gen Xeon Sunucusu ile performans\u0131 art\u0131r\u0131n. Hemen ke\u015ffedin!","robots":{"index":"index","follow":"follow","max-snippet":"max-snippet:-1","max-image-preview":"max-image-preview:large","max-video-preview":"max-video-preview:-1"},"canonical":"https:\/\/gtmteknoloji.com\/b2b\/magaza\/server\/mainstream-server\/superserver-sys-510p-m-server\/","og_locale":"tr_TR","og_type":"article","og_title":"SuperServer SYS-510P-M Server","og_description":"K\u00fc\u00e7\u00fck i\u015fletmeler ve web bar\u0131nd\u0131rma \u00e7\u00f6z\u00fcmleri i\u00e7in tasarlanm\u0131\u015f Supermicro 1U 3 Gen Xeon Sunucusu ile performans\u0131 art\u0131r\u0131n. Hemen ke\u015ffedin!","og_url":"https:\/\/gtmteknoloji.com\/b2b\/magaza\/server\/mainstream-server\/superserver-sys-510p-m-server\/","og_site_name":"GTM Teknoloji","article_publisher":"https:\/\/www.facebook.com\/SupermicroTurkiye\/?locale=tr_TR","article_modified_time":"2025-12-02T11:43:51+00:00","og_image":[{"width":1000,"height":1000,"url":"https:\/\/gtmteknoloji.com\/b2b\/wp-content\/uploads\/2025\/04\/supermicro-1u-sys-510p-m-server-gtm-teknoloji.webp","type":"image\/webp"}],"twitter_card":"summary_large_image","twitter_site":"@gtmteknoloji","twitter_misc":{"Fiyat":"","Durumu":"Stokta var"},"schema":{"@context":"https:\/\/schema.org","@graph":[{"@type":"WebPage","@id":"https:\/\/gtmteknoloji.com\/b2b\/magaza\/server\/mainstream-server\/superserver-sys-510p-m-server\/","url":"https:\/\/gtmteknoloji.com\/b2b\/magaza\/server\/mainstream-server\/superserver-sys-510p-m-server\/","name":"Supermicro 1U 3 Gen Xeon Server: K\u00fc\u00e7\u00fck \u0130\u015fletmeler \u0130\u00e7in \u0130deal - GTM Teknoloji","isPartOf":{"@id":"https:\/\/gtmteknoloji.com\/b2b\/#website"},"primaryImageOfPage":{"@id":"https:\/\/gtmteknoloji.com\/b2b\/magaza\/server\/mainstream-server\/superserver-sys-510p-m-server\/#primaryimage"},"image":{"@id":"https:\/\/gtmteknoloji.com\/b2b\/magaza\/server\/mainstream-server\/superserver-sys-510p-m-server\/#primaryimage"},"thumbnailUrl":"https:\/\/gtmteknoloji.com\/b2b\/wp-content\/uploads\/2025\/04\/supermicro-1u-sys-510p-m-server-gtm-teknoloji.webp","datePublished":"2025-04-14T01:27:56+00:00","dateModified":"2025-12-02T11:43:51+00:00","description":"K\u00fc\u00e7\u00fck i\u015fletmeler ve web bar\u0131nd\u0131rma \u00e7\u00f6z\u00fcmleri i\u00e7in tasarlanm\u0131\u015f Supermicro 1U 3 Gen Xeon Sunucusu ile performans\u0131 art\u0131r\u0131n. Hemen ke\u015ffedin!","breadcrumb":{"@id":"https:\/\/gtmteknoloji.com\/b2b\/magaza\/server\/mainstream-server\/superserver-sys-510p-m-server\/#breadcrumb"},"inLanguage":"tr","potentialAction":[{"@type":"ReadAction","target":["https:\/\/gtmteknoloji.com\/b2b\/magaza\/server\/mainstream-server\/superserver-sys-510p-m-server\/"]}]},{"@type":"ImageObject","inLanguage":"tr","@id":"https:\/\/gtmteknoloji.com\/b2b\/magaza\/server\/mainstream-server\/superserver-sys-510p-m-server\/#primaryimage","url":"https:\/\/gtmteknoloji.com\/b2b\/wp-content\/uploads\/2025\/04\/supermicro-1u-sys-510p-m-server-gtm-teknoloji.webp","contentUrl":"https:\/\/gtmteknoloji.com\/b2b\/wp-content\/uploads\/2025\/04\/supermicro-1u-sys-510p-m-server-gtm-teknoloji.webp","width":1000,"height":1000},{"@type":"BreadcrumbList","@id":"https:\/\/gtmteknoloji.com\/b2b\/magaza\/server\/mainstream-server\/superserver-sys-510p-m-server\/#breadcrumb","itemListElement":[{"@type":"ListItem","position":1,"name":"Home","item":"https:\/\/gtmteknoloji.com\/b2b\/"},{"@type":"ListItem","position":2,"name":"Ma\u011faza","item":"https:\/\/gtmteknoloji.com\/b2b\/magaza\/"},{"@type":"ListItem","position":3,"name":"SuperServer SYS-510P-M Server"}]},{"@type":"WebSite","@id":"https:\/\/gtmteknoloji.com\/b2b\/#website","url":"https:\/\/gtmteknoloji.com\/b2b\/","name":"GTM Teknoloji","description":"B2B Sat\u0131\u015f Portal\u0131","publisher":{"@id":"https:\/\/gtmteknoloji.com\/b2b\/#organization"},"potentialAction":[{"@type":"SearchAction","target":{"@type":"EntryPoint","urlTemplate":"https:\/\/gtmteknoloji.com\/b2b\/?s={search_term_string}"},"query-input":{"@type":"PropertyValueSpecification","valueRequired":true,"valueName":"search_term_string"}}],"inLanguage":"tr"},{"@type":"Organization","@id":"https:\/\/gtmteknoloji.com\/b2b\/#organization","name":"GTM Teknoloji","url":"https:\/\/gtmteknoloji.com\/b2b\/","logo":{"@type":"ImageObject","inLanguage":"tr","@id":"https:\/\/gtmteknoloji.com\/b2b\/#\/schema\/logo\/image\/","url":"https:\/\/gtmteknoloji.com\/b2b\/wp-content\/uploads\/2020\/12\/GTM-logo.png","contentUrl":"https:\/\/gtmteknoloji.com\/b2b\/wp-content\/uploads\/2020\/12\/GTM-logo.png","width":400,"height":400,"caption":"GTM Teknoloji"},"image":{"@id":"https:\/\/gtmteknoloji.com\/b2b\/#\/schema\/logo\/image\/"},"sameAs":["https:\/\/www.facebook.com\/SupermicroTurkiye\/?locale=tr_TR","https:\/\/x.com\/gtmteknoloji"]}]},"product_brand":"Supermicro","product_price_currency":"USD","og_availability":"instock","product_availability":"instock","product_retailer_item_id":"SYS-510P-M","product_condition":"new"},"_links":{"self":[{"href":"https:\/\/gtmteknoloji.com\/b2b\/wp-json\/wp\/v2\/product\/9973","targetHints":{"allow":["GET"]}}],"collection":[{"href":"https:\/\/gtmteknoloji.com\/b2b\/wp-json\/wp\/v2\/product"}],"about":[{"href":"https:\/\/gtmteknoloji.com\/b2b\/wp-json\/wp\/v2\/types\/product"}],"version-history":[{"count":1,"href":"https:\/\/gtmteknoloji.com\/b2b\/wp-json\/wp\/v2\/product\/9973\/revisions"}],"predecessor-version":[{"id":10003,"href":"https:\/\/gtmteknoloji.com\/b2b\/wp-json\/wp\/v2\/product\/9973\/revisions\/10003"}],"wp:featuredmedia":[{"embeddable":true,"href":"https:\/\/gtmteknoloji.com\/b2b\/wp-json\/wp\/v2\/media\/11118"}],"wp:attachment":[{"href":"https:\/\/gtmteknoloji.com\/b2b\/wp-json\/wp\/v2\/media?parent=9973"}],"wp:term":[{"taxonomy":"product_brand","embeddable":true,"href":"https:\/\/gtmteknoloji.com\/b2b\/wp-json\/wp\/v2\/product_brand?post=9973"},{"taxonomy":"product_cat","embeddable":true,"href":"https:\/\/gtmteknoloji.com\/b2b\/wp-json\/wp\/v2\/product_cat?post=9973"},{"taxonomy":"product_tag","embeddable":true,"href":"https:\/\/gtmteknoloji.com\/b2b\/wp-json\/wp\/v2\/product_tag?post=9973"}],"curies":[{"name":"wp","href":"https:\/\/api.w.org\/{rel}","templated":true}]}}